{"id":8886,"date":"2026-04-18T10:05:08","date_gmt":"2026-04-18T13:05:08","guid":{"rendered":"https:\/\/www.floriculturacheiroverde.com\/novo\/?post_type=product&#038;p=8886"},"modified":"2026-04-18T10:05:08","modified_gmt":"2026-04-18T13:05:08","slug":"a-noite-de-van-gogh-cod-a-200","status":"publish","type":"product","link":"https:\/\/www.floriculturacheiroverde.com\/novo\/produto\/a-noite-de-van-gogh-cod-a-200\/","title":{"rendered":"A noite, De Van Gogh. Cod. A-200"},"content":{"rendered":"","protected":false},"excerpt":{"rendered":"<p><span style=\"color: #000000\"><em><strong>Encantador Arranjo com 1 girassol e Mosquitinhos com Embalagem Coreana, e Tem\u00e1tico a Noite Estrelada de Van Gogh. \u00c9 um arranjo e Ele tem toda a vantagem de j\u00e1 vir montado na base floral com \u00e1gua, dispensando a necessidade de por em vaso de \u00e1gua, j\u00e1 vem prontinho.<\/strong><\/em><\/span><\/p>\n<p><span style=\"color: #0000ff\"><strong>Seu pedido \u00e9 Para Hoje? Compre pelo WhatsApp! (48) 99831-0602<br \/>\nCompras Pelo Site apenas com 2 dias de Anteced\u00eancia.<\/strong><\/span><\/p>\n","protected":false},"featured_media":8887,"template":"","meta":[],"product_brand":[],"product_cat":[172,159,155,156],"product_tag":[],"class_list":{"0":"post-8886","1":"product","2":"type-product","3":"status-publish","4":"has-post-thumbnail","6":"product_cat-arranjos-classicos","7":"product_cat-buques","8":"product_cat-dia-dos-namorados","9":"product_cat-dia-international-da-mulher","10":"tm-has-options","12":"first","13":"instock","14":"shipping-taxable","15":"purchasable","16":"product-type-simple"},"yoast_head":"<!-- This site is optimized with the Yoast SEO plugin v26.2 - https:\/\/yoast.com\/wordpress\/plugins\/seo\/ -->\n<title>A noite, De Van Gogh. Cod. A-200 - Floricultura Cheiro Verde<\/title>\n<meta name=\"robots\" content=\"index, follow, max-snippet:-1, max-image-preview:large, max-video-preview:-1\" \/>\n<link rel=\"canonical\" href=\"https:\/\/www.floriculturacheiroverde.com\/novo\/produto\/a-noite-de-van-gogh-cod-a-200\/\" \/>\n<meta property=\"og:locale\" content=\"pt_BR\" \/>\n<meta property=\"og:type\" content=\"article\" \/>\n<meta property=\"og:title\" content=\"A noite, De Van Gogh. Cod. A-200 - Floricultura Cheiro Verde\" \/>\n<meta property=\"og:description\" content=\"Encantador Arranjo com 1 girassol e Mosquitinhos com Embalagem Coreana, e Tem\u00e1tico a Noite Estrelada de Van Gogh. \u00c9 um arranjo e Ele tem toda a vantagem de j\u00e1 vir montado na base floral com \u00e1gua, dispensando a necessidade de por em vaso de \u00e1gua, j\u00e1 vem prontinho.  Seu pedido \u00e9 Para Hoje? Compre pelo WhatsApp! (48) 99831-0602 Compras Pelo Site apenas com 2 dias de Anteced\u00eancia.\" \/>\n<meta property=\"og:url\" content=\"https:\/\/www.floriculturacheiroverde.com\/novo\/produto\/a-noite-de-van-gogh-cod-a-200\/\" \/>\n<meta property=\"og:site_name\" content=\"Floricultura Cheiro Verde\" \/>\n<meta property=\"og:image\" content=\"https:\/\/www.floriculturacheiroverde.com\/novo\/wp-content\/uploads\/2026\/04\/WhatsApp-Image-2026-04-18-at-10.01.33.jpeg\" \/>\n\t<meta property=\"og:image:width\" content=\"1206\" \/>\n\t<meta property=\"og:image:height\" content=\"1455\" \/>\n\t<meta property=\"og:image:type\" content=\"image\/jpeg\" \/>\n<meta name=\"twitter:card\" content=\"summary_large_image\" \/>\n<meta name=\"twitter:label1\" content=\"Est. tempo de leitura\" \/>\n\t<meta name=\"twitter:data1\" content=\"1 minuto\" \/>\n<script type=\"application\/ld+json\" class=\"yoast-schema-graph\">{\"@context\":\"https:\/\/schema.org\",\"@graph\":[{\"@type\":\"WebPage\",\"@id\":\"https:\/\/www.floriculturacheiroverde.com\/novo\/produto\/a-noite-de-van-gogh-cod-a-200\/\",\"url\":\"https:\/\/www.floriculturacheiroverde.com\/novo\/produto\/a-noite-de-van-gogh-cod-a-200\/\",\"name\":\"A noite, De Van Gogh. Cod. A-200 - Floricultura Cheiro Verde\",\"isPartOf\":{\"@id\":\"https:\/\/www.floriculturacheiroverde.com\/novo\/#website\"},\"primaryImageOfPage\":{\"@id\":\"https:\/\/www.floriculturacheiroverde.com\/novo\/produto\/a-noite-de-van-gogh-cod-a-200\/#primaryimage\"},\"image\":{\"@id\":\"https:\/\/www.floriculturacheiroverde.com\/novo\/produto\/a-noite-de-van-gogh-cod-a-200\/#primaryimage\"},\"thumbnailUrl\":\"https:\/\/www.floriculturacheiroverde.com\/novo\/wp-content\/uploads\/2026\/04\/WhatsApp-Image-2026-04-18-at-10.01.33.jpeg\",\"datePublished\":\"2026-04-18T13:05:08+00:00\",\"breadcrumb\":{\"@id\":\"https:\/\/www.floriculturacheiroverde.com\/novo\/produto\/a-noite-de-van-gogh-cod-a-200\/#breadcrumb\"},\"inLanguage\":\"pt-BR\",\"potentialAction\":[{\"@type\":\"ReadAction\",\"target\":[\"https:\/\/www.floriculturacheiroverde.com\/novo\/produto\/a-noite-de-van-gogh-cod-a-200\/\"]}]},{\"@type\":\"ImageObject\",\"inLanguage\":\"pt-BR\",\"@id\":\"https:\/\/www.floriculturacheiroverde.com\/novo\/produto\/a-noite-de-van-gogh-cod-a-200\/#primaryimage\",\"url\":\"https:\/\/www.floriculturacheiroverde.com\/novo\/wp-content\/uploads\/2026\/04\/WhatsApp-Image-2026-04-18-at-10.01.33.jpeg\",\"contentUrl\":\"https:\/\/www.floriculturacheiroverde.com\/novo\/wp-content\/uploads\/2026\/04\/WhatsApp-Image-2026-04-18-at-10.01.33.jpeg\",\"width\":1206,\"height\":1455},{\"@type\":\"BreadcrumbList\",\"@id\":\"https:\/\/www.floriculturacheiroverde.com\/novo\/produto\/a-noite-de-van-gogh-cod-a-200\/#breadcrumb\",\"itemListElement\":[{\"@type\":\"ListItem\",\"position\":1,\"name\":\"In\u00edcio\",\"item\":\"https:\/\/www.floriculturacheiroverde.com\/novo\/\"},{\"@type\":\"ListItem\",\"position\":2,\"name\":\"Shop\",\"item\":\"https:\/\/www.floriculturacheiroverde.com\/novo\/shop\/\"},{\"@type\":\"ListItem\",\"position\":3,\"name\":\"A noite, De Van Gogh. Cod. A-200\"}]},{\"@type\":\"WebSite\",\"@id\":\"https:\/\/www.floriculturacheiroverde.com\/novo\/#website\",\"url\":\"https:\/\/www.floriculturacheiroverde.com\/novo\/\",\"name\":\"Floricultura Cheiro Verde\",\"description\":\"Compre Flores Online - Floricultura na Palho\u00e7a\",\"potentialAction\":[{\"@type\":\"SearchAction\",\"target\":{\"@type\":\"EntryPoint\",\"urlTemplate\":\"https:\/\/www.floriculturacheiroverde.com\/novo\/?s={search_term_string}\"},\"query-input\":{\"@type\":\"PropertyValueSpecification\",\"valueRequired\":true,\"valueName\":\"search_term_string\"}}],\"inLanguage\":\"pt-BR\"}]}<\/script>\n<!-- \/ Yoast SEO plugin. -->","yoast_head_json":{"title":"A noite, De Van Gogh. Cod. A-200 - Floricultura Cheiro Verde","robots":{"index":"index","follow":"follow","max-snippet":"max-snippet:-1","max-image-preview":"max-image-preview:large","max-video-preview":"max-video-preview:-1"},"canonical":"https:\/\/www.floriculturacheiroverde.com\/novo\/produto\/a-noite-de-van-gogh-cod-a-200\/","og_locale":"pt_BR","og_type":"article","og_title":"A noite, De Van Gogh. Cod. A-200 - Floricultura Cheiro Verde","og_description":"Encantador Arranjo com 1 girassol e Mosquitinhos com Embalagem Coreana, e Tem\u00e1tico a Noite Estrelada de Van Gogh. \u00c9 um arranjo e Ele tem toda a vantagem de j\u00e1 vir montado na base floral com \u00e1gua, dispensando a necessidade de por em vaso de \u00e1gua, j\u00e1 vem prontinho.  Seu pedido \u00e9 Para Hoje? Compre pelo WhatsApp! (48) 99831-0602 Compras Pelo Site apenas com 2 dias de Anteced\u00eancia.","og_url":"https:\/\/www.floriculturacheiroverde.com\/novo\/produto\/a-noite-de-van-gogh-cod-a-200\/","og_site_name":"Floricultura Cheiro Verde","og_image":[{"width":1206,"height":1455,"url":"https:\/\/www.floriculturacheiroverde.com\/novo\/wp-content\/uploads\/2026\/04\/WhatsApp-Image-2026-04-18-at-10.01.33.jpeg","type":"image\/jpeg"}],"twitter_card":"summary_large_image","twitter_misc":{"Est. tempo de leitura":"1 minuto"},"schema":{"@context":"https:\/\/schema.org","@graph":[{"@type":"WebPage","@id":"https:\/\/www.floriculturacheiroverde.com\/novo\/produto\/a-noite-de-van-gogh-cod-a-200\/","url":"https:\/\/www.floriculturacheiroverde.com\/novo\/produto\/a-noite-de-van-gogh-cod-a-200\/","name":"A noite, De Van Gogh. Cod. A-200 - Floricultura Cheiro Verde","isPartOf":{"@id":"https:\/\/www.floriculturacheiroverde.com\/novo\/#website"},"primaryImageOfPage":{"@id":"https:\/\/www.floriculturacheiroverde.com\/novo\/produto\/a-noite-de-van-gogh-cod-a-200\/#primaryimage"},"image":{"@id":"https:\/\/www.floriculturacheiroverde.com\/novo\/produto\/a-noite-de-van-gogh-cod-a-200\/#primaryimage"},"thumbnailUrl":"https:\/\/www.floriculturacheiroverde.com\/novo\/wp-content\/uploads\/2026\/04\/WhatsApp-Image-2026-04-18-at-10.01.33.jpeg","datePublished":"2026-04-18T13:05:08+00:00","breadcrumb":{"@id":"https:\/\/www.floriculturacheiroverde.com\/novo\/produto\/a-noite-de-van-gogh-cod-a-200\/#breadcrumb"},"inLanguage":"pt-BR","potentialAction":[{"@type":"ReadAction","target":["https:\/\/www.floriculturacheiroverde.com\/novo\/produto\/a-noite-de-van-gogh-cod-a-200\/"]}]},{"@type":"ImageObject","inLanguage":"pt-BR","@id":"https:\/\/www.floriculturacheiroverde.com\/novo\/produto\/a-noite-de-van-gogh-cod-a-200\/#primaryimage","url":"https:\/\/www.floriculturacheiroverde.com\/novo\/wp-content\/uploads\/2026\/04\/WhatsApp-Image-2026-04-18-at-10.01.33.jpeg","contentUrl":"https:\/\/www.floriculturacheiroverde.com\/novo\/wp-content\/uploads\/2026\/04\/WhatsApp-Image-2026-04-18-at-10.01.33.jpeg","width":1206,"height":1455},{"@type":"BreadcrumbList","@id":"https:\/\/www.floriculturacheiroverde.com\/novo\/produto\/a-noite-de-van-gogh-cod-a-200\/#breadcrumb","itemListElement":[{"@type":"ListItem","position":1,"name":"In\u00edcio","item":"https:\/\/www.floriculturacheiroverde.com\/novo\/"},{"@type":"ListItem","position":2,"name":"Shop","item":"https:\/\/www.floriculturacheiroverde.com\/novo\/shop\/"},{"@type":"ListItem","position":3,"name":"A noite, De Van Gogh. Cod. A-200"}]},{"@type":"WebSite","@id":"https:\/\/www.floriculturacheiroverde.com\/novo\/#website","url":"https:\/\/www.floriculturacheiroverde.com\/novo\/","name":"Floricultura Cheiro Verde","description":"Compre Flores Online - Floricultura na Palho\u00e7a","potentialAction":[{"@type":"SearchAction","target":{"@type":"EntryPoint","urlTemplate":"https:\/\/www.floriculturacheiroverde.com\/novo\/?s={search_term_string}"},"query-input":{"@type":"PropertyValueSpecification","valueRequired":true,"valueName":"search_term_string"}}],"inLanguage":"pt-BR"}]}},"_links":{"self":[{"href":"https:\/\/www.floriculturacheiroverde.com\/novo\/wp-json\/wp\/v2\/product\/8886","targetHints":{"allow":["GET"]}}],"collection":[{"href":"https:\/\/www.floriculturacheiroverde.com\/novo\/wp-json\/wp\/v2\/product"}],"about":[{"href":"https:\/\/www.floriculturacheiroverde.com\/novo\/wp-json\/wp\/v2\/types\/product"}],"wp:featuredmedia":[{"embeddable":true,"href":"https:\/\/www.floriculturacheiroverde.com\/novo\/wp-json\/wp\/v2\/media\/8887"}],"wp:attachment":[{"href":"https:\/\/www.floriculturacheiroverde.com\/novo\/wp-json\/wp\/v2\/media?parent=8886"}],"wp:term":[{"taxonomy":"product_brand","embeddable":true,"href":"https:\/\/www.floriculturacheiroverde.com\/novo\/wp-json\/wp\/v2\/product_brand?post=8886"},{"taxonomy":"product_cat","embeddable":true,"href":"https:\/\/www.floriculturacheiroverde.com\/novo\/wp-json\/wp\/v2\/product_cat?post=8886"},{"taxonomy":"product_tag","embeddable":true,"href":"https:\/\/www.floriculturacheiroverde.com\/novo\/wp-json\/wp\/v2\/product_tag?post=8886"}],"curies":[{"name":"wp","href":"https:\/\/api.w.org\/{rel}","templated":true}]}}