{"id":8867,"date":"2026-04-17T08:35:06","date_gmt":"2026-04-17T11:35:06","guid":{"rendered":"https:\/\/www.floriculturacheiroverde.com\/novo\/?post_type=product&#038;p=8867"},"modified":"2026-04-17T08:35:45","modified_gmt":"2026-04-17T11:35:45","slug":"buque-rhomantic-master-cod-b-700-2","status":"publish","type":"product","link":"https:\/\/www.floriculturacheiroverde.com\/novo\/produto\/buque-rhomantic-master-cod-b-700-2\/","title":{"rendered":".Buqu\u00ea Rhomantic Master. Cod. B-700"},"content":{"rendered":"","protected":false},"excerpt":{"rendered":"<p><strong><span style=\"color: #000000\">Uma combina\u00e7\u00e3o Especial!<\/span><\/strong><br \/>\n<strong><span style=\"color: #000000\">Um Buque com 6 Rosas Importadas Colombianas, acompanhando de 8 deliciosos bombons Ferrrero Rocher, montado e confeccionado com tangos, ruscos e papel pardo, junto de um mini ursinho decorativo!<\/span><\/strong><\/p>\n<p><strong><span style=\"color: #000000\">Este buqu\u00ea de flores e ursinho, \u00e9 perfeito para presentear em uma ocasi\u00e3o rom\u00e2ntica, anivers\u00e1rios ou simplesmente pra conquistar aquela pessoa especial!!<\/span><\/strong><\/p>\n<p><strong><span style=\"color: #0000ff\">Seu pedido \u00e9 Para Hoje? Compre pelo WhatsApp! (48) 99831-0602<br \/>\nCompras Pelo Site apenas com 2 dias de Anteced\u00eancia.<\/span><\/strong><\/p>\n","protected":false},"featured_media":6669,"template":"","meta":[],"product_brand":[],"product_cat":[159,154,155,156,181,153],"product_tag":[],"class_list":{"0":"post-8867","1":"product","2":"type-product","3":"status-publish","4":"has-post-thumbnail","6":"product_cat-buques","7":"product_cat-dia-das-maes","8":"product_cat-dia-dos-namorados","9":"product_cat-dia-international-da-mulher","10":"product_cat-lancamentos","11":"product_cat-romantico","12":"tm-has-options","14":"first","15":"instock","16":"sale","17":"shipping-taxable","18":"purchasable","19":"product-type-simple"},"yoast_head":"<!-- This site is optimized with the Yoast SEO plugin v26.2 - https:\/\/yoast.com\/wordpress\/plugins\/seo\/ -->\n<title>.Buqu\u00ea Rhomantic Master. Cod. B-700 - Floricultura Cheiro Verde<\/title>\n<meta name=\"robots\" content=\"index, follow, max-snippet:-1, max-image-preview:large, max-video-preview:-1\" \/>\n<link rel=\"canonical\" href=\"https:\/\/www.floriculturacheiroverde.com\/novo\/produto\/buque-rhomantic-master-cod-b-700-2\/\" \/>\n<meta property=\"og:locale\" content=\"pt_BR\" \/>\n<meta property=\"og:type\" content=\"article\" \/>\n<meta property=\"og:title\" content=\".Buqu\u00ea Rhomantic Master. Cod. B-700 - Floricultura Cheiro Verde\" \/>\n<meta property=\"og:description\" content=\"Uma combina\u00e7\u00e3o Especial! Um Buque com 6 Rosas Importadas Colombianas, acompanhando de 8 deliciosos bombons Ferrrero Rocher, montado e confeccionado com tangos, ruscos e papel pardo, junto de um mini ursinho decorativo!  Este buqu\u00ea de flores e ursinho, \u00e9 perfeito para presentear em uma ocasi\u00e3o rom\u00e2ntica, anivers\u00e1rios ou simplesmente pra conquistar aquela pessoa especial!!  Seu pedido \u00e9 Para Hoje? Compre pelo WhatsApp! (48) 99831-0602 Compras Pelo Site apenas com 2 dias de Anteced\u00eancia.\" \/>\n<meta property=\"og:url\" content=\"https:\/\/www.floriculturacheiroverde.com\/novo\/produto\/buque-rhomantic-master-cod-b-700-2\/\" \/>\n<meta property=\"og:site_name\" content=\"Floricultura Cheiro Verde\" \/>\n<meta property=\"article:modified_time\" content=\"2026-04-17T11:35:45+00:00\" \/>\n<meta property=\"og:image\" content=\"https:\/\/www.floriculturacheiroverde.com\/novo\/wp-content\/uploads\/2025\/08\/WhatsApp-Image-2023-11-11-at-11.39.07.jpeg\" \/>\n\t<meta property=\"og:image:width\" content=\"1345\" \/>\n\t<meta property=\"og:image:height\" content=\"1600\" \/>\n\t<meta property=\"og:image:type\" content=\"image\/jpeg\" \/>\n<meta name=\"twitter:card\" content=\"summary_large_image\" \/>\n<meta name=\"twitter:label1\" content=\"Est. tempo de leitura\" \/>\n\t<meta name=\"twitter:data1\" content=\"1 minuto\" \/>\n<script type=\"application\/ld+json\" class=\"yoast-schema-graph\">{\"@context\":\"https:\/\/schema.org\",\"@graph\":[{\"@type\":\"WebPage\",\"@id\":\"https:\/\/www.floriculturacheiroverde.com\/novo\/produto\/buque-rhomantic-master-cod-b-700-2\/\",\"url\":\"https:\/\/www.floriculturacheiroverde.com\/novo\/produto\/buque-rhomantic-master-cod-b-700-2\/\",\"name\":\".Buqu\u00ea Rhomantic Master. Cod. B-700 - Floricultura Cheiro Verde\",\"isPartOf\":{\"@id\":\"https:\/\/www.floriculturacheiroverde.com\/novo\/#website\"},\"primaryImageOfPage\":{\"@id\":\"https:\/\/www.floriculturacheiroverde.com\/novo\/produto\/buque-rhomantic-master-cod-b-700-2\/#primaryimage\"},\"image\":{\"@id\":\"https:\/\/www.floriculturacheiroverde.com\/novo\/produto\/buque-rhomantic-master-cod-b-700-2\/#primaryimage\"},\"thumbnailUrl\":\"https:\/\/www.floriculturacheiroverde.com\/novo\/wp-content\/uploads\/2025\/08\/WhatsApp-Image-2023-11-11-at-11.39.07.jpeg\",\"datePublished\":\"2026-04-17T11:35:06+00:00\",\"dateModified\":\"2026-04-17T11:35:45+00:00\",\"breadcrumb\":{\"@id\":\"https:\/\/www.floriculturacheiroverde.com\/novo\/produto\/buque-rhomantic-master-cod-b-700-2\/#breadcrumb\"},\"inLanguage\":\"pt-BR\",\"potentialAction\":[{\"@type\":\"ReadAction\",\"target\":[\"https:\/\/www.floriculturacheiroverde.com\/novo\/produto\/buque-rhomantic-master-cod-b-700-2\/\"]}]},{\"@type\":\"ImageObject\",\"inLanguage\":\"pt-BR\",\"@id\":\"https:\/\/www.floriculturacheiroverde.com\/novo\/produto\/buque-rhomantic-master-cod-b-700-2\/#primaryimage\",\"url\":\"https:\/\/www.floriculturacheiroverde.com\/novo\/wp-content\/uploads\/2025\/08\/WhatsApp-Image-2023-11-11-at-11.39.07.jpeg\",\"contentUrl\":\"https:\/\/www.floriculturacheiroverde.com\/novo\/wp-content\/uploads\/2025\/08\/WhatsApp-Image-2023-11-11-at-11.39.07.jpeg\",\"width\":1345,\"height\":1600},{\"@type\":\"BreadcrumbList\",\"@id\":\"https:\/\/www.floriculturacheiroverde.com\/novo\/produto\/buque-rhomantic-master-cod-b-700-2\/#breadcrumb\",\"itemListElement\":[{\"@type\":\"ListItem\",\"position\":1,\"name\":\"In\u00edcio\",\"item\":\"https:\/\/www.floriculturacheiroverde.com\/novo\/\"},{\"@type\":\"ListItem\",\"position\":2,\"name\":\"Shop\",\"item\":\"https:\/\/www.floriculturacheiroverde.com\/novo\/shop\/\"},{\"@type\":\"ListItem\",\"position\":3,\"name\":\".Buqu\u00ea Rhomantic Master. Cod. B-700\"}]},{\"@type\":\"WebSite\",\"@id\":\"https:\/\/www.floriculturacheiroverde.com\/novo\/#website\",\"url\":\"https:\/\/www.floriculturacheiroverde.com\/novo\/\",\"name\":\"Floricultura Cheiro Verde\",\"description\":\"Compre Flores Online - Floricultura na Palho\u00e7a\",\"potentialAction\":[{\"@type\":\"SearchAction\",\"target\":{\"@type\":\"EntryPoint\",\"urlTemplate\":\"https:\/\/www.floriculturacheiroverde.com\/novo\/?s={search_term_string}\"},\"query-input\":{\"@type\":\"PropertyValueSpecification\",\"valueRequired\":true,\"valueName\":\"search_term_string\"}}],\"inLanguage\":\"pt-BR\"}]}<\/script>\n<!-- \/ Yoast SEO plugin. -->","yoast_head_json":{"title":".Buqu\u00ea Rhomantic Master. Cod. B-700 - Floricultura Cheiro Verde","robots":{"index":"index","follow":"follow","max-snippet":"max-snippet:-1","max-image-preview":"max-image-preview:large","max-video-preview":"max-video-preview:-1"},"canonical":"https:\/\/www.floriculturacheiroverde.com\/novo\/produto\/buque-rhomantic-master-cod-b-700-2\/","og_locale":"pt_BR","og_type":"article","og_title":".Buqu\u00ea Rhomantic Master. Cod. B-700 - Floricultura Cheiro Verde","og_description":"Uma combina\u00e7\u00e3o Especial! Um Buque com 6 Rosas Importadas Colombianas, acompanhando de 8 deliciosos bombons Ferrrero Rocher, montado e confeccionado com tangos, ruscos e papel pardo, junto de um mini ursinho decorativo!  Este buqu\u00ea de flores e ursinho, \u00e9 perfeito para presentear em uma ocasi\u00e3o rom\u00e2ntica, anivers\u00e1rios ou simplesmente pra conquistar aquela pessoa especial!!  Seu pedido \u00e9 Para Hoje? Compre pelo WhatsApp! (48) 99831-0602 Compras Pelo Site apenas com 2 dias de Anteced\u00eancia.","og_url":"https:\/\/www.floriculturacheiroverde.com\/novo\/produto\/buque-rhomantic-master-cod-b-700-2\/","og_site_name":"Floricultura Cheiro Verde","article_modified_time":"2026-04-17T11:35:45+00:00","og_image":[{"width":1345,"height":1600,"url":"https:\/\/www.floriculturacheiroverde.com\/novo\/wp-content\/uploads\/2025\/08\/WhatsApp-Image-2023-11-11-at-11.39.07.jpeg","type":"image\/jpeg"}],"twitter_card":"summary_large_image","twitter_misc":{"Est. tempo de leitura":"1 minuto"},"schema":{"@context":"https:\/\/schema.org","@graph":[{"@type":"WebPage","@id":"https:\/\/www.floriculturacheiroverde.com\/novo\/produto\/buque-rhomantic-master-cod-b-700-2\/","url":"https:\/\/www.floriculturacheiroverde.com\/novo\/produto\/buque-rhomantic-master-cod-b-700-2\/","name":".Buqu\u00ea Rhomantic Master. Cod. B-700 - Floricultura Cheiro Verde","isPartOf":{"@id":"https:\/\/www.floriculturacheiroverde.com\/novo\/#website"},"primaryImageOfPage":{"@id":"https:\/\/www.floriculturacheiroverde.com\/novo\/produto\/buque-rhomantic-master-cod-b-700-2\/#primaryimage"},"image":{"@id":"https:\/\/www.floriculturacheiroverde.com\/novo\/produto\/buque-rhomantic-master-cod-b-700-2\/#primaryimage"},"thumbnailUrl":"https:\/\/www.floriculturacheiroverde.com\/novo\/wp-content\/uploads\/2025\/08\/WhatsApp-Image-2023-11-11-at-11.39.07.jpeg","datePublished":"2026-04-17T11:35:06+00:00","dateModified":"2026-04-17T11:35:45+00:00","breadcrumb":{"@id":"https:\/\/www.floriculturacheiroverde.com\/novo\/produto\/buque-rhomantic-master-cod-b-700-2\/#breadcrumb"},"inLanguage":"pt-BR","potentialAction":[{"@type":"ReadAction","target":["https:\/\/www.floriculturacheiroverde.com\/novo\/produto\/buque-rhomantic-master-cod-b-700-2\/"]}]},{"@type":"ImageObject","inLanguage":"pt-BR","@id":"https:\/\/www.floriculturacheiroverde.com\/novo\/produto\/buque-rhomantic-master-cod-b-700-2\/#primaryimage","url":"https:\/\/www.floriculturacheiroverde.com\/novo\/wp-content\/uploads\/2025\/08\/WhatsApp-Image-2023-11-11-at-11.39.07.jpeg","contentUrl":"https:\/\/www.floriculturacheiroverde.com\/novo\/wp-content\/uploads\/2025\/08\/WhatsApp-Image-2023-11-11-at-11.39.07.jpeg","width":1345,"height":1600},{"@type":"BreadcrumbList","@id":"https:\/\/www.floriculturacheiroverde.com\/novo\/produto\/buque-rhomantic-master-cod-b-700-2\/#breadcrumb","itemListElement":[{"@type":"ListItem","position":1,"name":"In\u00edcio","item":"https:\/\/www.floriculturacheiroverde.com\/novo\/"},{"@type":"ListItem","position":2,"name":"Shop","item":"https:\/\/www.floriculturacheiroverde.com\/novo\/shop\/"},{"@type":"ListItem","position":3,"name":".Buqu\u00ea Rhomantic Master. Cod. B-700"}]},{"@type":"WebSite","@id":"https:\/\/www.floriculturacheiroverde.com\/novo\/#website","url":"https:\/\/www.floriculturacheiroverde.com\/novo\/","name":"Floricultura Cheiro Verde","description":"Compre Flores Online - Floricultura na Palho\u00e7a","potentialAction":[{"@type":"SearchAction","target":{"@type":"EntryPoint","urlTemplate":"https:\/\/www.floriculturacheiroverde.com\/novo\/?s={search_term_string}"},"query-input":{"@type":"PropertyValueSpecification","valueRequired":true,"valueName":"search_term_string"}}],"inLanguage":"pt-BR"}]}},"_links":{"self":[{"href":"https:\/\/www.floriculturacheiroverde.com\/novo\/wp-json\/wp\/v2\/product\/8867","targetHints":{"allow":["GET"]}}],"collection":[{"href":"https:\/\/www.floriculturacheiroverde.com\/novo\/wp-json\/wp\/v2\/product"}],"about":[{"href":"https:\/\/www.floriculturacheiroverde.com\/novo\/wp-json\/wp\/v2\/types\/product"}],"wp:featuredmedia":[{"embeddable":true,"href":"https:\/\/www.floriculturacheiroverde.com\/novo\/wp-json\/wp\/v2\/media\/6669"}],"wp:attachment":[{"href":"https:\/\/www.floriculturacheiroverde.com\/novo\/wp-json\/wp\/v2\/media?parent=8867"}],"wp:term":[{"taxonomy":"product_brand","embeddable":true,"href":"https:\/\/www.floriculturacheiroverde.com\/novo\/wp-json\/wp\/v2\/product_brand?post=8867"},{"taxonomy":"product_cat","embeddable":true,"href":"https:\/\/www.floriculturacheiroverde.com\/novo\/wp-json\/wp\/v2\/product_cat?post=8867"},{"taxonomy":"product_tag","embeddable":true,"href":"https:\/\/www.floriculturacheiroverde.com\/novo\/wp-json\/wp\/v2\/product_tag?post=8867"}],"curies":[{"name":"wp","href":"https:\/\/api.w.org\/{rel}","templated":true}]}}