{"id":8839,"date":"2026-03-26T16:23:34","date_gmt":"2026-03-26T19:23:34","guid":{"rendered":"https:\/\/www.floriculturacheiroverde.com\/novo\/?post_type=product&#038;p=8839"},"modified":"2026-03-26T16:26:43","modified_gmt":"2026-03-26T19:26:43","slug":"buque-rose-cod-b-589","status":"publish","type":"product","link":"https:\/\/www.floriculturacheiroverde.com\/novo\/produto\/buque-rose-cod-b-589\/","title":{"rendered":".Buqu\u00ea Ros\u00ea Cod. B-589"},"content":{"rendered":"","protected":false},"excerpt":{"rendered":"<p><span style=\"color: #000000\"><em><strong>Lindo e Delicado Buqu\u00ea Mini Ros\u00ea com Alstroem\u00e9rias do campo,mosquitinhos, G\u00e9rberas e fantalisa, com embalagem Colmeia e Celofane Rosa.<\/strong><\/em><\/span><\/p>\n<p><strong><span style=\"color: #0000ff\">Seu pedido \u00e9 Para Hoje? Compre pelo WhatsApp! (48) 99831-0602<br \/>\nCompras Pelo Site apenas com 2 dias de Anteced\u00eancia.<\/span><\/strong><\/p>\n","protected":false},"featured_media":8840,"template":"","meta":[],"product_brand":[],"product_cat":[150,159,155,151,156],"product_tag":[],"class_list":{"0":"post-8839","1":"product","2":"type-product","3":"status-publish","4":"has-post-thumbnail","6":"product_cat-aniversario","7":"product_cat-buques","8":"product_cat-dia-dos-namorados","9":"product_cat-dia-dos-pais","10":"product_cat-dia-international-da-mulher","11":"tm-has-options","13":"first","14":"instock","15":"sale","16":"shipping-taxable","17":"purchasable","18":"product-type-simple"},"yoast_head":"<!-- This site is optimized with the Yoast SEO plugin v26.2 - https:\/\/yoast.com\/wordpress\/plugins\/seo\/ -->\n<title>.Buqu\u00ea Ros\u00ea Cod. B-589 - Floricultura Cheiro Verde<\/title>\n<meta name=\"robots\" content=\"index, follow, max-snippet:-1, max-image-preview:large, max-video-preview:-1\" \/>\n<link rel=\"canonical\" href=\"https:\/\/www.floriculturacheiroverde.com\/novo\/produto\/buque-rose-cod-b-589\/\" \/>\n<meta property=\"og:locale\" content=\"pt_BR\" \/>\n<meta property=\"og:type\" content=\"article\" \/>\n<meta property=\"og:title\" content=\".Buqu\u00ea Ros\u00ea Cod. B-589 - Floricultura Cheiro Verde\" \/>\n<meta property=\"og:description\" content=\"Lindo e Delicado Buqu\u00ea Mini Ros\u00ea com Alstroem\u00e9rias do campo,mosquitinhos, G\u00e9rberas e fantalisa, com embalagem Colmeia e Celofane Rosa.  Seu pedido \u00e9 Para Hoje? Compre pelo WhatsApp! (48) 99831-0602 Compras Pelo Site apenas com 2 dias de Anteced\u00eancia.\" \/>\n<meta property=\"og:url\" content=\"https:\/\/www.floriculturacheiroverde.com\/novo\/produto\/buque-rose-cod-b-589\/\" \/>\n<meta property=\"og:site_name\" content=\"Floricultura Cheiro Verde\" \/>\n<meta property=\"article:modified_time\" content=\"2026-03-26T19:26:43+00:00\" \/>\n<meta property=\"og:image\" content=\"https:\/\/www.floriculturacheiroverde.com\/novo\/wp-content\/uploads\/2026\/03\/WhatsApp-Image-2026-03-26-at-16.15.50.jpeg\" \/>\n\t<meta property=\"og:image:width\" content=\"1207\" \/>\n\t<meta property=\"og:image:height\" content=\"1280\" \/>\n\t<meta property=\"og:image:type\" content=\"image\/jpeg\" \/>\n<meta name=\"twitter:card\" content=\"summary_large_image\" \/>\n<meta name=\"twitter:label1\" content=\"Est. tempo de leitura\" \/>\n\t<meta name=\"twitter:data1\" content=\"1 minuto\" \/>\n<script type=\"application\/ld+json\" class=\"yoast-schema-graph\">{\"@context\":\"https:\/\/schema.org\",\"@graph\":[{\"@type\":\"WebPage\",\"@id\":\"https:\/\/www.floriculturacheiroverde.com\/novo\/produto\/buque-rose-cod-b-589\/\",\"url\":\"https:\/\/www.floriculturacheiroverde.com\/novo\/produto\/buque-rose-cod-b-589\/\",\"name\":\".Buqu\u00ea Ros\u00ea Cod. B-589 - Floricultura Cheiro Verde\",\"isPartOf\":{\"@id\":\"https:\/\/www.floriculturacheiroverde.com\/novo\/#website\"},\"primaryImageOfPage\":{\"@id\":\"https:\/\/www.floriculturacheiroverde.com\/novo\/produto\/buque-rose-cod-b-589\/#primaryimage\"},\"image\":{\"@id\":\"https:\/\/www.floriculturacheiroverde.com\/novo\/produto\/buque-rose-cod-b-589\/#primaryimage\"},\"thumbnailUrl\":\"https:\/\/www.floriculturacheiroverde.com\/novo\/wp-content\/uploads\/2026\/03\/WhatsApp-Image-2026-03-26-at-16.15.50.jpeg\",\"datePublished\":\"2026-03-26T19:23:34+00:00\",\"dateModified\":\"2026-03-26T19:26:43+00:00\",\"breadcrumb\":{\"@id\":\"https:\/\/www.floriculturacheiroverde.com\/novo\/produto\/buque-rose-cod-b-589\/#breadcrumb\"},\"inLanguage\":\"pt-BR\",\"potentialAction\":[{\"@type\":\"ReadAction\",\"target\":[\"https:\/\/www.floriculturacheiroverde.com\/novo\/produto\/buque-rose-cod-b-589\/\"]}]},{\"@type\":\"ImageObject\",\"inLanguage\":\"pt-BR\",\"@id\":\"https:\/\/www.floriculturacheiroverde.com\/novo\/produto\/buque-rose-cod-b-589\/#primaryimage\",\"url\":\"https:\/\/www.floriculturacheiroverde.com\/novo\/wp-content\/uploads\/2026\/03\/WhatsApp-Image-2026-03-26-at-16.15.50.jpeg\",\"contentUrl\":\"https:\/\/www.floriculturacheiroverde.com\/novo\/wp-content\/uploads\/2026\/03\/WhatsApp-Image-2026-03-26-at-16.15.50.jpeg\",\"width\":1207,\"height\":1280},{\"@type\":\"BreadcrumbList\",\"@id\":\"https:\/\/www.floriculturacheiroverde.com\/novo\/produto\/buque-rose-cod-b-589\/#breadcrumb\",\"itemListElement\":[{\"@type\":\"ListItem\",\"position\":1,\"name\":\"In\u00edcio\",\"item\":\"https:\/\/www.floriculturacheiroverde.com\/novo\/\"},{\"@type\":\"ListItem\",\"position\":2,\"name\":\"Shop\",\"item\":\"https:\/\/www.floriculturacheiroverde.com\/novo\/shop\/\"},{\"@type\":\"ListItem\",\"position\":3,\"name\":\".Buqu\u00ea Ros\u00ea Cod. B-589\"}]},{\"@type\":\"WebSite\",\"@id\":\"https:\/\/www.floriculturacheiroverde.com\/novo\/#website\",\"url\":\"https:\/\/www.floriculturacheiroverde.com\/novo\/\",\"name\":\"Floricultura Cheiro Verde\",\"description\":\"Compre Flores Online - Floricultura na Palho\u00e7a\",\"potentialAction\":[{\"@type\":\"SearchAction\",\"target\":{\"@type\":\"EntryPoint\",\"urlTemplate\":\"https:\/\/www.floriculturacheiroverde.com\/novo\/?s={search_term_string}\"},\"query-input\":{\"@type\":\"PropertyValueSpecification\",\"valueRequired\":true,\"valueName\":\"search_term_string\"}}],\"inLanguage\":\"pt-BR\"}]}<\/script>\n<!-- \/ Yoast SEO plugin. -->","yoast_head_json":{"title":".Buqu\u00ea Ros\u00ea Cod. B-589 - Floricultura Cheiro Verde","robots":{"index":"index","follow":"follow","max-snippet":"max-snippet:-1","max-image-preview":"max-image-preview:large","max-video-preview":"max-video-preview:-1"},"canonical":"https:\/\/www.floriculturacheiroverde.com\/novo\/produto\/buque-rose-cod-b-589\/","og_locale":"pt_BR","og_type":"article","og_title":".Buqu\u00ea Ros\u00ea Cod. B-589 - Floricultura Cheiro Verde","og_description":"Lindo e Delicado Buqu\u00ea Mini Ros\u00ea com Alstroem\u00e9rias do campo,mosquitinhos, G\u00e9rberas e fantalisa, com embalagem Colmeia e Celofane Rosa.  Seu pedido \u00e9 Para Hoje? Compre pelo WhatsApp! (48) 99831-0602 Compras Pelo Site apenas com 2 dias de Anteced\u00eancia.","og_url":"https:\/\/www.floriculturacheiroverde.com\/novo\/produto\/buque-rose-cod-b-589\/","og_site_name":"Floricultura Cheiro Verde","article_modified_time":"2026-03-26T19:26:43+00:00","og_image":[{"width":1207,"height":1280,"url":"https:\/\/www.floriculturacheiroverde.com\/novo\/wp-content\/uploads\/2026\/03\/WhatsApp-Image-2026-03-26-at-16.15.50.jpeg","type":"image\/jpeg"}],"twitter_card":"summary_large_image","twitter_misc":{"Est. tempo de leitura":"1 minuto"},"schema":{"@context":"https:\/\/schema.org","@graph":[{"@type":"WebPage","@id":"https:\/\/www.floriculturacheiroverde.com\/novo\/produto\/buque-rose-cod-b-589\/","url":"https:\/\/www.floriculturacheiroverde.com\/novo\/produto\/buque-rose-cod-b-589\/","name":".Buqu\u00ea Ros\u00ea Cod. B-589 - Floricultura Cheiro Verde","isPartOf":{"@id":"https:\/\/www.floriculturacheiroverde.com\/novo\/#website"},"primaryImageOfPage":{"@id":"https:\/\/www.floriculturacheiroverde.com\/novo\/produto\/buque-rose-cod-b-589\/#primaryimage"},"image":{"@id":"https:\/\/www.floriculturacheiroverde.com\/novo\/produto\/buque-rose-cod-b-589\/#primaryimage"},"thumbnailUrl":"https:\/\/www.floriculturacheiroverde.com\/novo\/wp-content\/uploads\/2026\/03\/WhatsApp-Image-2026-03-26-at-16.15.50.jpeg","datePublished":"2026-03-26T19:23:34+00:00","dateModified":"2026-03-26T19:26:43+00:00","breadcrumb":{"@id":"https:\/\/www.floriculturacheiroverde.com\/novo\/produto\/buque-rose-cod-b-589\/#breadcrumb"},"inLanguage":"pt-BR","potentialAction":[{"@type":"ReadAction","target":["https:\/\/www.floriculturacheiroverde.com\/novo\/produto\/buque-rose-cod-b-589\/"]}]},{"@type":"ImageObject","inLanguage":"pt-BR","@id":"https:\/\/www.floriculturacheiroverde.com\/novo\/produto\/buque-rose-cod-b-589\/#primaryimage","url":"https:\/\/www.floriculturacheiroverde.com\/novo\/wp-content\/uploads\/2026\/03\/WhatsApp-Image-2026-03-26-at-16.15.50.jpeg","contentUrl":"https:\/\/www.floriculturacheiroverde.com\/novo\/wp-content\/uploads\/2026\/03\/WhatsApp-Image-2026-03-26-at-16.15.50.jpeg","width":1207,"height":1280},{"@type":"BreadcrumbList","@id":"https:\/\/www.floriculturacheiroverde.com\/novo\/produto\/buque-rose-cod-b-589\/#breadcrumb","itemListElement":[{"@type":"ListItem","position":1,"name":"In\u00edcio","item":"https:\/\/www.floriculturacheiroverde.com\/novo\/"},{"@type":"ListItem","position":2,"name":"Shop","item":"https:\/\/www.floriculturacheiroverde.com\/novo\/shop\/"},{"@type":"ListItem","position":3,"name":".Buqu\u00ea Ros\u00ea Cod. B-589"}]},{"@type":"WebSite","@id":"https:\/\/www.floriculturacheiroverde.com\/novo\/#website","url":"https:\/\/www.floriculturacheiroverde.com\/novo\/","name":"Floricultura Cheiro Verde","description":"Compre Flores Online - Floricultura na Palho\u00e7a","potentialAction":[{"@type":"SearchAction","target":{"@type":"EntryPoint","urlTemplate":"https:\/\/www.floriculturacheiroverde.com\/novo\/?s={search_term_string}"},"query-input":{"@type":"PropertyValueSpecification","valueRequired":true,"valueName":"search_term_string"}}],"inLanguage":"pt-BR"}]}},"_links":{"self":[{"href":"https:\/\/www.floriculturacheiroverde.com\/novo\/wp-json\/wp\/v2\/product\/8839","targetHints":{"allow":["GET"]}}],"collection":[{"href":"https:\/\/www.floriculturacheiroverde.com\/novo\/wp-json\/wp\/v2\/product"}],"about":[{"href":"https:\/\/www.floriculturacheiroverde.com\/novo\/wp-json\/wp\/v2\/types\/product"}],"wp:featuredmedia":[{"embeddable":true,"href":"https:\/\/www.floriculturacheiroverde.com\/novo\/wp-json\/wp\/v2\/media\/8840"}],"wp:attachment":[{"href":"https:\/\/www.floriculturacheiroverde.com\/novo\/wp-json\/wp\/v2\/media?parent=8839"}],"wp:term":[{"taxonomy":"product_brand","embeddable":true,"href":"https:\/\/www.floriculturacheiroverde.com\/novo\/wp-json\/wp\/v2\/product_brand?post=8839"},{"taxonomy":"product_cat","embeddable":true,"href":"https:\/\/www.floriculturacheiroverde.com\/novo\/wp-json\/wp\/v2\/product_cat?post=8839"},{"taxonomy":"product_tag","embeddable":true,"href":"https:\/\/www.floriculturacheiroverde.com\/novo\/wp-json\/wp\/v2\/product_tag?post=8839"}],"curies":[{"name":"wp","href":"https:\/\/api.w.org\/{rel}","templated":true}]}}