{"id":8800,"date":"2026-03-12T16:09:00","date_gmt":"2026-03-12T19:09:00","guid":{"rendered":"https:\/\/www.floriculturacheiroverde.com\/novo\/?post_type=product&#038;p=8800"},"modified":"2026-03-20T10:53:02","modified_gmt":"2026-03-20T13:53:02","slug":"buque-amarantto-cod-l-900","status":"publish","type":"product","link":"https:\/\/www.floriculturacheiroverde.com\/novo\/produto\/buque-amarantto-cod-l-900\/","title":{"rendered":"Buqu\u00ea Amarantto Cod. L-900"},"content":{"rendered":"","protected":false},"excerpt":{"rendered":"<p><span style=\"color: #000000\"><em><strong>Delicado, Charmoso e Slim, \u00e9 o que define o Buqu\u00ea Amarantto, Com Lindas Rosas Importadas Selecionadas, Ruscos e uma delicada embalagem Coreana e la\u00e7o cetim.<\/strong><\/em><\/span><\/p>\n<p><strong><span style=\"color: #0000ff\">Seu pedido \u00e9 Urgente? Compre pelo WhatsApp! \u00c9 Rapidinho, Pediu, Chegou!: 48 99831-0602<\/span><\/strong><\/p>\n","protected":false},"featured_media":8801,"template":"","meta":[],"product_brand":[],"product_cat":[150,159,154,155,156,153],"product_tag":[],"class_list":{"0":"post-8800","1":"product","2":"type-product","3":"status-publish","4":"has-post-thumbnail","6":"product_cat-aniversario","7":"product_cat-buques","8":"product_cat-dia-das-maes","9":"product_cat-dia-dos-namorados","10":"product_cat-dia-international-da-mulher","11":"product_cat-romantico","12":"tm-has-options","14":"first","15":"instock","16":"sale","17":"shipping-taxable","18":"purchasable","19":"product-type-simple"},"yoast_head":"<!-- This site is optimized with the Yoast SEO plugin v26.2 - https:\/\/yoast.com\/wordpress\/plugins\/seo\/ -->\n<title>Buqu\u00ea Amarantto Cod. L-900 - Floricultura Cheiro Verde<\/title>\n<meta name=\"robots\" content=\"index, follow, max-snippet:-1, max-image-preview:large, max-video-preview:-1\" \/>\n<link rel=\"canonical\" href=\"https:\/\/www.floriculturacheiroverde.com\/novo\/produto\/buque-amarantto-cod-l-900\/\" \/>\n<meta property=\"og:locale\" content=\"pt_BR\" \/>\n<meta property=\"og:type\" content=\"article\" \/>\n<meta property=\"og:title\" content=\"Buqu\u00ea Amarantto Cod. L-900 - Floricultura Cheiro Verde\" \/>\n<meta property=\"og:description\" content=\"Delicado, Charmoso e Slim, \u00e9 o que define o Buqu\u00ea Amarantto, Com Lindas Rosas Importadas Selecionadas, Ruscos e uma delicada embalagem Coreana e la\u00e7o cetim.  Seu pedido \u00e9 Urgente? Compre pelo WhatsApp! \u00c9 Rapidinho, Pediu, Chegou!: 48 99831-0602\" \/>\n<meta property=\"og:url\" content=\"https:\/\/www.floriculturacheiroverde.com\/novo\/produto\/buque-amarantto-cod-l-900\/\" \/>\n<meta property=\"og:site_name\" content=\"Floricultura Cheiro Verde\" \/>\n<meta property=\"article:modified_time\" content=\"2026-03-20T13:53:02+00:00\" \/>\n<meta property=\"og:image\" content=\"https:\/\/www.floriculturacheiroverde.com\/novo\/wp-content\/uploads\/2026\/03\/WhatsApp-Image-2026-03-12-at-15.39.17.jpeg\" \/>\n\t<meta property=\"og:image:width\" content=\"1024\" \/>\n\t<meta property=\"og:image:height\" content=\"1024\" \/>\n\t<meta property=\"og:image:type\" content=\"image\/jpeg\" \/>\n<meta name=\"twitter:card\" content=\"summary_large_image\" \/>\n<meta name=\"twitter:label1\" content=\"Est. tempo de leitura\" \/>\n\t<meta name=\"twitter:data1\" content=\"1 minuto\" \/>\n<script type=\"application\/ld+json\" class=\"yoast-schema-graph\">{\"@context\":\"https:\/\/schema.org\",\"@graph\":[{\"@type\":\"WebPage\",\"@id\":\"https:\/\/www.floriculturacheiroverde.com\/novo\/produto\/buque-amarantto-cod-l-900\/\",\"url\":\"https:\/\/www.floriculturacheiroverde.com\/novo\/produto\/buque-amarantto-cod-l-900\/\",\"name\":\"Buqu\u00ea Amarantto Cod. L-900 - Floricultura Cheiro Verde\",\"isPartOf\":{\"@id\":\"https:\/\/www.floriculturacheiroverde.com\/novo\/#website\"},\"primaryImageOfPage\":{\"@id\":\"https:\/\/www.floriculturacheiroverde.com\/novo\/produto\/buque-amarantto-cod-l-900\/#primaryimage\"},\"image\":{\"@id\":\"https:\/\/www.floriculturacheiroverde.com\/novo\/produto\/buque-amarantto-cod-l-900\/#primaryimage\"},\"thumbnailUrl\":\"https:\/\/www.floriculturacheiroverde.com\/novo\/wp-content\/uploads\/2026\/03\/WhatsApp-Image-2026-03-12-at-15.39.17.jpeg\",\"datePublished\":\"2026-03-12T19:09:00+00:00\",\"dateModified\":\"2026-03-20T13:53:02+00:00\",\"breadcrumb\":{\"@id\":\"https:\/\/www.floriculturacheiroverde.com\/novo\/produto\/buque-amarantto-cod-l-900\/#breadcrumb\"},\"inLanguage\":\"pt-BR\",\"potentialAction\":[{\"@type\":\"ReadAction\",\"target\":[\"https:\/\/www.floriculturacheiroverde.com\/novo\/produto\/buque-amarantto-cod-l-900\/\"]}]},{\"@type\":\"ImageObject\",\"inLanguage\":\"pt-BR\",\"@id\":\"https:\/\/www.floriculturacheiroverde.com\/novo\/produto\/buque-amarantto-cod-l-900\/#primaryimage\",\"url\":\"https:\/\/www.floriculturacheiroverde.com\/novo\/wp-content\/uploads\/2026\/03\/WhatsApp-Image-2026-03-12-at-15.39.17.jpeg\",\"contentUrl\":\"https:\/\/www.floriculturacheiroverde.com\/novo\/wp-content\/uploads\/2026\/03\/WhatsApp-Image-2026-03-12-at-15.39.17.jpeg\",\"width\":1024,\"height\":1024},{\"@type\":\"BreadcrumbList\",\"@id\":\"https:\/\/www.floriculturacheiroverde.com\/novo\/produto\/buque-amarantto-cod-l-900\/#breadcrumb\",\"itemListElement\":[{\"@type\":\"ListItem\",\"position\":1,\"name\":\"In\u00edcio\",\"item\":\"https:\/\/www.floriculturacheiroverde.com\/novo\/\"},{\"@type\":\"ListItem\",\"position\":2,\"name\":\"Shop\",\"item\":\"https:\/\/www.floriculturacheiroverde.com\/novo\/shop\/\"},{\"@type\":\"ListItem\",\"position\":3,\"name\":\"Buqu\u00ea Amarantto Cod. L-900\"}]},{\"@type\":\"WebSite\",\"@id\":\"https:\/\/www.floriculturacheiroverde.com\/novo\/#website\",\"url\":\"https:\/\/www.floriculturacheiroverde.com\/novo\/\",\"name\":\"Floricultura Cheiro Verde\",\"description\":\"Compre Flores Online - Floricultura na Palho\u00e7a\",\"potentialAction\":[{\"@type\":\"SearchAction\",\"target\":{\"@type\":\"EntryPoint\",\"urlTemplate\":\"https:\/\/www.floriculturacheiroverde.com\/novo\/?s={search_term_string}\"},\"query-input\":{\"@type\":\"PropertyValueSpecification\",\"valueRequired\":true,\"valueName\":\"search_term_string\"}}],\"inLanguage\":\"pt-BR\"}]}<\/script>\n<!-- \/ Yoast SEO plugin. -->","yoast_head_json":{"title":"Buqu\u00ea Amarantto Cod. L-900 - Floricultura Cheiro Verde","robots":{"index":"index","follow":"follow","max-snippet":"max-snippet:-1","max-image-preview":"max-image-preview:large","max-video-preview":"max-video-preview:-1"},"canonical":"https:\/\/www.floriculturacheiroverde.com\/novo\/produto\/buque-amarantto-cod-l-900\/","og_locale":"pt_BR","og_type":"article","og_title":"Buqu\u00ea Amarantto Cod. L-900 - Floricultura Cheiro Verde","og_description":"Delicado, Charmoso e Slim, \u00e9 o que define o Buqu\u00ea Amarantto, Com Lindas Rosas Importadas Selecionadas, Ruscos e uma delicada embalagem Coreana e la\u00e7o cetim.  Seu pedido \u00e9 Urgente? Compre pelo WhatsApp! \u00c9 Rapidinho, Pediu, Chegou!: 48 99831-0602","og_url":"https:\/\/www.floriculturacheiroverde.com\/novo\/produto\/buque-amarantto-cod-l-900\/","og_site_name":"Floricultura Cheiro Verde","article_modified_time":"2026-03-20T13:53:02+00:00","og_image":[{"width":1024,"height":1024,"url":"https:\/\/www.floriculturacheiroverde.com\/novo\/wp-content\/uploads\/2026\/03\/WhatsApp-Image-2026-03-12-at-15.39.17.jpeg","type":"image\/jpeg"}],"twitter_card":"summary_large_image","twitter_misc":{"Est. tempo de leitura":"1 minuto"},"schema":{"@context":"https:\/\/schema.org","@graph":[{"@type":"WebPage","@id":"https:\/\/www.floriculturacheiroverde.com\/novo\/produto\/buque-amarantto-cod-l-900\/","url":"https:\/\/www.floriculturacheiroverde.com\/novo\/produto\/buque-amarantto-cod-l-900\/","name":"Buqu\u00ea Amarantto Cod. L-900 - Floricultura Cheiro Verde","isPartOf":{"@id":"https:\/\/www.floriculturacheiroverde.com\/novo\/#website"},"primaryImageOfPage":{"@id":"https:\/\/www.floriculturacheiroverde.com\/novo\/produto\/buque-amarantto-cod-l-900\/#primaryimage"},"image":{"@id":"https:\/\/www.floriculturacheiroverde.com\/novo\/produto\/buque-amarantto-cod-l-900\/#primaryimage"},"thumbnailUrl":"https:\/\/www.floriculturacheiroverde.com\/novo\/wp-content\/uploads\/2026\/03\/WhatsApp-Image-2026-03-12-at-15.39.17.jpeg","datePublished":"2026-03-12T19:09:00+00:00","dateModified":"2026-03-20T13:53:02+00:00","breadcrumb":{"@id":"https:\/\/www.floriculturacheiroverde.com\/novo\/produto\/buque-amarantto-cod-l-900\/#breadcrumb"},"inLanguage":"pt-BR","potentialAction":[{"@type":"ReadAction","target":["https:\/\/www.floriculturacheiroverde.com\/novo\/produto\/buque-amarantto-cod-l-900\/"]}]},{"@type":"ImageObject","inLanguage":"pt-BR","@id":"https:\/\/www.floriculturacheiroverde.com\/novo\/produto\/buque-amarantto-cod-l-900\/#primaryimage","url":"https:\/\/www.floriculturacheiroverde.com\/novo\/wp-content\/uploads\/2026\/03\/WhatsApp-Image-2026-03-12-at-15.39.17.jpeg","contentUrl":"https:\/\/www.floriculturacheiroverde.com\/novo\/wp-content\/uploads\/2026\/03\/WhatsApp-Image-2026-03-12-at-15.39.17.jpeg","width":1024,"height":1024},{"@type":"BreadcrumbList","@id":"https:\/\/www.floriculturacheiroverde.com\/novo\/produto\/buque-amarantto-cod-l-900\/#breadcrumb","itemListElement":[{"@type":"ListItem","position":1,"name":"In\u00edcio","item":"https:\/\/www.floriculturacheiroverde.com\/novo\/"},{"@type":"ListItem","position":2,"name":"Shop","item":"https:\/\/www.floriculturacheiroverde.com\/novo\/shop\/"},{"@type":"ListItem","position":3,"name":"Buqu\u00ea Amarantto Cod. L-900"}]},{"@type":"WebSite","@id":"https:\/\/www.floriculturacheiroverde.com\/novo\/#website","url":"https:\/\/www.floriculturacheiroverde.com\/novo\/","name":"Floricultura Cheiro Verde","description":"Compre Flores Online - Floricultura na Palho\u00e7a","potentialAction":[{"@type":"SearchAction","target":{"@type":"EntryPoint","urlTemplate":"https:\/\/www.floriculturacheiroverde.com\/novo\/?s={search_term_string}"},"query-input":{"@type":"PropertyValueSpecification","valueRequired":true,"valueName":"search_term_string"}}],"inLanguage":"pt-BR"}]}},"_links":{"self":[{"href":"https:\/\/www.floriculturacheiroverde.com\/novo\/wp-json\/wp\/v2\/product\/8800","targetHints":{"allow":["GET"]}}],"collection":[{"href":"https:\/\/www.floriculturacheiroverde.com\/novo\/wp-json\/wp\/v2\/product"}],"about":[{"href":"https:\/\/www.floriculturacheiroverde.com\/novo\/wp-json\/wp\/v2\/types\/product"}],"wp:featuredmedia":[{"embeddable":true,"href":"https:\/\/www.floriculturacheiroverde.com\/novo\/wp-json\/wp\/v2\/media\/8801"}],"wp:attachment":[{"href":"https:\/\/www.floriculturacheiroverde.com\/novo\/wp-json\/wp\/v2\/media?parent=8800"}],"wp:term":[{"taxonomy":"product_brand","embeddable":true,"href":"https:\/\/www.floriculturacheiroverde.com\/novo\/wp-json\/wp\/v2\/product_brand?post=8800"},{"taxonomy":"product_cat","embeddable":true,"href":"https:\/\/www.floriculturacheiroverde.com\/novo\/wp-json\/wp\/v2\/product_cat?post=8800"},{"taxonomy":"product_tag","embeddable":true,"href":"https:\/\/www.floriculturacheiroverde.com\/novo\/wp-json\/wp\/v2\/product_tag?post=8800"}],"curies":[{"name":"wp","href":"https:\/\/api.w.org\/{rel}","templated":true}]}}