{"id":8798,"date":"2026-03-12T15:40:19","date_gmt":"2026-03-12T18:40:19","guid":{"rendered":"https:\/\/www.floriculturacheiroverde.com\/novo\/?post_type=product&#038;p=8798"},"modified":"2026-03-26T16:12:44","modified_gmt":"2026-03-26T19:12:44","slug":"lancamento-buque-tentacao-cod-l-800","status":"publish","type":"product","link":"https:\/\/www.floriculturacheiroverde.com\/novo\/produto\/lancamento-buque-tentacao-cod-l-800\/","title":{"rendered":",LAN\u00c7AMENTO Buqu\u00ea Tenta\u00e7\u00e3o Cod. L-800"},"content":{"rendered":"","protected":false},"excerpt":{"rendered":"<p><span style=\"color: #000000\"><em><strong>Maravilhoso buque com 5 Rosas Importadas, e L\u00edrios Com Ruscos e Mosquitinhos com embalagem Coreana e la\u00e7o cetim.<\/strong><\/em><\/span><\/p>\n<p><strong><span style=\"color: #0000ff\">Seu pedido \u00e9 Urgente? Compre pelo WhatsApp! \u00c9 Rapidinho, Pediu, Chegou!: 48 99831-0602<\/span><\/strong><\/p>\n","protected":false},"featured_media":8799,"template":"","meta":[],"product_brand":[],"product_cat":[159,154,155,156,299,153],"product_tag":[],"class_list":{"0":"post-8798","1":"product","2":"type-product","3":"status-publish","4":"has-post-thumbnail","6":"product_cat-buques","7":"product_cat-dia-das-maes","8":"product_cat-dia-dos-namorados","9":"product_cat-dia-international-da-mulher","10":"product_cat-lirios","11":"product_cat-romantico","12":"tm-has-options","14":"first","15":"instock","16":"sale","17":"shipping-taxable","18":"purchasable","19":"product-type-simple"},"yoast_head":"<!-- This site is optimized with the Yoast SEO plugin v26.2 - https:\/\/yoast.com\/wordpress\/plugins\/seo\/ -->\n<title>,LAN\u00c7AMENTO Buqu\u00ea Tenta\u00e7\u00e3o Cod. L-800 - Floricultura Cheiro Verde<\/title>\n<meta name=\"robots\" content=\"index, follow, max-snippet:-1, max-image-preview:large, max-video-preview:-1\" \/>\n<link rel=\"canonical\" href=\"https:\/\/www.floriculturacheiroverde.com\/novo\/produto\/lancamento-buque-tentacao-cod-l-800\/\" \/>\n<meta property=\"og:locale\" content=\"pt_BR\" \/>\n<meta property=\"og:type\" content=\"article\" \/>\n<meta property=\"og:title\" content=\",LAN\u00c7AMENTO Buqu\u00ea Tenta\u00e7\u00e3o Cod. L-800 - Floricultura Cheiro Verde\" \/>\n<meta property=\"og:description\" content=\"Maravilhoso buque com 5 Rosas Importadas, e L\u00edrios Com Ruscos e Mosquitinhos com embalagem Coreana e la\u00e7o cetim.  Seu pedido \u00e9 Urgente? Compre pelo WhatsApp! \u00c9 Rapidinho, Pediu, Chegou!: 48 99831-0602\" \/>\n<meta property=\"og:url\" content=\"https:\/\/www.floriculturacheiroverde.com\/novo\/produto\/lancamento-buque-tentacao-cod-l-800\/\" \/>\n<meta property=\"og:site_name\" content=\"Floricultura Cheiro Verde\" \/>\n<meta property=\"article:modified_time\" content=\"2026-03-26T19:12:44+00:00\" \/>\n<meta property=\"og:image\" content=\"https:\/\/www.floriculturacheiroverde.com\/novo\/wp-content\/uploads\/2026\/03\/WhatsApp-Image-2026-03-12-at-15.39.16.jpeg\" \/>\n\t<meta property=\"og:image:width\" content=\"1024\" \/>\n\t<meta property=\"og:image:height\" content=\"1024\" \/>\n\t<meta property=\"og:image:type\" content=\"image\/jpeg\" \/>\n<meta name=\"twitter:card\" content=\"summary_large_image\" \/>\n<meta name=\"twitter:label1\" content=\"Est. tempo de leitura\" \/>\n\t<meta name=\"twitter:data1\" content=\"1 minuto\" \/>\n<script type=\"application\/ld+json\" class=\"yoast-schema-graph\">{\"@context\":\"https:\/\/schema.org\",\"@graph\":[{\"@type\":\"WebPage\",\"@id\":\"https:\/\/www.floriculturacheiroverde.com\/novo\/produto\/lancamento-buque-tentacao-cod-l-800\/\",\"url\":\"https:\/\/www.floriculturacheiroverde.com\/novo\/produto\/lancamento-buque-tentacao-cod-l-800\/\",\"name\":\",LAN\u00c7AMENTO Buqu\u00ea Tenta\u00e7\u00e3o Cod. L-800 - Floricultura Cheiro Verde\",\"isPartOf\":{\"@id\":\"https:\/\/www.floriculturacheiroverde.com\/novo\/#website\"},\"primaryImageOfPage\":{\"@id\":\"https:\/\/www.floriculturacheiroverde.com\/novo\/produto\/lancamento-buque-tentacao-cod-l-800\/#primaryimage\"},\"image\":{\"@id\":\"https:\/\/www.floriculturacheiroverde.com\/novo\/produto\/lancamento-buque-tentacao-cod-l-800\/#primaryimage\"},\"thumbnailUrl\":\"https:\/\/www.floriculturacheiroverde.com\/novo\/wp-content\/uploads\/2026\/03\/WhatsApp-Image-2026-03-12-at-15.39.16.jpeg\",\"datePublished\":\"2026-03-12T18:40:19+00:00\",\"dateModified\":\"2026-03-26T19:12:44+00:00\",\"breadcrumb\":{\"@id\":\"https:\/\/www.floriculturacheiroverde.com\/novo\/produto\/lancamento-buque-tentacao-cod-l-800\/#breadcrumb\"},\"inLanguage\":\"pt-BR\",\"potentialAction\":[{\"@type\":\"ReadAction\",\"target\":[\"https:\/\/www.floriculturacheiroverde.com\/novo\/produto\/lancamento-buque-tentacao-cod-l-800\/\"]}]},{\"@type\":\"ImageObject\",\"inLanguage\":\"pt-BR\",\"@id\":\"https:\/\/www.floriculturacheiroverde.com\/novo\/produto\/lancamento-buque-tentacao-cod-l-800\/#primaryimage\",\"url\":\"https:\/\/www.floriculturacheiroverde.com\/novo\/wp-content\/uploads\/2026\/03\/WhatsApp-Image-2026-03-12-at-15.39.16.jpeg\",\"contentUrl\":\"https:\/\/www.floriculturacheiroverde.com\/novo\/wp-content\/uploads\/2026\/03\/WhatsApp-Image-2026-03-12-at-15.39.16.jpeg\",\"width\":1024,\"height\":1024},{\"@type\":\"BreadcrumbList\",\"@id\":\"https:\/\/www.floriculturacheiroverde.com\/novo\/produto\/lancamento-buque-tentacao-cod-l-800\/#breadcrumb\",\"itemListElement\":[{\"@type\":\"ListItem\",\"position\":1,\"name\":\"In\u00edcio\",\"item\":\"https:\/\/www.floriculturacheiroverde.com\/novo\/\"},{\"@type\":\"ListItem\",\"position\":2,\"name\":\"Shop\",\"item\":\"https:\/\/www.floriculturacheiroverde.com\/novo\/shop\/\"},{\"@type\":\"ListItem\",\"position\":3,\"name\":\",LAN\u00c7AMENTO Buqu\u00ea Tenta\u00e7\u00e3o Cod. L-800\"}]},{\"@type\":\"WebSite\",\"@id\":\"https:\/\/www.floriculturacheiroverde.com\/novo\/#website\",\"url\":\"https:\/\/www.floriculturacheiroverde.com\/novo\/\",\"name\":\"Floricultura Cheiro Verde\",\"description\":\"Compre Flores Online - Floricultura na Palho\u00e7a\",\"potentialAction\":[{\"@type\":\"SearchAction\",\"target\":{\"@type\":\"EntryPoint\",\"urlTemplate\":\"https:\/\/www.floriculturacheiroverde.com\/novo\/?s={search_term_string}\"},\"query-input\":{\"@type\":\"PropertyValueSpecification\",\"valueRequired\":true,\"valueName\":\"search_term_string\"}}],\"inLanguage\":\"pt-BR\"}]}<\/script>\n<!-- \/ Yoast SEO plugin. -->","yoast_head_json":{"title":",LAN\u00c7AMENTO Buqu\u00ea Tenta\u00e7\u00e3o Cod. L-800 - Floricultura Cheiro Verde","robots":{"index":"index","follow":"follow","max-snippet":"max-snippet:-1","max-image-preview":"max-image-preview:large","max-video-preview":"max-video-preview:-1"},"canonical":"https:\/\/www.floriculturacheiroverde.com\/novo\/produto\/lancamento-buque-tentacao-cod-l-800\/","og_locale":"pt_BR","og_type":"article","og_title":",LAN\u00c7AMENTO Buqu\u00ea Tenta\u00e7\u00e3o Cod. L-800 - Floricultura Cheiro Verde","og_description":"Maravilhoso buque com 5 Rosas Importadas, e L\u00edrios Com Ruscos e Mosquitinhos com embalagem Coreana e la\u00e7o cetim.  Seu pedido \u00e9 Urgente? Compre pelo WhatsApp! \u00c9 Rapidinho, Pediu, Chegou!: 48 99831-0602","og_url":"https:\/\/www.floriculturacheiroverde.com\/novo\/produto\/lancamento-buque-tentacao-cod-l-800\/","og_site_name":"Floricultura Cheiro Verde","article_modified_time":"2026-03-26T19:12:44+00:00","og_image":[{"width":1024,"height":1024,"url":"https:\/\/www.floriculturacheiroverde.com\/novo\/wp-content\/uploads\/2026\/03\/WhatsApp-Image-2026-03-12-at-15.39.16.jpeg","type":"image\/jpeg"}],"twitter_card":"summary_large_image","twitter_misc":{"Est. tempo de leitura":"1 minuto"},"schema":{"@context":"https:\/\/schema.org","@graph":[{"@type":"WebPage","@id":"https:\/\/www.floriculturacheiroverde.com\/novo\/produto\/lancamento-buque-tentacao-cod-l-800\/","url":"https:\/\/www.floriculturacheiroverde.com\/novo\/produto\/lancamento-buque-tentacao-cod-l-800\/","name":",LAN\u00c7AMENTO Buqu\u00ea Tenta\u00e7\u00e3o Cod. L-800 - Floricultura Cheiro Verde","isPartOf":{"@id":"https:\/\/www.floriculturacheiroverde.com\/novo\/#website"},"primaryImageOfPage":{"@id":"https:\/\/www.floriculturacheiroverde.com\/novo\/produto\/lancamento-buque-tentacao-cod-l-800\/#primaryimage"},"image":{"@id":"https:\/\/www.floriculturacheiroverde.com\/novo\/produto\/lancamento-buque-tentacao-cod-l-800\/#primaryimage"},"thumbnailUrl":"https:\/\/www.floriculturacheiroverde.com\/novo\/wp-content\/uploads\/2026\/03\/WhatsApp-Image-2026-03-12-at-15.39.16.jpeg","datePublished":"2026-03-12T18:40:19+00:00","dateModified":"2026-03-26T19:12:44+00:00","breadcrumb":{"@id":"https:\/\/www.floriculturacheiroverde.com\/novo\/produto\/lancamento-buque-tentacao-cod-l-800\/#breadcrumb"},"inLanguage":"pt-BR","potentialAction":[{"@type":"ReadAction","target":["https:\/\/www.floriculturacheiroverde.com\/novo\/produto\/lancamento-buque-tentacao-cod-l-800\/"]}]},{"@type":"ImageObject","inLanguage":"pt-BR","@id":"https:\/\/www.floriculturacheiroverde.com\/novo\/produto\/lancamento-buque-tentacao-cod-l-800\/#primaryimage","url":"https:\/\/www.floriculturacheiroverde.com\/novo\/wp-content\/uploads\/2026\/03\/WhatsApp-Image-2026-03-12-at-15.39.16.jpeg","contentUrl":"https:\/\/www.floriculturacheiroverde.com\/novo\/wp-content\/uploads\/2026\/03\/WhatsApp-Image-2026-03-12-at-15.39.16.jpeg","width":1024,"height":1024},{"@type":"BreadcrumbList","@id":"https:\/\/www.floriculturacheiroverde.com\/novo\/produto\/lancamento-buque-tentacao-cod-l-800\/#breadcrumb","itemListElement":[{"@type":"ListItem","position":1,"name":"In\u00edcio","item":"https:\/\/www.floriculturacheiroverde.com\/novo\/"},{"@type":"ListItem","position":2,"name":"Shop","item":"https:\/\/www.floriculturacheiroverde.com\/novo\/shop\/"},{"@type":"ListItem","position":3,"name":",LAN\u00c7AMENTO Buqu\u00ea Tenta\u00e7\u00e3o Cod. L-800"}]},{"@type":"WebSite","@id":"https:\/\/www.floriculturacheiroverde.com\/novo\/#website","url":"https:\/\/www.floriculturacheiroverde.com\/novo\/","name":"Floricultura Cheiro Verde","description":"Compre Flores Online - Floricultura na Palho\u00e7a","potentialAction":[{"@type":"SearchAction","target":{"@type":"EntryPoint","urlTemplate":"https:\/\/www.floriculturacheiroverde.com\/novo\/?s={search_term_string}"},"query-input":{"@type":"PropertyValueSpecification","valueRequired":true,"valueName":"search_term_string"}}],"inLanguage":"pt-BR"}]}},"_links":{"self":[{"href":"https:\/\/www.floriculturacheiroverde.com\/novo\/wp-json\/wp\/v2\/product\/8798","targetHints":{"allow":["GET"]}}],"collection":[{"href":"https:\/\/www.floriculturacheiroverde.com\/novo\/wp-json\/wp\/v2\/product"}],"about":[{"href":"https:\/\/www.floriculturacheiroverde.com\/novo\/wp-json\/wp\/v2\/types\/product"}],"wp:featuredmedia":[{"embeddable":true,"href":"https:\/\/www.floriculturacheiroverde.com\/novo\/wp-json\/wp\/v2\/media\/8799"}],"wp:attachment":[{"href":"https:\/\/www.floriculturacheiroverde.com\/novo\/wp-json\/wp\/v2\/media?parent=8798"}],"wp:term":[{"taxonomy":"product_brand","embeddable":true,"href":"https:\/\/www.floriculturacheiroverde.com\/novo\/wp-json\/wp\/v2\/product_brand?post=8798"},{"taxonomy":"product_cat","embeddable":true,"href":"https:\/\/www.floriculturacheiroverde.com\/novo\/wp-json\/wp\/v2\/product_cat?post=8798"},{"taxonomy":"product_tag","embeddable":true,"href":"https:\/\/www.floriculturacheiroverde.com\/novo\/wp-json\/wp\/v2\/product_tag?post=8798"}],"curies":[{"name":"wp","href":"https:\/\/api.w.org\/{rel}","templated":true}]}}