{"id":8788,"date":"2026-03-08T00:42:22","date_gmt":"2026-03-08T03:42:22","guid":{"rendered":"https:\/\/www.floriculturacheiroverde.com\/novo\/?post_type=product&#038;p=8788"},"modified":"2026-03-12T15:40:03","modified_gmt":"2026-03-12T18:40:03","slug":"lancamento-explode-coracao-cod-a-809","status":"publish","type":"product","link":"https:\/\/www.floriculturacheiroverde.com\/novo\/produto\/lancamento-explode-coracao-cod-a-809\/","title":{"rendered":".LAN\u00c7AMENTO Explode Cora\u00e7\u00e3o. Cod. A-809"},"content":{"rendered":"","protected":false},"excerpt":{"rendered":"<p><span style=\"color: #000000\"><em><strong>Maravilhoso e Encantador Cora\u00e7\u00e3o de Rosas com Ferrero Rocher! Um sonho de presente, Rom\u00e2ntico, aut\u00eantico e Marcante.<\/strong><\/em><\/span><\/p>\n<p><strong><span style=\"color: #0000ff\">Seu pedido \u00e9 Urgente? Compre pelo WhatsApp! \u00c9 Rapidinho, Pediu, Chegou!: 48 99831-0602<\/span><\/strong><\/p>\n","protected":false},"featured_media":8789,"template":"","meta":[],"product_brand":[],"product_cat":[150,165,154,155,156,153],"product_tag":[],"class_list":{"0":"post-8788","1":"product","2":"type-product","3":"status-publish","4":"has-post-thumbnail","6":"product_cat-aniversario","7":"product_cat-arranjos-florais","8":"product_cat-dia-das-maes","9":"product_cat-dia-dos-namorados","10":"product_cat-dia-international-da-mulher","11":"product_cat-romantico","12":"tm-has-options","14":"first","15":"instock","16":"sale","17":"shipping-taxable","18":"purchasable","19":"product-type-simple"},"yoast_head":"<!-- This site is optimized with the Yoast SEO plugin v26.2 - https:\/\/yoast.com\/wordpress\/plugins\/seo\/ -->\n<title>.LAN\u00c7AMENTO Explode Cora\u00e7\u00e3o. Cod. A-809 - Floricultura Cheiro Verde<\/title>\n<meta name=\"robots\" content=\"index, follow, max-snippet:-1, max-image-preview:large, max-video-preview:-1\" \/>\n<link rel=\"canonical\" href=\"https:\/\/www.floriculturacheiroverde.com\/novo\/produto\/lancamento-explode-coracao-cod-a-809\/\" \/>\n<meta property=\"og:locale\" content=\"pt_BR\" \/>\n<meta property=\"og:type\" content=\"article\" \/>\n<meta property=\"og:title\" content=\".LAN\u00c7AMENTO Explode Cora\u00e7\u00e3o. Cod. A-809 - Floricultura Cheiro Verde\" \/>\n<meta property=\"og:description\" content=\"Maravilhoso e Encantador Cora\u00e7\u00e3o de Rosas com Ferrero Rocher! Um sonho de presente, Rom\u00e2ntico, aut\u00eantico e Marcante.  Seu pedido \u00e9 Urgente? Compre pelo WhatsApp! \u00c9 Rapidinho, Pediu, Chegou!: 48 99831-0602\" \/>\n<meta property=\"og:url\" content=\"https:\/\/www.floriculturacheiroverde.com\/novo\/produto\/lancamento-explode-coracao-cod-a-809\/\" \/>\n<meta property=\"og:site_name\" content=\"Floricultura Cheiro Verde\" \/>\n<meta property=\"article:modified_time\" content=\"2026-03-12T18:40:03+00:00\" \/>\n<meta property=\"og:image\" content=\"https:\/\/www.floriculturacheiroverde.com\/novo\/wp-content\/uploads\/2026\/03\/WhatsApp-Image-2026-03-08-at-00.40.03.jpeg\" \/>\n\t<meta property=\"og:image:width\" content=\"1452\" \/>\n\t<meta property=\"og:image:height\" content=\"1600\" \/>\n\t<meta property=\"og:image:type\" content=\"image\/jpeg\" \/>\n<meta name=\"twitter:card\" content=\"summary_large_image\" \/>\n<script type=\"application\/ld+json\" class=\"yoast-schema-graph\">{\"@context\":\"https:\/\/schema.org\",\"@graph\":[{\"@type\":\"WebPage\",\"@id\":\"https:\/\/www.floriculturacheiroverde.com\/novo\/produto\/lancamento-explode-coracao-cod-a-809\/\",\"url\":\"https:\/\/www.floriculturacheiroverde.com\/novo\/produto\/lancamento-explode-coracao-cod-a-809\/\",\"name\":\".LAN\u00c7AMENTO Explode Cora\u00e7\u00e3o. Cod. A-809 - Floricultura Cheiro Verde\",\"isPartOf\":{\"@id\":\"https:\/\/www.floriculturacheiroverde.com\/novo\/#website\"},\"primaryImageOfPage\":{\"@id\":\"https:\/\/www.floriculturacheiroverde.com\/novo\/produto\/lancamento-explode-coracao-cod-a-809\/#primaryimage\"},\"image\":{\"@id\":\"https:\/\/www.floriculturacheiroverde.com\/novo\/produto\/lancamento-explode-coracao-cod-a-809\/#primaryimage\"},\"thumbnailUrl\":\"https:\/\/www.floriculturacheiroverde.com\/novo\/wp-content\/uploads\/2026\/03\/WhatsApp-Image-2026-03-08-at-00.40.03.jpeg\",\"datePublished\":\"2026-03-08T03:42:22+00:00\",\"dateModified\":\"2026-03-12T18:40:03+00:00\",\"breadcrumb\":{\"@id\":\"https:\/\/www.floriculturacheiroverde.com\/novo\/produto\/lancamento-explode-coracao-cod-a-809\/#breadcrumb\"},\"inLanguage\":\"pt-BR\",\"potentialAction\":[{\"@type\":\"ReadAction\",\"target\":[\"https:\/\/www.floriculturacheiroverde.com\/novo\/produto\/lancamento-explode-coracao-cod-a-809\/\"]}]},{\"@type\":\"ImageObject\",\"inLanguage\":\"pt-BR\",\"@id\":\"https:\/\/www.floriculturacheiroverde.com\/novo\/produto\/lancamento-explode-coracao-cod-a-809\/#primaryimage\",\"url\":\"https:\/\/www.floriculturacheiroverde.com\/novo\/wp-content\/uploads\/2026\/03\/WhatsApp-Image-2026-03-08-at-00.40.03.jpeg\",\"contentUrl\":\"https:\/\/www.floriculturacheiroverde.com\/novo\/wp-content\/uploads\/2026\/03\/WhatsApp-Image-2026-03-08-at-00.40.03.jpeg\",\"width\":1452,\"height\":1600},{\"@type\":\"BreadcrumbList\",\"@id\":\"https:\/\/www.floriculturacheiroverde.com\/novo\/produto\/lancamento-explode-coracao-cod-a-809\/#breadcrumb\",\"itemListElement\":[{\"@type\":\"ListItem\",\"position\":1,\"name\":\"In\u00edcio\",\"item\":\"https:\/\/www.floriculturacheiroverde.com\/novo\/\"},{\"@type\":\"ListItem\",\"position\":2,\"name\":\"Shop\",\"item\":\"https:\/\/www.floriculturacheiroverde.com\/novo\/shop\/\"},{\"@type\":\"ListItem\",\"position\":3,\"name\":\".LAN\u00c7AMENTO Explode Cora\u00e7\u00e3o. Cod. A-809\"}]},{\"@type\":\"WebSite\",\"@id\":\"https:\/\/www.floriculturacheiroverde.com\/novo\/#website\",\"url\":\"https:\/\/www.floriculturacheiroverde.com\/novo\/\",\"name\":\"Floricultura Cheiro Verde\",\"description\":\"Compre Flores Online - Floricultura na Palho\u00e7a\",\"potentialAction\":[{\"@type\":\"SearchAction\",\"target\":{\"@type\":\"EntryPoint\",\"urlTemplate\":\"https:\/\/www.floriculturacheiroverde.com\/novo\/?s={search_term_string}\"},\"query-input\":{\"@type\":\"PropertyValueSpecification\",\"valueRequired\":true,\"valueName\":\"search_term_string\"}}],\"inLanguage\":\"pt-BR\"}]}<\/script>\n<!-- \/ Yoast SEO plugin. -->","yoast_head_json":{"title":".LAN\u00c7AMENTO Explode Cora\u00e7\u00e3o. Cod. A-809 - Floricultura Cheiro Verde","robots":{"index":"index","follow":"follow","max-snippet":"max-snippet:-1","max-image-preview":"max-image-preview:large","max-video-preview":"max-video-preview:-1"},"canonical":"https:\/\/www.floriculturacheiroverde.com\/novo\/produto\/lancamento-explode-coracao-cod-a-809\/","og_locale":"pt_BR","og_type":"article","og_title":".LAN\u00c7AMENTO Explode Cora\u00e7\u00e3o. Cod. A-809 - Floricultura Cheiro Verde","og_description":"Maravilhoso e Encantador Cora\u00e7\u00e3o de Rosas com Ferrero Rocher! Um sonho de presente, Rom\u00e2ntico, aut\u00eantico e Marcante.  Seu pedido \u00e9 Urgente? Compre pelo WhatsApp! \u00c9 Rapidinho, Pediu, Chegou!: 48 99831-0602","og_url":"https:\/\/www.floriculturacheiroverde.com\/novo\/produto\/lancamento-explode-coracao-cod-a-809\/","og_site_name":"Floricultura Cheiro Verde","article_modified_time":"2026-03-12T18:40:03+00:00","og_image":[{"width":1452,"height":1600,"url":"https:\/\/www.floriculturacheiroverde.com\/novo\/wp-content\/uploads\/2026\/03\/WhatsApp-Image-2026-03-08-at-00.40.03.jpeg","type":"image\/jpeg"}],"twitter_card":"summary_large_image","schema":{"@context":"https:\/\/schema.org","@graph":[{"@type":"WebPage","@id":"https:\/\/www.floriculturacheiroverde.com\/novo\/produto\/lancamento-explode-coracao-cod-a-809\/","url":"https:\/\/www.floriculturacheiroverde.com\/novo\/produto\/lancamento-explode-coracao-cod-a-809\/","name":".LAN\u00c7AMENTO Explode Cora\u00e7\u00e3o. Cod. A-809 - Floricultura Cheiro Verde","isPartOf":{"@id":"https:\/\/www.floriculturacheiroverde.com\/novo\/#website"},"primaryImageOfPage":{"@id":"https:\/\/www.floriculturacheiroverde.com\/novo\/produto\/lancamento-explode-coracao-cod-a-809\/#primaryimage"},"image":{"@id":"https:\/\/www.floriculturacheiroverde.com\/novo\/produto\/lancamento-explode-coracao-cod-a-809\/#primaryimage"},"thumbnailUrl":"https:\/\/www.floriculturacheiroverde.com\/novo\/wp-content\/uploads\/2026\/03\/WhatsApp-Image-2026-03-08-at-00.40.03.jpeg","datePublished":"2026-03-08T03:42:22+00:00","dateModified":"2026-03-12T18:40:03+00:00","breadcrumb":{"@id":"https:\/\/www.floriculturacheiroverde.com\/novo\/produto\/lancamento-explode-coracao-cod-a-809\/#breadcrumb"},"inLanguage":"pt-BR","potentialAction":[{"@type":"ReadAction","target":["https:\/\/www.floriculturacheiroverde.com\/novo\/produto\/lancamento-explode-coracao-cod-a-809\/"]}]},{"@type":"ImageObject","inLanguage":"pt-BR","@id":"https:\/\/www.floriculturacheiroverde.com\/novo\/produto\/lancamento-explode-coracao-cod-a-809\/#primaryimage","url":"https:\/\/www.floriculturacheiroverde.com\/novo\/wp-content\/uploads\/2026\/03\/WhatsApp-Image-2026-03-08-at-00.40.03.jpeg","contentUrl":"https:\/\/www.floriculturacheiroverde.com\/novo\/wp-content\/uploads\/2026\/03\/WhatsApp-Image-2026-03-08-at-00.40.03.jpeg","width":1452,"height":1600},{"@type":"BreadcrumbList","@id":"https:\/\/www.floriculturacheiroverde.com\/novo\/produto\/lancamento-explode-coracao-cod-a-809\/#breadcrumb","itemListElement":[{"@type":"ListItem","position":1,"name":"In\u00edcio","item":"https:\/\/www.floriculturacheiroverde.com\/novo\/"},{"@type":"ListItem","position":2,"name":"Shop","item":"https:\/\/www.floriculturacheiroverde.com\/novo\/shop\/"},{"@type":"ListItem","position":3,"name":".LAN\u00c7AMENTO Explode Cora\u00e7\u00e3o. Cod. A-809"}]},{"@type":"WebSite","@id":"https:\/\/www.floriculturacheiroverde.com\/novo\/#website","url":"https:\/\/www.floriculturacheiroverde.com\/novo\/","name":"Floricultura Cheiro Verde","description":"Compre Flores Online - Floricultura na Palho\u00e7a","potentialAction":[{"@type":"SearchAction","target":{"@type":"EntryPoint","urlTemplate":"https:\/\/www.floriculturacheiroverde.com\/novo\/?s={search_term_string}"},"query-input":{"@type":"PropertyValueSpecification","valueRequired":true,"valueName":"search_term_string"}}],"inLanguage":"pt-BR"}]}},"_links":{"self":[{"href":"https:\/\/www.floriculturacheiroverde.com\/novo\/wp-json\/wp\/v2\/product\/8788","targetHints":{"allow":["GET"]}}],"collection":[{"href":"https:\/\/www.floriculturacheiroverde.com\/novo\/wp-json\/wp\/v2\/product"}],"about":[{"href":"https:\/\/www.floriculturacheiroverde.com\/novo\/wp-json\/wp\/v2\/types\/product"}],"wp:featuredmedia":[{"embeddable":true,"href":"https:\/\/www.floriculturacheiroverde.com\/novo\/wp-json\/wp\/v2\/media\/8789"}],"wp:attachment":[{"href":"https:\/\/www.floriculturacheiroverde.com\/novo\/wp-json\/wp\/v2\/media?parent=8788"}],"wp:term":[{"taxonomy":"product_brand","embeddable":true,"href":"https:\/\/www.floriculturacheiroverde.com\/novo\/wp-json\/wp\/v2\/product_brand?post=8788"},{"taxonomy":"product_cat","embeddable":true,"href":"https:\/\/www.floriculturacheiroverde.com\/novo\/wp-json\/wp\/v2\/product_cat?post=8788"},{"taxonomy":"product_tag","embeddable":true,"href":"https:\/\/www.floriculturacheiroverde.com\/novo\/wp-json\/wp\/v2\/product_tag?post=8788"}],"curies":[{"name":"wp","href":"https:\/\/api.w.org\/{rel}","templated":true}]}}