{"id":8623,"date":"2026-01-29T09:55:01","date_gmt":"2026-01-29T12:55:01","guid":{"rendered":"https:\/\/www.floriculturacheiroverde.com\/novo\/?post_type=product&#038;p=8623"},"modified":"2026-02-03T09:58:02","modified_gmt":"2026-02-03T12:58:02","slug":"caixa-charmosa-cod-c-288","status":"publish","type":"product","link":"https:\/\/www.floriculturacheiroverde.com\/novo\/produto\/caixa-charmosa-cod-c-288\/","title":{"rendered":"Caixa Charmosa. Cod. C-288"},"content":{"rendered":"","protected":false},"excerpt":{"rendered":"<p><span style=\"color: #000000\"><strong>Maravilhosa Caixa com Arranjo de Rosa e Girassol, Chocolate Ferrero Rocher 100g, Urso Charmosinho, Biscoitos Bauducco e embalagme decorativa.. <\/strong><\/span><span style=\"color: #000000\"><strong>Tamb\u00e9m \u00e9 poss\u00edvel fazer ela com tema rom\u00e2ntico ou Anivers\u00e1rio.<\/strong><\/span><\/p>\n<p><strong><span style=\"color: #0000ff\">Seu pedido \u00e9 Urgente? Compre agora mesmo pelo WhatsApp. \u00c9 R\u00e1pido e F\u00e1cil.<br \/>\nEntregamos no mesmo dia -&gt; (48) 99831-0602<\/span><\/strong><\/p>\n","protected":false},"featured_media":8625,"template":"","meta":[],"product_brand":[],"product_cat":[150,180,162,282],"product_tag":[],"class_list":{"0":"post-8623","1":"product","2":"type-product","3":"status-publish","4":"has-post-thumbnail","6":"product_cat-aniversario","7":"product_cat-cesta-de-chocolates","8":"product_cat-cestas","9":"product_cat-girassol","10":"tm-has-options","12":"first","13":"instock","14":"sale","15":"shipping-taxable","16":"purchasable","17":"product-type-simple"},"yoast_head":"<!-- This site is optimized with the Yoast SEO plugin v26.2 - https:\/\/yoast.com\/wordpress\/plugins\/seo\/ -->\n<title>Caixa Charmosa. Cod. C-288 - Floricultura Cheiro Verde<\/title>\n<meta name=\"robots\" content=\"index, follow, max-snippet:-1, max-image-preview:large, max-video-preview:-1\" \/>\n<link rel=\"canonical\" href=\"https:\/\/www.floriculturacheiroverde.com\/novo\/produto\/caixa-charmosa-cod-c-288\/\" \/>\n<meta property=\"og:locale\" content=\"pt_BR\" \/>\n<meta property=\"og:type\" content=\"article\" \/>\n<meta property=\"og:title\" content=\"Caixa Charmosa. Cod. C-288 - Floricultura Cheiro Verde\" \/>\n<meta property=\"og:description\" content=\"Maravilhosa Caixa com Arranjo de Rosa e Girassol, Chocolate Ferrero Rocher 100g, Urso Charmosinho, Biscoitos Bauducco e embalagme decorativa.. Tamb\u00e9m \u00e9 poss\u00edvel fazer ela com tema rom\u00e2ntico ou Anivers\u00e1rio.  Seu pedido \u00e9 Urgente? Compre agora mesmo pelo WhatsApp. \u00c9 R\u00e1pido e F\u00e1cil. Entregamos no mesmo dia -&gt; (48) 99831-0602\" \/>\n<meta property=\"og:url\" content=\"https:\/\/www.floriculturacheiroverde.com\/novo\/produto\/caixa-charmosa-cod-c-288\/\" \/>\n<meta property=\"og:site_name\" content=\"Floricultura Cheiro Verde\" \/>\n<meta property=\"article:modified_time\" content=\"2026-02-03T12:58:02+00:00\" \/>\n<meta property=\"og:image\" content=\"https:\/\/www.floriculturacheiroverde.com\/novo\/wp-content\/uploads\/2026\/01\/WhatsApp-Image-2026-01-29-at-09.50.51-1.jpeg\" \/>\n\t<meta property=\"og:image:width\" content=\"1228\" \/>\n\t<meta property=\"og:image:height\" content=\"1280\" \/>\n\t<meta property=\"og:image:type\" content=\"image\/jpeg\" \/>\n<meta name=\"twitter:card\" content=\"summary_large_image\" \/>\n<meta name=\"twitter:label1\" content=\"Est. tempo de leitura\" \/>\n\t<meta name=\"twitter:data1\" content=\"1 minuto\" \/>\n<script type=\"application\/ld+json\" class=\"yoast-schema-graph\">{\"@context\":\"https:\/\/schema.org\",\"@graph\":[{\"@type\":\"WebPage\",\"@id\":\"https:\/\/www.floriculturacheiroverde.com\/novo\/produto\/caixa-charmosa-cod-c-288\/\",\"url\":\"https:\/\/www.floriculturacheiroverde.com\/novo\/produto\/caixa-charmosa-cod-c-288\/\",\"name\":\"Caixa Charmosa. Cod. C-288 - Floricultura Cheiro Verde\",\"isPartOf\":{\"@id\":\"https:\/\/www.floriculturacheiroverde.com\/novo\/#website\"},\"primaryImageOfPage\":{\"@id\":\"https:\/\/www.floriculturacheiroverde.com\/novo\/produto\/caixa-charmosa-cod-c-288\/#primaryimage\"},\"image\":{\"@id\":\"https:\/\/www.floriculturacheiroverde.com\/novo\/produto\/caixa-charmosa-cod-c-288\/#primaryimage\"},\"thumbnailUrl\":\"https:\/\/www.floriculturacheiroverde.com\/novo\/wp-content\/uploads\/2026\/01\/WhatsApp-Image-2026-01-29-at-09.50.51-1.jpeg\",\"datePublished\":\"2026-01-29T12:55:01+00:00\",\"dateModified\":\"2026-02-03T12:58:02+00:00\",\"breadcrumb\":{\"@id\":\"https:\/\/www.floriculturacheiroverde.com\/novo\/produto\/caixa-charmosa-cod-c-288\/#breadcrumb\"},\"inLanguage\":\"pt-BR\",\"potentialAction\":[{\"@type\":\"ReadAction\",\"target\":[\"https:\/\/www.floriculturacheiroverde.com\/novo\/produto\/caixa-charmosa-cod-c-288\/\"]}]},{\"@type\":\"ImageObject\",\"inLanguage\":\"pt-BR\",\"@id\":\"https:\/\/www.floriculturacheiroverde.com\/novo\/produto\/caixa-charmosa-cod-c-288\/#primaryimage\",\"url\":\"https:\/\/www.floriculturacheiroverde.com\/novo\/wp-content\/uploads\/2026\/01\/WhatsApp-Image-2026-01-29-at-09.50.51-1.jpeg\",\"contentUrl\":\"https:\/\/www.floriculturacheiroverde.com\/novo\/wp-content\/uploads\/2026\/01\/WhatsApp-Image-2026-01-29-at-09.50.51-1.jpeg\",\"width\":1228,\"height\":1280},{\"@type\":\"BreadcrumbList\",\"@id\":\"https:\/\/www.floriculturacheiroverde.com\/novo\/produto\/caixa-charmosa-cod-c-288\/#breadcrumb\",\"itemListElement\":[{\"@type\":\"ListItem\",\"position\":1,\"name\":\"In\u00edcio\",\"item\":\"https:\/\/www.floriculturacheiroverde.com\/novo\/\"},{\"@type\":\"ListItem\",\"position\":2,\"name\":\"Shop\",\"item\":\"https:\/\/www.floriculturacheiroverde.com\/novo\/shop\/\"},{\"@type\":\"ListItem\",\"position\":3,\"name\":\"Caixa Charmosa. Cod. C-288\"}]},{\"@type\":\"WebSite\",\"@id\":\"https:\/\/www.floriculturacheiroverde.com\/novo\/#website\",\"url\":\"https:\/\/www.floriculturacheiroverde.com\/novo\/\",\"name\":\"Floricultura Cheiro Verde\",\"description\":\"Compre Flores Online - Floricultura na Palho\u00e7a\",\"potentialAction\":[{\"@type\":\"SearchAction\",\"target\":{\"@type\":\"EntryPoint\",\"urlTemplate\":\"https:\/\/www.floriculturacheiroverde.com\/novo\/?s={search_term_string}\"},\"query-input\":{\"@type\":\"PropertyValueSpecification\",\"valueRequired\":true,\"valueName\":\"search_term_string\"}}],\"inLanguage\":\"pt-BR\"}]}<\/script>\n<!-- \/ Yoast SEO plugin. -->","yoast_head_json":{"title":"Caixa Charmosa. Cod. C-288 - Floricultura Cheiro Verde","robots":{"index":"index","follow":"follow","max-snippet":"max-snippet:-1","max-image-preview":"max-image-preview:large","max-video-preview":"max-video-preview:-1"},"canonical":"https:\/\/www.floriculturacheiroverde.com\/novo\/produto\/caixa-charmosa-cod-c-288\/","og_locale":"pt_BR","og_type":"article","og_title":"Caixa Charmosa. Cod. C-288 - Floricultura Cheiro Verde","og_description":"Maravilhosa Caixa com Arranjo de Rosa e Girassol, Chocolate Ferrero Rocher 100g, Urso Charmosinho, Biscoitos Bauducco e embalagme decorativa.. Tamb\u00e9m \u00e9 poss\u00edvel fazer ela com tema rom\u00e2ntico ou Anivers\u00e1rio.  Seu pedido \u00e9 Urgente? Compre agora mesmo pelo WhatsApp. \u00c9 R\u00e1pido e F\u00e1cil. Entregamos no mesmo dia -&gt; (48) 99831-0602","og_url":"https:\/\/www.floriculturacheiroverde.com\/novo\/produto\/caixa-charmosa-cod-c-288\/","og_site_name":"Floricultura Cheiro Verde","article_modified_time":"2026-02-03T12:58:02+00:00","og_image":[{"width":1228,"height":1280,"url":"https:\/\/www.floriculturacheiroverde.com\/novo\/wp-content\/uploads\/2026\/01\/WhatsApp-Image-2026-01-29-at-09.50.51-1.jpeg","type":"image\/jpeg"}],"twitter_card":"summary_large_image","twitter_misc":{"Est. tempo de leitura":"1 minuto"},"schema":{"@context":"https:\/\/schema.org","@graph":[{"@type":"WebPage","@id":"https:\/\/www.floriculturacheiroverde.com\/novo\/produto\/caixa-charmosa-cod-c-288\/","url":"https:\/\/www.floriculturacheiroverde.com\/novo\/produto\/caixa-charmosa-cod-c-288\/","name":"Caixa Charmosa. Cod. C-288 - Floricultura Cheiro Verde","isPartOf":{"@id":"https:\/\/www.floriculturacheiroverde.com\/novo\/#website"},"primaryImageOfPage":{"@id":"https:\/\/www.floriculturacheiroverde.com\/novo\/produto\/caixa-charmosa-cod-c-288\/#primaryimage"},"image":{"@id":"https:\/\/www.floriculturacheiroverde.com\/novo\/produto\/caixa-charmosa-cod-c-288\/#primaryimage"},"thumbnailUrl":"https:\/\/www.floriculturacheiroverde.com\/novo\/wp-content\/uploads\/2026\/01\/WhatsApp-Image-2026-01-29-at-09.50.51-1.jpeg","datePublished":"2026-01-29T12:55:01+00:00","dateModified":"2026-02-03T12:58:02+00:00","breadcrumb":{"@id":"https:\/\/www.floriculturacheiroverde.com\/novo\/produto\/caixa-charmosa-cod-c-288\/#breadcrumb"},"inLanguage":"pt-BR","potentialAction":[{"@type":"ReadAction","target":["https:\/\/www.floriculturacheiroverde.com\/novo\/produto\/caixa-charmosa-cod-c-288\/"]}]},{"@type":"ImageObject","inLanguage":"pt-BR","@id":"https:\/\/www.floriculturacheiroverde.com\/novo\/produto\/caixa-charmosa-cod-c-288\/#primaryimage","url":"https:\/\/www.floriculturacheiroverde.com\/novo\/wp-content\/uploads\/2026\/01\/WhatsApp-Image-2026-01-29-at-09.50.51-1.jpeg","contentUrl":"https:\/\/www.floriculturacheiroverde.com\/novo\/wp-content\/uploads\/2026\/01\/WhatsApp-Image-2026-01-29-at-09.50.51-1.jpeg","width":1228,"height":1280},{"@type":"BreadcrumbList","@id":"https:\/\/www.floriculturacheiroverde.com\/novo\/produto\/caixa-charmosa-cod-c-288\/#breadcrumb","itemListElement":[{"@type":"ListItem","position":1,"name":"In\u00edcio","item":"https:\/\/www.floriculturacheiroverde.com\/novo\/"},{"@type":"ListItem","position":2,"name":"Shop","item":"https:\/\/www.floriculturacheiroverde.com\/novo\/shop\/"},{"@type":"ListItem","position":3,"name":"Caixa Charmosa. Cod. C-288"}]},{"@type":"WebSite","@id":"https:\/\/www.floriculturacheiroverde.com\/novo\/#website","url":"https:\/\/www.floriculturacheiroverde.com\/novo\/","name":"Floricultura Cheiro Verde","description":"Compre Flores Online - Floricultura na Palho\u00e7a","potentialAction":[{"@type":"SearchAction","target":{"@type":"EntryPoint","urlTemplate":"https:\/\/www.floriculturacheiroverde.com\/novo\/?s={search_term_string}"},"query-input":{"@type":"PropertyValueSpecification","valueRequired":true,"valueName":"search_term_string"}}],"inLanguage":"pt-BR"}]}},"_links":{"self":[{"href":"https:\/\/www.floriculturacheiroverde.com\/novo\/wp-json\/wp\/v2\/product\/8623","targetHints":{"allow":["GET"]}}],"collection":[{"href":"https:\/\/www.floriculturacheiroverde.com\/novo\/wp-json\/wp\/v2\/product"}],"about":[{"href":"https:\/\/www.floriculturacheiroverde.com\/novo\/wp-json\/wp\/v2\/types\/product"}],"wp:featuredmedia":[{"embeddable":true,"href":"https:\/\/www.floriculturacheiroverde.com\/novo\/wp-json\/wp\/v2\/media\/8625"}],"wp:attachment":[{"href":"https:\/\/www.floriculturacheiroverde.com\/novo\/wp-json\/wp\/v2\/media?parent=8623"}],"wp:term":[{"taxonomy":"product_brand","embeddable":true,"href":"https:\/\/www.floriculturacheiroverde.com\/novo\/wp-json\/wp\/v2\/product_brand?post=8623"},{"taxonomy":"product_cat","embeddable":true,"href":"https:\/\/www.floriculturacheiroverde.com\/novo\/wp-json\/wp\/v2\/product_cat?post=8623"},{"taxonomy":"product_tag","embeddable":true,"href":"https:\/\/www.floriculturacheiroverde.com\/novo\/wp-json\/wp\/v2\/product_tag?post=8623"}],"curies":[{"name":"wp","href":"https:\/\/api.w.org\/{rel}","templated":true}]}}