{"id":7759,"date":"2025-05-06T06:52:26","date_gmt":"2025-05-06T09:52:26","guid":{"rendered":"https:\/\/www.floriculturacheiroverde.com\/novo\/?post_type=product&#038;p=7759"},"modified":"2025-09-24T10:11:49","modified_gmt":"2025-09-24T13:11:49","slug":"cesta-amsterdam-cod-c-076-copia","status":"publish","type":"product","link":"https:\/\/www.floriculturacheiroverde.com\/novo\/produto\/cesta-amsterdam-cod-c-076-copia\/","title":{"rendered":"Cesta Amsterdam Cod. C-076"},"content":{"rendered":"","protected":false},"excerpt":{"rendered":"<p><span style=\"color: #000000\"><em><strong>Graciosa Cesta com Arranjo de Rosas Importadas, Biscoitos Doces, Salgados, Torrada, Suco, Achocolatado, Bolinho de Chocolate, Mini Refrigerante, Bombons, Caf\u00e9, Caf\u00e9 Capuccino, Barra de Cereal, Ch\u00e1 e muitos outros&#8230;<\/strong><\/em><\/span><\/p>\n<h4><strong><span style=\"color: #0000ff\">Seu pedido \u00e9 Urgente? Compre agora mesmo pelo WhatsApp. \u00c9 R\u00e1pido e F\u00e1cil.<br \/>\nEntregamos no mesmo dia -&gt; (48) 99831-0602<\/span><\/strong><\/h4>\n","protected":false},"featured_media":4277,"template":"","meta":[],"product_brand":[],"product_cat":[158,150,157,162,169,154,155,156,153],"product_tag":[],"class_list":{"0":"post-7759","1":"product","2":"type-product","3":"status-publish","4":"has-post-thumbnail","6":"product_cat-agradecimento","7":"product_cat-aniversario","8":"product_cat-cesta-de-cafe","9":"product_cat-cestas","10":"product_cat-cestas-pequenas","11":"product_cat-dia-das-maes","12":"product_cat-dia-dos-namorados","13":"product_cat-dia-international-da-mulher","14":"product_cat-romantico","15":"tm-has-options","17":"first","18":"instock","19":"shipping-taxable","20":"purchasable","21":"product-type-simple"},"yoast_head":"<!-- This site is optimized with the Yoast SEO plugin v26.2 - https:\/\/yoast.com\/wordpress\/plugins\/seo\/ -->\n<title>Cesta Amsterdam Cod. C-076 - Floricultura Cheiro Verde<\/title>\n<meta name=\"robots\" content=\"index, follow, max-snippet:-1, max-image-preview:large, max-video-preview:-1\" \/>\n<link rel=\"canonical\" href=\"https:\/\/www.floriculturacheiroverde.com\/novo\/produto\/cesta-amsterdam-cod-c-076-copia\/\" \/>\n<meta property=\"og:locale\" content=\"pt_BR\" \/>\n<meta property=\"og:type\" content=\"article\" \/>\n<meta property=\"og:title\" content=\"Cesta Amsterdam Cod. C-076 - Floricultura Cheiro Verde\" \/>\n<meta property=\"og:description\" content=\"Graciosa Cesta com Arranjo de Rosas Importadas, Biscoitos Doces, Salgados, Torrada, Suco, Achocolatado, Bolinho de Chocolate, Mini Refrigerante, Bombons, Caf\u00e9, Caf\u00e9 Capuccino, Barra de Cereal, Ch\u00e1 e muitos outros... Seu pedido \u00e9 Urgente? Compre agora mesmo pelo WhatsApp. \u00c9 R\u00e1pido e F\u00e1cil. Entregamos no mesmo dia -&gt; (48) 99831-0602\" \/>\n<meta property=\"og:url\" content=\"https:\/\/www.floriculturacheiroverde.com\/novo\/produto\/cesta-amsterdam-cod-c-076-copia\/\" \/>\n<meta property=\"og:site_name\" content=\"Floricultura Cheiro Verde\" \/>\n<meta property=\"article:modified_time\" content=\"2025-09-24T13:11:49+00:00\" \/>\n<meta property=\"og:image\" content=\"https:\/\/www.floriculturacheiroverde.com\/novo\/wp-content\/uploads\/2025\/04\/011.jpg\" \/>\n\t<meta property=\"og:image:width\" content=\"2056\" \/>\n\t<meta property=\"og:image:height\" content=\"2056\" \/>\n\t<meta property=\"og:image:type\" content=\"image\/jpeg\" \/>\n<meta name=\"twitter:card\" content=\"summary_large_image\" \/>\n<script type=\"application\/ld+json\" class=\"yoast-schema-graph\">{\"@context\":\"https:\/\/schema.org\",\"@graph\":[{\"@type\":\"WebPage\",\"@id\":\"https:\/\/www.floriculturacheiroverde.com\/novo\/produto\/cesta-amsterdam-cod-c-076-copia\/\",\"url\":\"https:\/\/www.floriculturacheiroverde.com\/novo\/produto\/cesta-amsterdam-cod-c-076-copia\/\",\"name\":\"Cesta Amsterdam Cod. C-076 - Floricultura Cheiro Verde\",\"isPartOf\":{\"@id\":\"https:\/\/www.floriculturacheiroverde.com\/novo\/#website\"},\"primaryImageOfPage\":{\"@id\":\"https:\/\/www.floriculturacheiroverde.com\/novo\/produto\/cesta-amsterdam-cod-c-076-copia\/#primaryimage\"},\"image\":{\"@id\":\"https:\/\/www.floriculturacheiroverde.com\/novo\/produto\/cesta-amsterdam-cod-c-076-copia\/#primaryimage\"},\"thumbnailUrl\":\"https:\/\/www.floriculturacheiroverde.com\/novo\/wp-content\/uploads\/2025\/04\/011.jpg\",\"datePublished\":\"2025-05-06T09:52:26+00:00\",\"dateModified\":\"2025-09-24T13:11:49+00:00\",\"breadcrumb\":{\"@id\":\"https:\/\/www.floriculturacheiroverde.com\/novo\/produto\/cesta-amsterdam-cod-c-076-copia\/#breadcrumb\"},\"inLanguage\":\"pt-BR\",\"potentialAction\":[{\"@type\":\"ReadAction\",\"target\":[\"https:\/\/www.floriculturacheiroverde.com\/novo\/produto\/cesta-amsterdam-cod-c-076-copia\/\"]}]},{\"@type\":\"ImageObject\",\"inLanguage\":\"pt-BR\",\"@id\":\"https:\/\/www.floriculturacheiroverde.com\/novo\/produto\/cesta-amsterdam-cod-c-076-copia\/#primaryimage\",\"url\":\"https:\/\/www.floriculturacheiroverde.com\/novo\/wp-content\/uploads\/2025\/04\/011.jpg\",\"contentUrl\":\"https:\/\/www.floriculturacheiroverde.com\/novo\/wp-content\/uploads\/2025\/04\/011.jpg\",\"width\":2056,\"height\":2056},{\"@type\":\"BreadcrumbList\",\"@id\":\"https:\/\/www.floriculturacheiroverde.com\/novo\/produto\/cesta-amsterdam-cod-c-076-copia\/#breadcrumb\",\"itemListElement\":[{\"@type\":\"ListItem\",\"position\":1,\"name\":\"In\u00edcio\",\"item\":\"https:\/\/www.floriculturacheiroverde.com\/novo\/\"},{\"@type\":\"ListItem\",\"position\":2,\"name\":\"Shop\",\"item\":\"https:\/\/www.floriculturacheiroverde.com\/novo\/shop\/\"},{\"@type\":\"ListItem\",\"position\":3,\"name\":\"Cesta Amsterdam Cod. C-076\"}]},{\"@type\":\"WebSite\",\"@id\":\"https:\/\/www.floriculturacheiroverde.com\/novo\/#website\",\"url\":\"https:\/\/www.floriculturacheiroverde.com\/novo\/\",\"name\":\"Floricultura Cheiro Verde\",\"description\":\"Compre Flores Online - Floricultura na Palho\u00e7a\",\"potentialAction\":[{\"@type\":\"SearchAction\",\"target\":{\"@type\":\"EntryPoint\",\"urlTemplate\":\"https:\/\/www.floriculturacheiroverde.com\/novo\/?s={search_term_string}\"},\"query-input\":{\"@type\":\"PropertyValueSpecification\",\"valueRequired\":true,\"valueName\":\"search_term_string\"}}],\"inLanguage\":\"pt-BR\"}]}<\/script>\n<!-- \/ Yoast SEO plugin. -->","yoast_head_json":{"title":"Cesta Amsterdam Cod. C-076 - Floricultura Cheiro Verde","robots":{"index":"index","follow":"follow","max-snippet":"max-snippet:-1","max-image-preview":"max-image-preview:large","max-video-preview":"max-video-preview:-1"},"canonical":"https:\/\/www.floriculturacheiroverde.com\/novo\/produto\/cesta-amsterdam-cod-c-076-copia\/","og_locale":"pt_BR","og_type":"article","og_title":"Cesta Amsterdam Cod. C-076 - Floricultura Cheiro Verde","og_description":"Graciosa Cesta com Arranjo de Rosas Importadas, Biscoitos Doces, Salgados, Torrada, Suco, Achocolatado, Bolinho de Chocolate, Mini Refrigerante, Bombons, Caf\u00e9, Caf\u00e9 Capuccino, Barra de Cereal, Ch\u00e1 e muitos outros... Seu pedido \u00e9 Urgente? Compre agora mesmo pelo WhatsApp. \u00c9 R\u00e1pido e F\u00e1cil. Entregamos no mesmo dia -&gt; (48) 99831-0602","og_url":"https:\/\/www.floriculturacheiroverde.com\/novo\/produto\/cesta-amsterdam-cod-c-076-copia\/","og_site_name":"Floricultura Cheiro Verde","article_modified_time":"2025-09-24T13:11:49+00:00","og_image":[{"width":2056,"height":2056,"url":"https:\/\/www.floriculturacheiroverde.com\/novo\/wp-content\/uploads\/2025\/04\/011.jpg","type":"image\/jpeg"}],"twitter_card":"summary_large_image","schema":{"@context":"https:\/\/schema.org","@graph":[{"@type":"WebPage","@id":"https:\/\/www.floriculturacheiroverde.com\/novo\/produto\/cesta-amsterdam-cod-c-076-copia\/","url":"https:\/\/www.floriculturacheiroverde.com\/novo\/produto\/cesta-amsterdam-cod-c-076-copia\/","name":"Cesta Amsterdam Cod. C-076 - Floricultura Cheiro Verde","isPartOf":{"@id":"https:\/\/www.floriculturacheiroverde.com\/novo\/#website"},"primaryImageOfPage":{"@id":"https:\/\/www.floriculturacheiroverde.com\/novo\/produto\/cesta-amsterdam-cod-c-076-copia\/#primaryimage"},"image":{"@id":"https:\/\/www.floriculturacheiroverde.com\/novo\/produto\/cesta-amsterdam-cod-c-076-copia\/#primaryimage"},"thumbnailUrl":"https:\/\/www.floriculturacheiroverde.com\/novo\/wp-content\/uploads\/2025\/04\/011.jpg","datePublished":"2025-05-06T09:52:26+00:00","dateModified":"2025-09-24T13:11:49+00:00","breadcrumb":{"@id":"https:\/\/www.floriculturacheiroverde.com\/novo\/produto\/cesta-amsterdam-cod-c-076-copia\/#breadcrumb"},"inLanguage":"pt-BR","potentialAction":[{"@type":"ReadAction","target":["https:\/\/www.floriculturacheiroverde.com\/novo\/produto\/cesta-amsterdam-cod-c-076-copia\/"]}]},{"@type":"ImageObject","inLanguage":"pt-BR","@id":"https:\/\/www.floriculturacheiroverde.com\/novo\/produto\/cesta-amsterdam-cod-c-076-copia\/#primaryimage","url":"https:\/\/www.floriculturacheiroverde.com\/novo\/wp-content\/uploads\/2025\/04\/011.jpg","contentUrl":"https:\/\/www.floriculturacheiroverde.com\/novo\/wp-content\/uploads\/2025\/04\/011.jpg","width":2056,"height":2056},{"@type":"BreadcrumbList","@id":"https:\/\/www.floriculturacheiroverde.com\/novo\/produto\/cesta-amsterdam-cod-c-076-copia\/#breadcrumb","itemListElement":[{"@type":"ListItem","position":1,"name":"In\u00edcio","item":"https:\/\/www.floriculturacheiroverde.com\/novo\/"},{"@type":"ListItem","position":2,"name":"Shop","item":"https:\/\/www.floriculturacheiroverde.com\/novo\/shop\/"},{"@type":"ListItem","position":3,"name":"Cesta Amsterdam Cod. C-076"}]},{"@type":"WebSite","@id":"https:\/\/www.floriculturacheiroverde.com\/novo\/#website","url":"https:\/\/www.floriculturacheiroverde.com\/novo\/","name":"Floricultura Cheiro Verde","description":"Compre Flores Online - Floricultura na Palho\u00e7a","potentialAction":[{"@type":"SearchAction","target":{"@type":"EntryPoint","urlTemplate":"https:\/\/www.floriculturacheiroverde.com\/novo\/?s={search_term_string}"},"query-input":{"@type":"PropertyValueSpecification","valueRequired":true,"valueName":"search_term_string"}}],"inLanguage":"pt-BR"}]}},"_links":{"self":[{"href":"https:\/\/www.floriculturacheiroverde.com\/novo\/wp-json\/wp\/v2\/product\/7759","targetHints":{"allow":["GET"]}}],"collection":[{"href":"https:\/\/www.floriculturacheiroverde.com\/novo\/wp-json\/wp\/v2\/product"}],"about":[{"href":"https:\/\/www.floriculturacheiroverde.com\/novo\/wp-json\/wp\/v2\/types\/product"}],"wp:featuredmedia":[{"embeddable":true,"href":"https:\/\/www.floriculturacheiroverde.com\/novo\/wp-json\/wp\/v2\/media\/4277"}],"wp:attachment":[{"href":"https:\/\/www.floriculturacheiroverde.com\/novo\/wp-json\/wp\/v2\/media?parent=7759"}],"wp:term":[{"taxonomy":"product_brand","embeddable":true,"href":"https:\/\/www.floriculturacheiroverde.com\/novo\/wp-json\/wp\/v2\/product_brand?post=7759"},{"taxonomy":"product_cat","embeddable":true,"href":"https:\/\/www.floriculturacheiroverde.com\/novo\/wp-json\/wp\/v2\/product_cat?post=7759"},{"taxonomy":"product_tag","embeddable":true,"href":"https:\/\/www.floriculturacheiroverde.com\/novo\/wp-json\/wp\/v2\/product_tag?post=7759"}],"curies":[{"name":"wp","href":"https:\/\/api.w.org\/{rel}","templated":true}]}}