{"id":7738,"date":"2024-12-16T10:33:43","date_gmt":"2024-12-16T13:33:43","guid":{"rendered":"https:\/\/www.floriculturacheiroverde.com\/novo\/?post_type=product&#038;p=7738"},"modified":"2026-04-16T10:06:50","modified_gmt":"2026-04-16T13:06:50","slug":"bau-encanto-de-chocolates-cod-c-130-2","status":"publish","type":"product","link":"https:\/\/www.floriculturacheiroverde.com\/novo\/produto\/bau-encanto-de-chocolates-cod-c-130-2\/","title":{"rendered":"Ba\u00fa Encanto de Chocolates. Cod. C-130"},"content":{"rendered":"","protected":false},"excerpt":{"rendered":"<p><span style=\"color: #000000\"><em><strong>Maravilhoso Ba\u00fa de Madeira Decorado, Recheado de Chocolates, Snikers, Kit Kat, Bis Extra, Trento, 5Star, Twix, Bib&#8217;s, M&amp;M&#8217;s Prest\u00edgio Hersheys Chocotubes, Kinder Ovo, Caixa de Ferrero Rocher 150g, Batatinhas Onduladas e Urso de Pel\u00facia Charmosinho acompanhado de\u00a0 uma delicada rosa Importada .<\/strong><\/em><\/span><\/p>\n<h4><span style=\"color: #ff0000\"><strong>ATEN\u00c7\u00c3O!!!<\/strong><\/span><\/h4>\n<h4><span style=\"color: #ff0000\">Compras pelo site apenas com 2 dias de anteced\u00eancia.<\/span><\/h4>\n<h4><span style=\"color: #ff0000\">Para entregas Urgentes, no mesmo dia ou no dia seguinte, compre diretamente com a loja pelo Tele Vendas ou Whatsapp em hor\u00e1rio comercial.<\/span><\/h4>\n<h4><span style=\"color: #0000ff\">Tele Vendas: (48) 3242-2097 \/ 3033-2097<\/span><\/h4>\n<h4><span style=\"color: #0000ff\">Whatsaap: (48) 99831-0602<\/span><\/h4>\n","protected":false},"featured_media":6076,"template":"","meta":[],"product_brand":[],"product_cat":[158,150,180,162,171,164,181,153],"product_tag":[],"class_list":{"0":"post-7738","1":"product","2":"type-product","3":"status-publish","4":"has-post-thumbnail","6":"product_cat-agradecimento","7":"product_cat-aniversario","8":"product_cat-cesta-de-chocolates","9":"product_cat-cestas","10":"product_cat-flores-chocolates","11":"product_cat-infantil","12":"product_cat-lancamentos","13":"product_cat-romantico","14":"tm-has-options","16":"first","17":"instock","18":"sale","19":"featured","20":"shipping-taxable","21":"purchasable","22":"product-type-simple"},"yoast_head":"<!-- This site is optimized with the Yoast SEO plugin v26.2 - https:\/\/yoast.com\/wordpress\/plugins\/seo\/ -->\n<title>Ba\u00fa Encanto de Chocolates. Cod. C-130 - Floricultura Cheiro Verde<\/title>\n<meta name=\"robots\" content=\"index, follow, max-snippet:-1, max-image-preview:large, max-video-preview:-1\" \/>\n<link rel=\"canonical\" href=\"https:\/\/www.floriculturacheiroverde.com\/novo\/produto\/bau-encanto-de-chocolates-cod-c-130-2\/\" \/>\n<meta property=\"og:locale\" content=\"pt_BR\" \/>\n<meta property=\"og:type\" content=\"article\" \/>\n<meta property=\"og:title\" content=\"Ba\u00fa Encanto de Chocolates. Cod. C-130 - Floricultura Cheiro Verde\" \/>\n<meta property=\"og:description\" content=\"Maravilhoso Ba\u00fa de Madeira Decorado, Recheado de Chocolates, Snikers, Kit Kat, Bis Extra, Trento, 5Star, Twix, Bib&#039;s, M&amp;M&#039;s Prest\u00edgio Hersheys Chocotubes, Kinder Ovo, Caixa de Ferrero Rocher 150g, Batatinhas Onduladas e Urso de Pel\u00facia Charmosinho acompanhado de\u00a0 uma delicada rosa Importada . ATEN\u00c7\u00c3O!!! Compras pelo site apenas com 2 dias de anteced\u00eancia. Para entregas Urgentes, no mesmo dia ou no dia seguinte, compre diretamente com a loja pelo Tele Vendas ou Whatsapp em hor\u00e1rio comercial. Tele Vendas: (48) 3242-2097 \/ 3033-2097 Whatsaap: (48) 99831-0602\" \/>\n<meta property=\"og:url\" content=\"https:\/\/www.floriculturacheiroverde.com\/novo\/produto\/bau-encanto-de-chocolates-cod-c-130-2\/\" \/>\n<meta property=\"og:site_name\" content=\"Floricultura Cheiro Verde\" \/>\n<meta property=\"article:modified_time\" content=\"2026-04-16T13:06:50+00:00\" \/>\n<meta property=\"og:image\" content=\"https:\/\/www.floriculturacheiroverde.com\/novo\/wp-content\/uploads\/2025\/04\/E5390AFA-095F-46B5-83C4-422119AFC986.jpeg\" \/>\n\t<meta property=\"og:image:width\" content=\"1818\" \/>\n\t<meta property=\"og:image:height\" content=\"1818\" \/>\n\t<meta property=\"og:image:type\" content=\"image\/jpeg\" \/>\n<meta name=\"twitter:card\" content=\"summary_large_image\" \/>\n<script type=\"application\/ld+json\" class=\"yoast-schema-graph\">{\"@context\":\"https:\/\/schema.org\",\"@graph\":[{\"@type\":\"WebPage\",\"@id\":\"https:\/\/www.floriculturacheiroverde.com\/novo\/produto\/bau-encanto-de-chocolates-cod-c-130-2\/\",\"url\":\"https:\/\/www.floriculturacheiroverde.com\/novo\/produto\/bau-encanto-de-chocolates-cod-c-130-2\/\",\"name\":\"Ba\u00fa Encanto de Chocolates. Cod. C-130 - Floricultura Cheiro Verde\",\"isPartOf\":{\"@id\":\"https:\/\/www.floriculturacheiroverde.com\/novo\/#website\"},\"primaryImageOfPage\":{\"@id\":\"https:\/\/www.floriculturacheiroverde.com\/novo\/produto\/bau-encanto-de-chocolates-cod-c-130-2\/#primaryimage\"},\"image\":{\"@id\":\"https:\/\/www.floriculturacheiroverde.com\/novo\/produto\/bau-encanto-de-chocolates-cod-c-130-2\/#primaryimage\"},\"thumbnailUrl\":\"https:\/\/www.floriculturacheiroverde.com\/novo\/wp-content\/uploads\/2025\/04\/E5390AFA-095F-46B5-83C4-422119AFC986.jpeg\",\"datePublished\":\"2024-12-16T13:33:43+00:00\",\"dateModified\":\"2026-04-16T13:06:50+00:00\",\"breadcrumb\":{\"@id\":\"https:\/\/www.floriculturacheiroverde.com\/novo\/produto\/bau-encanto-de-chocolates-cod-c-130-2\/#breadcrumb\"},\"inLanguage\":\"pt-BR\",\"potentialAction\":[{\"@type\":\"ReadAction\",\"target\":[\"https:\/\/www.floriculturacheiroverde.com\/novo\/produto\/bau-encanto-de-chocolates-cod-c-130-2\/\"]}]},{\"@type\":\"ImageObject\",\"inLanguage\":\"pt-BR\",\"@id\":\"https:\/\/www.floriculturacheiroverde.com\/novo\/produto\/bau-encanto-de-chocolates-cod-c-130-2\/#primaryimage\",\"url\":\"https:\/\/www.floriculturacheiroverde.com\/novo\/wp-content\/uploads\/2025\/04\/E5390AFA-095F-46B5-83C4-422119AFC986.jpeg\",\"contentUrl\":\"https:\/\/www.floriculturacheiroverde.com\/novo\/wp-content\/uploads\/2025\/04\/E5390AFA-095F-46B5-83C4-422119AFC986.jpeg\",\"width\":1818,\"height\":1818},{\"@type\":\"BreadcrumbList\",\"@id\":\"https:\/\/www.floriculturacheiroverde.com\/novo\/produto\/bau-encanto-de-chocolates-cod-c-130-2\/#breadcrumb\",\"itemListElement\":[{\"@type\":\"ListItem\",\"position\":1,\"name\":\"In\u00edcio\",\"item\":\"https:\/\/www.floriculturacheiroverde.com\/novo\/\"},{\"@type\":\"ListItem\",\"position\":2,\"name\":\"Shop\",\"item\":\"https:\/\/www.floriculturacheiroverde.com\/novo\/shop\/\"},{\"@type\":\"ListItem\",\"position\":3,\"name\":\"Ba\u00fa Encanto de Chocolates. Cod. C-130\"}]},{\"@type\":\"WebSite\",\"@id\":\"https:\/\/www.floriculturacheiroverde.com\/novo\/#website\",\"url\":\"https:\/\/www.floriculturacheiroverde.com\/novo\/\",\"name\":\"Floricultura Cheiro Verde\",\"description\":\"Compre Flores Online - Floricultura na Palho\u00e7a\",\"potentialAction\":[{\"@type\":\"SearchAction\",\"target\":{\"@type\":\"EntryPoint\",\"urlTemplate\":\"https:\/\/www.floriculturacheiroverde.com\/novo\/?s={search_term_string}\"},\"query-input\":{\"@type\":\"PropertyValueSpecification\",\"valueRequired\":true,\"valueName\":\"search_term_string\"}}],\"inLanguage\":\"pt-BR\"}]}<\/script>\n<!-- \/ Yoast SEO plugin. -->","yoast_head_json":{"title":"Ba\u00fa Encanto de Chocolates. Cod. C-130 - Floricultura Cheiro Verde","robots":{"index":"index","follow":"follow","max-snippet":"max-snippet:-1","max-image-preview":"max-image-preview:large","max-video-preview":"max-video-preview:-1"},"canonical":"https:\/\/www.floriculturacheiroverde.com\/novo\/produto\/bau-encanto-de-chocolates-cod-c-130-2\/","og_locale":"pt_BR","og_type":"article","og_title":"Ba\u00fa Encanto de Chocolates. Cod. C-130 - Floricultura Cheiro Verde","og_description":"Maravilhoso Ba\u00fa de Madeira Decorado, Recheado de Chocolates, Snikers, Kit Kat, Bis Extra, Trento, 5Star, Twix, Bib's, M&amp;M's Prest\u00edgio Hersheys Chocotubes, Kinder Ovo, Caixa de Ferrero Rocher 150g, Batatinhas Onduladas e Urso de Pel\u00facia Charmosinho acompanhado de\u00a0 uma delicada rosa Importada . ATEN\u00c7\u00c3O!!! Compras pelo site apenas com 2 dias de anteced\u00eancia. Para entregas Urgentes, no mesmo dia ou no dia seguinte, compre diretamente com a loja pelo Tele Vendas ou Whatsapp em hor\u00e1rio comercial. Tele Vendas: (48) 3242-2097 \/ 3033-2097 Whatsaap: (48) 99831-0602","og_url":"https:\/\/www.floriculturacheiroverde.com\/novo\/produto\/bau-encanto-de-chocolates-cod-c-130-2\/","og_site_name":"Floricultura Cheiro Verde","article_modified_time":"2026-04-16T13:06:50+00:00","og_image":[{"width":1818,"height":1818,"url":"https:\/\/www.floriculturacheiroverde.com\/novo\/wp-content\/uploads\/2025\/04\/E5390AFA-095F-46B5-83C4-422119AFC986.jpeg","type":"image\/jpeg"}],"twitter_card":"summary_large_image","schema":{"@context":"https:\/\/schema.org","@graph":[{"@type":"WebPage","@id":"https:\/\/www.floriculturacheiroverde.com\/novo\/produto\/bau-encanto-de-chocolates-cod-c-130-2\/","url":"https:\/\/www.floriculturacheiroverde.com\/novo\/produto\/bau-encanto-de-chocolates-cod-c-130-2\/","name":"Ba\u00fa Encanto de Chocolates. Cod. C-130 - Floricultura Cheiro Verde","isPartOf":{"@id":"https:\/\/www.floriculturacheiroverde.com\/novo\/#website"},"primaryImageOfPage":{"@id":"https:\/\/www.floriculturacheiroverde.com\/novo\/produto\/bau-encanto-de-chocolates-cod-c-130-2\/#primaryimage"},"image":{"@id":"https:\/\/www.floriculturacheiroverde.com\/novo\/produto\/bau-encanto-de-chocolates-cod-c-130-2\/#primaryimage"},"thumbnailUrl":"https:\/\/www.floriculturacheiroverde.com\/novo\/wp-content\/uploads\/2025\/04\/E5390AFA-095F-46B5-83C4-422119AFC986.jpeg","datePublished":"2024-12-16T13:33:43+00:00","dateModified":"2026-04-16T13:06:50+00:00","breadcrumb":{"@id":"https:\/\/www.floriculturacheiroverde.com\/novo\/produto\/bau-encanto-de-chocolates-cod-c-130-2\/#breadcrumb"},"inLanguage":"pt-BR","potentialAction":[{"@type":"ReadAction","target":["https:\/\/www.floriculturacheiroverde.com\/novo\/produto\/bau-encanto-de-chocolates-cod-c-130-2\/"]}]},{"@type":"ImageObject","inLanguage":"pt-BR","@id":"https:\/\/www.floriculturacheiroverde.com\/novo\/produto\/bau-encanto-de-chocolates-cod-c-130-2\/#primaryimage","url":"https:\/\/www.floriculturacheiroverde.com\/novo\/wp-content\/uploads\/2025\/04\/E5390AFA-095F-46B5-83C4-422119AFC986.jpeg","contentUrl":"https:\/\/www.floriculturacheiroverde.com\/novo\/wp-content\/uploads\/2025\/04\/E5390AFA-095F-46B5-83C4-422119AFC986.jpeg","width":1818,"height":1818},{"@type":"BreadcrumbList","@id":"https:\/\/www.floriculturacheiroverde.com\/novo\/produto\/bau-encanto-de-chocolates-cod-c-130-2\/#breadcrumb","itemListElement":[{"@type":"ListItem","position":1,"name":"In\u00edcio","item":"https:\/\/www.floriculturacheiroverde.com\/novo\/"},{"@type":"ListItem","position":2,"name":"Shop","item":"https:\/\/www.floriculturacheiroverde.com\/novo\/shop\/"},{"@type":"ListItem","position":3,"name":"Ba\u00fa Encanto de Chocolates. Cod. C-130"}]},{"@type":"WebSite","@id":"https:\/\/www.floriculturacheiroverde.com\/novo\/#website","url":"https:\/\/www.floriculturacheiroverde.com\/novo\/","name":"Floricultura Cheiro Verde","description":"Compre Flores Online - Floricultura na Palho\u00e7a","potentialAction":[{"@type":"SearchAction","target":{"@type":"EntryPoint","urlTemplate":"https:\/\/www.floriculturacheiroverde.com\/novo\/?s={search_term_string}"},"query-input":{"@type":"PropertyValueSpecification","valueRequired":true,"valueName":"search_term_string"}}],"inLanguage":"pt-BR"}]}},"_links":{"self":[{"href":"https:\/\/www.floriculturacheiroverde.com\/novo\/wp-json\/wp\/v2\/product\/7738","targetHints":{"allow":["GET"]}}],"collection":[{"href":"https:\/\/www.floriculturacheiroverde.com\/novo\/wp-json\/wp\/v2\/product"}],"about":[{"href":"https:\/\/www.floriculturacheiroverde.com\/novo\/wp-json\/wp\/v2\/types\/product"}],"wp:featuredmedia":[{"embeddable":true,"href":"https:\/\/www.floriculturacheiroverde.com\/novo\/wp-json\/wp\/v2\/media\/6076"}],"wp:attachment":[{"href":"https:\/\/www.floriculturacheiroverde.com\/novo\/wp-json\/wp\/v2\/media?parent=7738"}],"wp:term":[{"taxonomy":"product_brand","embeddable":true,"href":"https:\/\/www.floriculturacheiroverde.com\/novo\/wp-json\/wp\/v2\/product_brand?post=7738"},{"taxonomy":"product_cat","embeddable":true,"href":"https:\/\/www.floriculturacheiroverde.com\/novo\/wp-json\/wp\/v2\/product_cat?post=7738"},{"taxonomy":"product_tag","embeddable":true,"href":"https:\/\/www.floriculturacheiroverde.com\/novo\/wp-json\/wp\/v2\/product_tag?post=7738"}],"curies":[{"name":"wp","href":"https:\/\/api.w.org\/{rel}","templated":true}]}}