{"id":654,"date":"2015-08-22T12:48:45","date_gmt":"2015-08-22T15:48:45","guid":{"rendered":"https:\/\/www.floriculturacheiroverde.com\/novo\/?post_type=product&#038;p=654"},"modified":"2025-09-12T16:52:38","modified_gmt":"2025-09-12T19:52:38","slug":"arranjo-de-frente-com-flores-do-campo-cod-d-016","status":"publish","type":"product","link":"https:\/\/www.floriculturacheiroverde.com\/novo\/produto\/arranjo-de-frente-com-flores-do-campo-cod-d-016\/","title":{"rendered":"Arranjo de Frente com Flores do Campo Cod. D-016"},"content":{"rendered":"<p>Arranjo de Frente com Flores do Campo.<\/p>\n","protected":false},"excerpt":{"rendered":"<p>Valor sob consulta.<\/p>\n<p>Marque um hor\u00e1rio para fazer seu or\u00e7amento pelos n\u00fameros: 3242-2097 ou 3033-2097.<\/p>\n<p>Veja alguns eventos decorados clicando <a href=\"http:\/\/www.floriculturacheiroverde.com\/galeria-de-eventos\/\">aqui<\/a><\/p>\n","protected":false},"featured_media":4230,"template":"","meta":[],"product_brand":[],"product_cat":[161],"product_tag":[],"class_list":{"0":"post-654","1":"product","2":"type-product","3":"status-publish","4":"has-post-thumbnail","6":"product_cat-eventos","7":"tm-has-options","9":"first","10":"instock","11":"shipping-taxable","12":"purchasable","13":"product-type-simple"},"yoast_head":"<!-- This site is optimized with the Yoast SEO plugin v26.2 - https:\/\/yoast.com\/wordpress\/plugins\/seo\/ -->\n<title>Arranjo de Frente com Flores do Campo Cod. D-016 - Floricultura Cheiro Verde<\/title>\n<meta name=\"robots\" content=\"index, follow, max-snippet:-1, max-image-preview:large, max-video-preview:-1\" \/>\n<link rel=\"canonical\" href=\"https:\/\/www.floriculturacheiroverde.com\/novo\/produto\/arranjo-de-frente-com-flores-do-campo-cod-d-016\/\" \/>\n<meta property=\"og:locale\" content=\"pt_BR\" \/>\n<meta property=\"og:type\" content=\"article\" \/>\n<meta property=\"og:title\" content=\"Arranjo de Frente com Flores do Campo Cod. D-016 - Floricultura Cheiro Verde\" \/>\n<meta property=\"og:description\" content=\"Valor sob consulta.  Marque um hor\u00e1rio para fazer seu or\u00e7amento pelos n\u00fameros: 3242-2097 ou 3033-2097.  Veja alguns eventos decorados clicando aqui\" \/>\n<meta property=\"og:url\" content=\"https:\/\/www.floriculturacheiroverde.com\/novo\/produto\/arranjo-de-frente-com-flores-do-campo-cod-d-016\/\" \/>\n<meta property=\"og:site_name\" content=\"Floricultura Cheiro Verde\" \/>\n<meta property=\"article:modified_time\" content=\"2025-09-12T19:52:38+00:00\" \/>\n<meta property=\"og:image\" content=\"https:\/\/www.floriculturacheiroverde.com\/novo\/wp-content\/uploads\/2025\/04\/IMG_20150822_082104.jpg\" \/>\n\t<meta property=\"og:image:width\" content=\"2225\" \/>\n\t<meta property=\"og:image:height\" content=\"2225\" \/>\n\t<meta property=\"og:image:type\" content=\"image\/jpeg\" \/>\n<meta name=\"twitter:card\" content=\"summary_large_image\" \/>\n<script type=\"application\/ld+json\" class=\"yoast-schema-graph\">{\"@context\":\"https:\/\/schema.org\",\"@graph\":[{\"@type\":\"WebPage\",\"@id\":\"https:\/\/www.floriculturacheiroverde.com\/novo\/produto\/arranjo-de-frente-com-flores-do-campo-cod-d-016\/\",\"url\":\"https:\/\/www.floriculturacheiroverde.com\/novo\/produto\/arranjo-de-frente-com-flores-do-campo-cod-d-016\/\",\"name\":\"Arranjo de Frente com Flores do Campo Cod. D-016 - Floricultura Cheiro Verde\",\"isPartOf\":{\"@id\":\"https:\/\/www.floriculturacheiroverde.com\/novo\/#website\"},\"primaryImageOfPage\":{\"@id\":\"https:\/\/www.floriculturacheiroverde.com\/novo\/produto\/arranjo-de-frente-com-flores-do-campo-cod-d-016\/#primaryimage\"},\"image\":{\"@id\":\"https:\/\/www.floriculturacheiroverde.com\/novo\/produto\/arranjo-de-frente-com-flores-do-campo-cod-d-016\/#primaryimage\"},\"thumbnailUrl\":\"https:\/\/www.floriculturacheiroverde.com\/novo\/wp-content\/uploads\/2025\/04\/IMG_20150822_082104.jpg\",\"datePublished\":\"2015-08-22T15:48:45+00:00\",\"dateModified\":\"2025-09-12T19:52:38+00:00\",\"breadcrumb\":{\"@id\":\"https:\/\/www.floriculturacheiroverde.com\/novo\/produto\/arranjo-de-frente-com-flores-do-campo-cod-d-016\/#breadcrumb\"},\"inLanguage\":\"pt-BR\",\"potentialAction\":[{\"@type\":\"ReadAction\",\"target\":[\"https:\/\/www.floriculturacheiroverde.com\/novo\/produto\/arranjo-de-frente-com-flores-do-campo-cod-d-016\/\"]}]},{\"@type\":\"ImageObject\",\"inLanguage\":\"pt-BR\",\"@id\":\"https:\/\/www.floriculturacheiroverde.com\/novo\/produto\/arranjo-de-frente-com-flores-do-campo-cod-d-016\/#primaryimage\",\"url\":\"https:\/\/www.floriculturacheiroverde.com\/novo\/wp-content\/uploads\/2025\/04\/IMG_20150822_082104.jpg\",\"contentUrl\":\"https:\/\/www.floriculturacheiroverde.com\/novo\/wp-content\/uploads\/2025\/04\/IMG_20150822_082104.jpg\",\"width\":2225,\"height\":2225},{\"@type\":\"BreadcrumbList\",\"@id\":\"https:\/\/www.floriculturacheiroverde.com\/novo\/produto\/arranjo-de-frente-com-flores-do-campo-cod-d-016\/#breadcrumb\",\"itemListElement\":[{\"@type\":\"ListItem\",\"position\":1,\"name\":\"In\u00edcio\",\"item\":\"https:\/\/www.floriculturacheiroverde.com\/novo\/\"},{\"@type\":\"ListItem\",\"position\":2,\"name\":\"Shop\",\"item\":\"https:\/\/www.floriculturacheiroverde.com\/novo\/shop\/\"},{\"@type\":\"ListItem\",\"position\":3,\"name\":\"Arranjo de Frente com Flores do Campo Cod. D-016\"}]},{\"@type\":\"WebSite\",\"@id\":\"https:\/\/www.floriculturacheiroverde.com\/novo\/#website\",\"url\":\"https:\/\/www.floriculturacheiroverde.com\/novo\/\",\"name\":\"Floricultura Cheiro Verde\",\"description\":\"Compre Flores Online - Floricultura na Palho\u00e7a\",\"potentialAction\":[{\"@type\":\"SearchAction\",\"target\":{\"@type\":\"EntryPoint\",\"urlTemplate\":\"https:\/\/www.floriculturacheiroverde.com\/novo\/?s={search_term_string}\"},\"query-input\":{\"@type\":\"PropertyValueSpecification\",\"valueRequired\":true,\"valueName\":\"search_term_string\"}}],\"inLanguage\":\"pt-BR\"}]}<\/script>\n<!-- \/ Yoast SEO plugin. -->","yoast_head_json":{"title":"Arranjo de Frente com Flores do Campo Cod. D-016 - Floricultura Cheiro Verde","robots":{"index":"index","follow":"follow","max-snippet":"max-snippet:-1","max-image-preview":"max-image-preview:large","max-video-preview":"max-video-preview:-1"},"canonical":"https:\/\/www.floriculturacheiroverde.com\/novo\/produto\/arranjo-de-frente-com-flores-do-campo-cod-d-016\/","og_locale":"pt_BR","og_type":"article","og_title":"Arranjo de Frente com Flores do Campo Cod. D-016 - Floricultura Cheiro Verde","og_description":"Valor sob consulta.  Marque um hor\u00e1rio para fazer seu or\u00e7amento pelos n\u00fameros: 3242-2097 ou 3033-2097.  Veja alguns eventos decorados clicando aqui","og_url":"https:\/\/www.floriculturacheiroverde.com\/novo\/produto\/arranjo-de-frente-com-flores-do-campo-cod-d-016\/","og_site_name":"Floricultura Cheiro Verde","article_modified_time":"2025-09-12T19:52:38+00:00","og_image":[{"width":2225,"height":2225,"url":"https:\/\/www.floriculturacheiroverde.com\/novo\/wp-content\/uploads\/2025\/04\/IMG_20150822_082104.jpg","type":"image\/jpeg"}],"twitter_card":"summary_large_image","schema":{"@context":"https:\/\/schema.org","@graph":[{"@type":"WebPage","@id":"https:\/\/www.floriculturacheiroverde.com\/novo\/produto\/arranjo-de-frente-com-flores-do-campo-cod-d-016\/","url":"https:\/\/www.floriculturacheiroverde.com\/novo\/produto\/arranjo-de-frente-com-flores-do-campo-cod-d-016\/","name":"Arranjo de Frente com Flores do Campo Cod. D-016 - Floricultura Cheiro Verde","isPartOf":{"@id":"https:\/\/www.floriculturacheiroverde.com\/novo\/#website"},"primaryImageOfPage":{"@id":"https:\/\/www.floriculturacheiroverde.com\/novo\/produto\/arranjo-de-frente-com-flores-do-campo-cod-d-016\/#primaryimage"},"image":{"@id":"https:\/\/www.floriculturacheiroverde.com\/novo\/produto\/arranjo-de-frente-com-flores-do-campo-cod-d-016\/#primaryimage"},"thumbnailUrl":"https:\/\/www.floriculturacheiroverde.com\/novo\/wp-content\/uploads\/2025\/04\/IMG_20150822_082104.jpg","datePublished":"2015-08-22T15:48:45+00:00","dateModified":"2025-09-12T19:52:38+00:00","breadcrumb":{"@id":"https:\/\/www.floriculturacheiroverde.com\/novo\/produto\/arranjo-de-frente-com-flores-do-campo-cod-d-016\/#breadcrumb"},"inLanguage":"pt-BR","potentialAction":[{"@type":"ReadAction","target":["https:\/\/www.floriculturacheiroverde.com\/novo\/produto\/arranjo-de-frente-com-flores-do-campo-cod-d-016\/"]}]},{"@type":"ImageObject","inLanguage":"pt-BR","@id":"https:\/\/www.floriculturacheiroverde.com\/novo\/produto\/arranjo-de-frente-com-flores-do-campo-cod-d-016\/#primaryimage","url":"https:\/\/www.floriculturacheiroverde.com\/novo\/wp-content\/uploads\/2025\/04\/IMG_20150822_082104.jpg","contentUrl":"https:\/\/www.floriculturacheiroverde.com\/novo\/wp-content\/uploads\/2025\/04\/IMG_20150822_082104.jpg","width":2225,"height":2225},{"@type":"BreadcrumbList","@id":"https:\/\/www.floriculturacheiroverde.com\/novo\/produto\/arranjo-de-frente-com-flores-do-campo-cod-d-016\/#breadcrumb","itemListElement":[{"@type":"ListItem","position":1,"name":"In\u00edcio","item":"https:\/\/www.floriculturacheiroverde.com\/novo\/"},{"@type":"ListItem","position":2,"name":"Shop","item":"https:\/\/www.floriculturacheiroverde.com\/novo\/shop\/"},{"@type":"ListItem","position":3,"name":"Arranjo de Frente com Flores do Campo Cod. D-016"}]},{"@type":"WebSite","@id":"https:\/\/www.floriculturacheiroverde.com\/novo\/#website","url":"https:\/\/www.floriculturacheiroverde.com\/novo\/","name":"Floricultura Cheiro Verde","description":"Compre Flores Online - Floricultura na Palho\u00e7a","potentialAction":[{"@type":"SearchAction","target":{"@type":"EntryPoint","urlTemplate":"https:\/\/www.floriculturacheiroverde.com\/novo\/?s={search_term_string}"},"query-input":{"@type":"PropertyValueSpecification","valueRequired":true,"valueName":"search_term_string"}}],"inLanguage":"pt-BR"}]}},"_links":{"self":[{"href":"https:\/\/www.floriculturacheiroverde.com\/novo\/wp-json\/wp\/v2\/product\/654","targetHints":{"allow":["GET"]}}],"collection":[{"href":"https:\/\/www.floriculturacheiroverde.com\/novo\/wp-json\/wp\/v2\/product"}],"about":[{"href":"https:\/\/www.floriculturacheiroverde.com\/novo\/wp-json\/wp\/v2\/types\/product"}],"wp:featuredmedia":[{"embeddable":true,"href":"https:\/\/www.floriculturacheiroverde.com\/novo\/wp-json\/wp\/v2\/media\/4230"}],"wp:attachment":[{"href":"https:\/\/www.floriculturacheiroverde.com\/novo\/wp-json\/wp\/v2\/media?parent=654"}],"wp:term":[{"taxonomy":"product_brand","embeddable":true,"href":"https:\/\/www.floriculturacheiroverde.com\/novo\/wp-json\/wp\/v2\/product_brand?post=654"},{"taxonomy":"product_cat","embeddable":true,"href":"https:\/\/www.floriculturacheiroverde.com\/novo\/wp-json\/wp\/v2\/product_cat?post=654"},{"taxonomy":"product_tag","embeddable":true,"href":"https:\/\/www.floriculturacheiroverde.com\/novo\/wp-json\/wp\/v2\/product_tag?post=654"}],"curies":[{"name":"wp","href":"https:\/\/api.w.org\/{rel}","templated":true}]}}