{"id":6240,"date":"2025-03-21T10:30:45","date_gmt":"2025-03-21T13:30:45","guid":{"rendered":"https:\/\/www.floriculturacheiroverde.com\/novo\/?post_type=product&#038;p=6240"},"modified":"2026-04-16T10:00:39","modified_gmt":"2026-04-16T13:00:39","slug":"buque-desidratado-verde-pardo-cod-x-005","status":"publish","type":"product","link":"https:\/\/www.floriculturacheiroverde.com\/novo\/produto\/buque-desidratado-verde-pardo-cod-x-005\/","title":{"rendered":"Buqu\u00ea Desidratado Verde Pardo. Cod. X-005"},"content":{"rendered":"","protected":false},"excerpt":{"rendered":"<p><strong><span style=\"color: #000000\">Buqu\u00ea de Flores Secas e Desidratadas!<\/span><\/strong><\/p>\n<p>&nbsp;<\/p>\n<h4><span style=\"color: #ff0000\"><strong>ATEN\u00c7\u00c3O!!!<\/strong><\/span><\/h4>\n<h4><span style=\"color: #ff0000\">Compras pelo site apenas com 2 dias de anteced\u00eancia.<\/span><\/h4>\n<h4><span style=\"color: #ff0000\">Para entregas Urgentes, no mesmo dia ou no dia seguinte, compre diretamente com a loja pelo Tele Vendas ou Whatsapp em hor\u00e1rio comercial.<\/span><\/h4>\n<h4><span style=\"color: #0000ff\">Tele Vendas: (48) 3242-2097 \/ 3033-2097<\/span><\/h4>\n<h4><span style=\"color: #0000ff\">Whatsaap: (48) 99831-0602<\/span><\/h4>\n","protected":false},"featured_media":6241,"template":"","meta":[],"product_brand":[],"product_cat":[158,150,159,154,155,156,203,181,152],"product_tag":[],"class_list":{"0":"post-6240","1":"product","2":"type-product","3":"status-publish","4":"has-post-thumbnail","6":"product_cat-agradecimento","7":"product_cat-aniversario","8":"product_cat-buques","9":"product_cat-dia-das-maes","10":"product_cat-dia-dos-namorados","11":"product_cat-dia-international-da-mulher","12":"product_cat-flores-secas","13":"product_cat-lancamentos","14":"product_cat-masculino","15":"tm-has-options","17":"first","18":"instock","19":"shipping-taxable","20":"purchasable","21":"product-type-simple"},"yoast_head":"<!-- This site is optimized with the Yoast SEO plugin v26.2 - https:\/\/yoast.com\/wordpress\/plugins\/seo\/ -->\n<title>Buqu\u00ea Desidratado Verde Pardo. Cod. X-005 - Floricultura Cheiro Verde<\/title>\n<meta name=\"robots\" content=\"index, follow, max-snippet:-1, max-image-preview:large, max-video-preview:-1\" \/>\n<link rel=\"canonical\" href=\"https:\/\/www.floriculturacheiroverde.com\/novo\/produto\/buque-desidratado-verde-pardo-cod-x-005\/\" \/>\n<meta property=\"og:locale\" content=\"pt_BR\" \/>\n<meta property=\"og:type\" content=\"article\" \/>\n<meta property=\"og:title\" content=\"Buqu\u00ea Desidratado Verde Pardo. Cod. X-005 - Floricultura Cheiro Verde\" \/>\n<meta property=\"og:description\" content=\"Buqu\u00ea de Flores Secas e Desidratadas!  &nbsp; ATEN\u00c7\u00c3O!!! Compras pelo site apenas com 2 dias de anteced\u00eancia. Para entregas Urgentes, no mesmo dia ou no dia seguinte, compre diretamente com a loja pelo Tele Vendas ou Whatsapp em hor\u00e1rio comercial. Tele Vendas: (48) 3242-2097 \/ 3033-2097 Whatsaap: (48) 99831-0602\" \/>\n<meta property=\"og:url\" content=\"https:\/\/www.floriculturacheiroverde.com\/novo\/produto\/buque-desidratado-verde-pardo-cod-x-005\/\" \/>\n<meta property=\"og:site_name\" content=\"Floricultura Cheiro Verde\" \/>\n<meta property=\"article:modified_time\" content=\"2026-04-16T13:00:39+00:00\" \/>\n<meta property=\"og:image\" content=\"https:\/\/www.floriculturacheiroverde.com\/novo\/wp-content\/uploads\/2025\/04\/WhatsApp-Image-2025-03-21-at-10.09.53-1.jpeg\" \/>\n\t<meta property=\"og:image:width\" content=\"1567\" \/>\n\t<meta property=\"og:image:height\" content=\"1600\" \/>\n\t<meta property=\"og:image:type\" content=\"image\/jpeg\" \/>\n<meta name=\"twitter:card\" content=\"summary_large_image\" \/>\n<script type=\"application\/ld+json\" class=\"yoast-schema-graph\">{\"@context\":\"https:\/\/schema.org\",\"@graph\":[{\"@type\":\"WebPage\",\"@id\":\"https:\/\/www.floriculturacheiroverde.com\/novo\/produto\/buque-desidratado-verde-pardo-cod-x-005\/\",\"url\":\"https:\/\/www.floriculturacheiroverde.com\/novo\/produto\/buque-desidratado-verde-pardo-cod-x-005\/\",\"name\":\"Buqu\u00ea Desidratado Verde Pardo. Cod. X-005 - Floricultura Cheiro Verde\",\"isPartOf\":{\"@id\":\"https:\/\/www.floriculturacheiroverde.com\/novo\/#website\"},\"primaryImageOfPage\":{\"@id\":\"https:\/\/www.floriculturacheiroverde.com\/novo\/produto\/buque-desidratado-verde-pardo-cod-x-005\/#primaryimage\"},\"image\":{\"@id\":\"https:\/\/www.floriculturacheiroverde.com\/novo\/produto\/buque-desidratado-verde-pardo-cod-x-005\/#primaryimage\"},\"thumbnailUrl\":\"https:\/\/www.floriculturacheiroverde.com\/novo\/wp-content\/uploads\/2025\/04\/WhatsApp-Image-2025-03-21-at-10.09.53-1.jpeg\",\"datePublished\":\"2025-03-21T13:30:45+00:00\",\"dateModified\":\"2026-04-16T13:00:39+00:00\",\"breadcrumb\":{\"@id\":\"https:\/\/www.floriculturacheiroverde.com\/novo\/produto\/buque-desidratado-verde-pardo-cod-x-005\/#breadcrumb\"},\"inLanguage\":\"pt-BR\",\"potentialAction\":[{\"@type\":\"ReadAction\",\"target\":[\"https:\/\/www.floriculturacheiroverde.com\/novo\/produto\/buque-desidratado-verde-pardo-cod-x-005\/\"]}]},{\"@type\":\"ImageObject\",\"inLanguage\":\"pt-BR\",\"@id\":\"https:\/\/www.floriculturacheiroverde.com\/novo\/produto\/buque-desidratado-verde-pardo-cod-x-005\/#primaryimage\",\"url\":\"https:\/\/www.floriculturacheiroverde.com\/novo\/wp-content\/uploads\/2025\/04\/WhatsApp-Image-2025-03-21-at-10.09.53-1.jpeg\",\"contentUrl\":\"https:\/\/www.floriculturacheiroverde.com\/novo\/wp-content\/uploads\/2025\/04\/WhatsApp-Image-2025-03-21-at-10.09.53-1.jpeg\",\"width\":1567,\"height\":1600},{\"@type\":\"BreadcrumbList\",\"@id\":\"https:\/\/www.floriculturacheiroverde.com\/novo\/produto\/buque-desidratado-verde-pardo-cod-x-005\/#breadcrumb\",\"itemListElement\":[{\"@type\":\"ListItem\",\"position\":1,\"name\":\"In\u00edcio\",\"item\":\"https:\/\/www.floriculturacheiroverde.com\/novo\/\"},{\"@type\":\"ListItem\",\"position\":2,\"name\":\"Shop\",\"item\":\"https:\/\/www.floriculturacheiroverde.com\/novo\/shop\/\"},{\"@type\":\"ListItem\",\"position\":3,\"name\":\"Buqu\u00ea Desidratado Verde Pardo. Cod. X-005\"}]},{\"@type\":\"WebSite\",\"@id\":\"https:\/\/www.floriculturacheiroverde.com\/novo\/#website\",\"url\":\"https:\/\/www.floriculturacheiroverde.com\/novo\/\",\"name\":\"Floricultura Cheiro Verde\",\"description\":\"Compre Flores Online - Floricultura na Palho\u00e7a\",\"potentialAction\":[{\"@type\":\"SearchAction\",\"target\":{\"@type\":\"EntryPoint\",\"urlTemplate\":\"https:\/\/www.floriculturacheiroverde.com\/novo\/?s={search_term_string}\"},\"query-input\":{\"@type\":\"PropertyValueSpecification\",\"valueRequired\":true,\"valueName\":\"search_term_string\"}}],\"inLanguage\":\"pt-BR\"}]}<\/script>\n<!-- \/ Yoast SEO plugin. -->","yoast_head_json":{"title":"Buqu\u00ea Desidratado Verde Pardo. Cod. X-005 - Floricultura Cheiro Verde","robots":{"index":"index","follow":"follow","max-snippet":"max-snippet:-1","max-image-preview":"max-image-preview:large","max-video-preview":"max-video-preview:-1"},"canonical":"https:\/\/www.floriculturacheiroverde.com\/novo\/produto\/buque-desidratado-verde-pardo-cod-x-005\/","og_locale":"pt_BR","og_type":"article","og_title":"Buqu\u00ea Desidratado Verde Pardo. Cod. X-005 - Floricultura Cheiro Verde","og_description":"Buqu\u00ea de Flores Secas e Desidratadas!  &nbsp; ATEN\u00c7\u00c3O!!! Compras pelo site apenas com 2 dias de anteced\u00eancia. Para entregas Urgentes, no mesmo dia ou no dia seguinte, compre diretamente com a loja pelo Tele Vendas ou Whatsapp em hor\u00e1rio comercial. Tele Vendas: (48) 3242-2097 \/ 3033-2097 Whatsaap: (48) 99831-0602","og_url":"https:\/\/www.floriculturacheiroverde.com\/novo\/produto\/buque-desidratado-verde-pardo-cod-x-005\/","og_site_name":"Floricultura Cheiro Verde","article_modified_time":"2026-04-16T13:00:39+00:00","og_image":[{"width":1567,"height":1600,"url":"https:\/\/www.floriculturacheiroverde.com\/novo\/wp-content\/uploads\/2025\/04\/WhatsApp-Image-2025-03-21-at-10.09.53-1.jpeg","type":"image\/jpeg"}],"twitter_card":"summary_large_image","schema":{"@context":"https:\/\/schema.org","@graph":[{"@type":"WebPage","@id":"https:\/\/www.floriculturacheiroverde.com\/novo\/produto\/buque-desidratado-verde-pardo-cod-x-005\/","url":"https:\/\/www.floriculturacheiroverde.com\/novo\/produto\/buque-desidratado-verde-pardo-cod-x-005\/","name":"Buqu\u00ea Desidratado Verde Pardo. Cod. X-005 - Floricultura Cheiro Verde","isPartOf":{"@id":"https:\/\/www.floriculturacheiroverde.com\/novo\/#website"},"primaryImageOfPage":{"@id":"https:\/\/www.floriculturacheiroverde.com\/novo\/produto\/buque-desidratado-verde-pardo-cod-x-005\/#primaryimage"},"image":{"@id":"https:\/\/www.floriculturacheiroverde.com\/novo\/produto\/buque-desidratado-verde-pardo-cod-x-005\/#primaryimage"},"thumbnailUrl":"https:\/\/www.floriculturacheiroverde.com\/novo\/wp-content\/uploads\/2025\/04\/WhatsApp-Image-2025-03-21-at-10.09.53-1.jpeg","datePublished":"2025-03-21T13:30:45+00:00","dateModified":"2026-04-16T13:00:39+00:00","breadcrumb":{"@id":"https:\/\/www.floriculturacheiroverde.com\/novo\/produto\/buque-desidratado-verde-pardo-cod-x-005\/#breadcrumb"},"inLanguage":"pt-BR","potentialAction":[{"@type":"ReadAction","target":["https:\/\/www.floriculturacheiroverde.com\/novo\/produto\/buque-desidratado-verde-pardo-cod-x-005\/"]}]},{"@type":"ImageObject","inLanguage":"pt-BR","@id":"https:\/\/www.floriculturacheiroverde.com\/novo\/produto\/buque-desidratado-verde-pardo-cod-x-005\/#primaryimage","url":"https:\/\/www.floriculturacheiroverde.com\/novo\/wp-content\/uploads\/2025\/04\/WhatsApp-Image-2025-03-21-at-10.09.53-1.jpeg","contentUrl":"https:\/\/www.floriculturacheiroverde.com\/novo\/wp-content\/uploads\/2025\/04\/WhatsApp-Image-2025-03-21-at-10.09.53-1.jpeg","width":1567,"height":1600},{"@type":"BreadcrumbList","@id":"https:\/\/www.floriculturacheiroverde.com\/novo\/produto\/buque-desidratado-verde-pardo-cod-x-005\/#breadcrumb","itemListElement":[{"@type":"ListItem","position":1,"name":"In\u00edcio","item":"https:\/\/www.floriculturacheiroverde.com\/novo\/"},{"@type":"ListItem","position":2,"name":"Shop","item":"https:\/\/www.floriculturacheiroverde.com\/novo\/shop\/"},{"@type":"ListItem","position":3,"name":"Buqu\u00ea Desidratado Verde Pardo. Cod. X-005"}]},{"@type":"WebSite","@id":"https:\/\/www.floriculturacheiroverde.com\/novo\/#website","url":"https:\/\/www.floriculturacheiroverde.com\/novo\/","name":"Floricultura Cheiro Verde","description":"Compre Flores Online - Floricultura na Palho\u00e7a","potentialAction":[{"@type":"SearchAction","target":{"@type":"EntryPoint","urlTemplate":"https:\/\/www.floriculturacheiroverde.com\/novo\/?s={search_term_string}"},"query-input":{"@type":"PropertyValueSpecification","valueRequired":true,"valueName":"search_term_string"}}],"inLanguage":"pt-BR"}]}},"_links":{"self":[{"href":"https:\/\/www.floriculturacheiroverde.com\/novo\/wp-json\/wp\/v2\/product\/6240","targetHints":{"allow":["GET"]}}],"collection":[{"href":"https:\/\/www.floriculturacheiroverde.com\/novo\/wp-json\/wp\/v2\/product"}],"about":[{"href":"https:\/\/www.floriculturacheiroverde.com\/novo\/wp-json\/wp\/v2\/types\/product"}],"wp:featuredmedia":[{"embeddable":true,"href":"https:\/\/www.floriculturacheiroverde.com\/novo\/wp-json\/wp\/v2\/media\/6241"}],"wp:attachment":[{"href":"https:\/\/www.floriculturacheiroverde.com\/novo\/wp-json\/wp\/v2\/media?parent=6240"}],"wp:term":[{"taxonomy":"product_brand","embeddable":true,"href":"https:\/\/www.floriculturacheiroverde.com\/novo\/wp-json\/wp\/v2\/product_brand?post=6240"},{"taxonomy":"product_cat","embeddable":true,"href":"https:\/\/www.floriculturacheiroverde.com\/novo\/wp-json\/wp\/v2\/product_cat?post=6240"},{"taxonomy":"product_tag","embeddable":true,"href":"https:\/\/www.floriculturacheiroverde.com\/novo\/wp-json\/wp\/v2\/product_tag?post=6240"}],"curies":[{"name":"wp","href":"https:\/\/api.w.org\/{rel}","templated":true}]}}