{"id":6154,"date":"2025-02-18T17:12:56","date_gmt":"2025-02-18T20:12:56","guid":{"rendered":"https:\/\/www.floriculturacheiroverde.com\/novo\/?post_type=product&#038;p=6154"},"modified":"2025-09-24T11:33:16","modified_gmt":"2025-09-24T14:33:16","slug":"buque-magnolia-com-200-rosas-vermelhas-cod-b-785","status":"publish","type":"product","link":"https:\/\/www.floriculturacheiroverde.com\/novo\/produto\/buque-magnolia-com-200-rosas-vermelhas-cod-b-785\/","title":{"rendered":"..Buqu\u00ea Magn\u00f3lia com 200 Rosas Vermelhas. Cod. B-785"},"content":{"rendered":"","protected":false},"excerpt":{"rendered":"<p><span style=\"color: #000000\"><em><strong>Gigantesco buqu\u00ea com 200 rosas Vermelhas selecionadas Ruscos e Mosquitinhos, \u00e9 MARAVILHOSO, se quer surpreender, esse \u00e9 um dos nossos maiores buqu\u00eas, um SONHO\u2026<\/strong><\/em><\/span><\/p>\n<h4><strong><span style=\"color: #0000ff\">Seu pedido \u00e9 Para Hoje? Compre pelo WhatsApp! (48) 99831-0602<br \/>\nCompras Pelo Site apenas com 2 dias de Anteced\u00eancia.<\/span><\/strong><\/h4>\n","protected":false},"featured_media":6155,"template":"","meta":[],"product_brand":[],"product_cat":[159,154,155,156,152,168],"product_tag":[],"class_list":{"0":"post-6154","1":"product","2":"type-product","3":"status-publish","4":"has-post-thumbnail","6":"product_cat-buques","7":"product_cat-dia-das-maes","8":"product_cat-dia-dos-namorados","9":"product_cat-dia-international-da-mulher","10":"product_cat-masculino","11":"product_cat-maternidade","12":"tm-has-options","14":"first","15":"instock","16":"featured","17":"shipping-taxable","18":"purchasable","19":"product-type-simple"},"yoast_head":"<!-- This site is optimized with the Yoast SEO plugin v26.2 - https:\/\/yoast.com\/wordpress\/plugins\/seo\/ -->\n<title>..Buqu\u00ea Magn\u00f3lia com 200 Rosas Vermelhas. Cod. B-785 - Floricultura Cheiro Verde<\/title>\n<meta name=\"robots\" content=\"index, follow, max-snippet:-1, max-image-preview:large, max-video-preview:-1\" \/>\n<link rel=\"canonical\" href=\"https:\/\/www.floriculturacheiroverde.com\/novo\/produto\/buque-magnolia-com-200-rosas-vermelhas-cod-b-785\/\" \/>\n<meta property=\"og:locale\" content=\"pt_BR\" \/>\n<meta property=\"og:type\" content=\"article\" \/>\n<meta property=\"og:title\" content=\"..Buqu\u00ea Magn\u00f3lia com 200 Rosas Vermelhas. Cod. B-785 - Floricultura Cheiro Verde\" \/>\n<meta property=\"og:description\" content=\"Gigantesco buqu\u00ea com 200 rosas Vermelhas selecionadas Ruscos e Mosquitinhos, \u00e9 MARAVILHOSO, se quer surpreender, esse \u00e9 um dos nossos maiores buqu\u00eas, um SONHO\u2026 Seu pedido \u00e9 Para Hoje? Compre pelo WhatsApp! (48) 99831-0602 Compras Pelo Site apenas com 2 dias de Anteced\u00eancia.\" \/>\n<meta property=\"og:url\" content=\"https:\/\/www.floriculturacheiroverde.com\/novo\/produto\/buque-magnolia-com-200-rosas-vermelhas-cod-b-785\/\" \/>\n<meta property=\"og:site_name\" content=\"Floricultura Cheiro Verde\" \/>\n<meta property=\"article:modified_time\" content=\"2025-09-24T14:33:16+00:00\" \/>\n<meta property=\"og:image\" content=\"https:\/\/www.floriculturacheiroverde.com\/novo\/wp-content\/uploads\/2025\/04\/WhatsApp-Image-2025-02-18-at-17.12.36.jpeg\" \/>\n\t<meta property=\"og:image:width\" content=\"1590\" \/>\n\t<meta property=\"og:image:height\" content=\"1600\" \/>\n\t<meta property=\"og:image:type\" content=\"image\/jpeg\" \/>\n<meta name=\"twitter:card\" content=\"summary_large_image\" \/>\n<script type=\"application\/ld+json\" class=\"yoast-schema-graph\">{\"@context\":\"https:\/\/schema.org\",\"@graph\":[{\"@type\":\"WebPage\",\"@id\":\"https:\/\/www.floriculturacheiroverde.com\/novo\/produto\/buque-magnolia-com-200-rosas-vermelhas-cod-b-785\/\",\"url\":\"https:\/\/www.floriculturacheiroverde.com\/novo\/produto\/buque-magnolia-com-200-rosas-vermelhas-cod-b-785\/\",\"name\":\"..Buqu\u00ea Magn\u00f3lia com 200 Rosas Vermelhas. Cod. B-785 - Floricultura Cheiro Verde\",\"isPartOf\":{\"@id\":\"https:\/\/www.floriculturacheiroverde.com\/novo\/#website\"},\"primaryImageOfPage\":{\"@id\":\"https:\/\/www.floriculturacheiroverde.com\/novo\/produto\/buque-magnolia-com-200-rosas-vermelhas-cod-b-785\/#primaryimage\"},\"image\":{\"@id\":\"https:\/\/www.floriculturacheiroverde.com\/novo\/produto\/buque-magnolia-com-200-rosas-vermelhas-cod-b-785\/#primaryimage\"},\"thumbnailUrl\":\"https:\/\/www.floriculturacheiroverde.com\/novo\/wp-content\/uploads\/2025\/04\/WhatsApp-Image-2025-02-18-at-17.12.36.jpeg\",\"datePublished\":\"2025-02-18T20:12:56+00:00\",\"dateModified\":\"2025-09-24T14:33:16+00:00\",\"breadcrumb\":{\"@id\":\"https:\/\/www.floriculturacheiroverde.com\/novo\/produto\/buque-magnolia-com-200-rosas-vermelhas-cod-b-785\/#breadcrumb\"},\"inLanguage\":\"pt-BR\",\"potentialAction\":[{\"@type\":\"ReadAction\",\"target\":[\"https:\/\/www.floriculturacheiroverde.com\/novo\/produto\/buque-magnolia-com-200-rosas-vermelhas-cod-b-785\/\"]}]},{\"@type\":\"ImageObject\",\"inLanguage\":\"pt-BR\",\"@id\":\"https:\/\/www.floriculturacheiroverde.com\/novo\/produto\/buque-magnolia-com-200-rosas-vermelhas-cod-b-785\/#primaryimage\",\"url\":\"https:\/\/www.floriculturacheiroverde.com\/novo\/wp-content\/uploads\/2025\/04\/WhatsApp-Image-2025-02-18-at-17.12.36.jpeg\",\"contentUrl\":\"https:\/\/www.floriculturacheiroverde.com\/novo\/wp-content\/uploads\/2025\/04\/WhatsApp-Image-2025-02-18-at-17.12.36.jpeg\",\"width\":1590,\"height\":1600},{\"@type\":\"BreadcrumbList\",\"@id\":\"https:\/\/www.floriculturacheiroverde.com\/novo\/produto\/buque-magnolia-com-200-rosas-vermelhas-cod-b-785\/#breadcrumb\",\"itemListElement\":[{\"@type\":\"ListItem\",\"position\":1,\"name\":\"In\u00edcio\",\"item\":\"https:\/\/www.floriculturacheiroverde.com\/novo\/\"},{\"@type\":\"ListItem\",\"position\":2,\"name\":\"Shop\",\"item\":\"https:\/\/www.floriculturacheiroverde.com\/novo\/shop\/\"},{\"@type\":\"ListItem\",\"position\":3,\"name\":\"..Buqu\u00ea Magn\u00f3lia com 200 Rosas Vermelhas. Cod. B-785\"}]},{\"@type\":\"WebSite\",\"@id\":\"https:\/\/www.floriculturacheiroverde.com\/novo\/#website\",\"url\":\"https:\/\/www.floriculturacheiroverde.com\/novo\/\",\"name\":\"Floricultura Cheiro Verde\",\"description\":\"Compre Flores Online - Floricultura na Palho\u00e7a\",\"potentialAction\":[{\"@type\":\"SearchAction\",\"target\":{\"@type\":\"EntryPoint\",\"urlTemplate\":\"https:\/\/www.floriculturacheiroverde.com\/novo\/?s={search_term_string}\"},\"query-input\":{\"@type\":\"PropertyValueSpecification\",\"valueRequired\":true,\"valueName\":\"search_term_string\"}}],\"inLanguage\":\"pt-BR\"}]}<\/script>\n<!-- \/ Yoast SEO plugin. -->","yoast_head_json":{"title":"..Buqu\u00ea Magn\u00f3lia com 200 Rosas Vermelhas. Cod. B-785 - Floricultura Cheiro Verde","robots":{"index":"index","follow":"follow","max-snippet":"max-snippet:-1","max-image-preview":"max-image-preview:large","max-video-preview":"max-video-preview:-1"},"canonical":"https:\/\/www.floriculturacheiroverde.com\/novo\/produto\/buque-magnolia-com-200-rosas-vermelhas-cod-b-785\/","og_locale":"pt_BR","og_type":"article","og_title":"..Buqu\u00ea Magn\u00f3lia com 200 Rosas Vermelhas. Cod. B-785 - Floricultura Cheiro Verde","og_description":"Gigantesco buqu\u00ea com 200 rosas Vermelhas selecionadas Ruscos e Mosquitinhos, \u00e9 MARAVILHOSO, se quer surpreender, esse \u00e9 um dos nossos maiores buqu\u00eas, um SONHO\u2026 Seu pedido \u00e9 Para Hoje? Compre pelo WhatsApp! (48) 99831-0602 Compras Pelo Site apenas com 2 dias de Anteced\u00eancia.","og_url":"https:\/\/www.floriculturacheiroverde.com\/novo\/produto\/buque-magnolia-com-200-rosas-vermelhas-cod-b-785\/","og_site_name":"Floricultura Cheiro Verde","article_modified_time":"2025-09-24T14:33:16+00:00","og_image":[{"width":1590,"height":1600,"url":"https:\/\/www.floriculturacheiroverde.com\/novo\/wp-content\/uploads\/2025\/04\/WhatsApp-Image-2025-02-18-at-17.12.36.jpeg","type":"image\/jpeg"}],"twitter_card":"summary_large_image","schema":{"@context":"https:\/\/schema.org","@graph":[{"@type":"WebPage","@id":"https:\/\/www.floriculturacheiroverde.com\/novo\/produto\/buque-magnolia-com-200-rosas-vermelhas-cod-b-785\/","url":"https:\/\/www.floriculturacheiroverde.com\/novo\/produto\/buque-magnolia-com-200-rosas-vermelhas-cod-b-785\/","name":"..Buqu\u00ea Magn\u00f3lia com 200 Rosas Vermelhas. Cod. B-785 - Floricultura Cheiro Verde","isPartOf":{"@id":"https:\/\/www.floriculturacheiroverde.com\/novo\/#website"},"primaryImageOfPage":{"@id":"https:\/\/www.floriculturacheiroverde.com\/novo\/produto\/buque-magnolia-com-200-rosas-vermelhas-cod-b-785\/#primaryimage"},"image":{"@id":"https:\/\/www.floriculturacheiroverde.com\/novo\/produto\/buque-magnolia-com-200-rosas-vermelhas-cod-b-785\/#primaryimage"},"thumbnailUrl":"https:\/\/www.floriculturacheiroverde.com\/novo\/wp-content\/uploads\/2025\/04\/WhatsApp-Image-2025-02-18-at-17.12.36.jpeg","datePublished":"2025-02-18T20:12:56+00:00","dateModified":"2025-09-24T14:33:16+00:00","breadcrumb":{"@id":"https:\/\/www.floriculturacheiroverde.com\/novo\/produto\/buque-magnolia-com-200-rosas-vermelhas-cod-b-785\/#breadcrumb"},"inLanguage":"pt-BR","potentialAction":[{"@type":"ReadAction","target":["https:\/\/www.floriculturacheiroverde.com\/novo\/produto\/buque-magnolia-com-200-rosas-vermelhas-cod-b-785\/"]}]},{"@type":"ImageObject","inLanguage":"pt-BR","@id":"https:\/\/www.floriculturacheiroverde.com\/novo\/produto\/buque-magnolia-com-200-rosas-vermelhas-cod-b-785\/#primaryimage","url":"https:\/\/www.floriculturacheiroverde.com\/novo\/wp-content\/uploads\/2025\/04\/WhatsApp-Image-2025-02-18-at-17.12.36.jpeg","contentUrl":"https:\/\/www.floriculturacheiroverde.com\/novo\/wp-content\/uploads\/2025\/04\/WhatsApp-Image-2025-02-18-at-17.12.36.jpeg","width":1590,"height":1600},{"@type":"BreadcrumbList","@id":"https:\/\/www.floriculturacheiroverde.com\/novo\/produto\/buque-magnolia-com-200-rosas-vermelhas-cod-b-785\/#breadcrumb","itemListElement":[{"@type":"ListItem","position":1,"name":"In\u00edcio","item":"https:\/\/www.floriculturacheiroverde.com\/novo\/"},{"@type":"ListItem","position":2,"name":"Shop","item":"https:\/\/www.floriculturacheiroverde.com\/novo\/shop\/"},{"@type":"ListItem","position":3,"name":"..Buqu\u00ea Magn\u00f3lia com 200 Rosas Vermelhas. Cod. B-785"}]},{"@type":"WebSite","@id":"https:\/\/www.floriculturacheiroverde.com\/novo\/#website","url":"https:\/\/www.floriculturacheiroverde.com\/novo\/","name":"Floricultura Cheiro Verde","description":"Compre Flores Online - Floricultura na Palho\u00e7a","potentialAction":[{"@type":"SearchAction","target":{"@type":"EntryPoint","urlTemplate":"https:\/\/www.floriculturacheiroverde.com\/novo\/?s={search_term_string}"},"query-input":{"@type":"PropertyValueSpecification","valueRequired":true,"valueName":"search_term_string"}}],"inLanguage":"pt-BR"}]}},"_links":{"self":[{"href":"https:\/\/www.floriculturacheiroverde.com\/novo\/wp-json\/wp\/v2\/product\/6154","targetHints":{"allow":["GET"]}}],"collection":[{"href":"https:\/\/www.floriculturacheiroverde.com\/novo\/wp-json\/wp\/v2\/product"}],"about":[{"href":"https:\/\/www.floriculturacheiroverde.com\/novo\/wp-json\/wp\/v2\/types\/product"}],"wp:featuredmedia":[{"embeddable":true,"href":"https:\/\/www.floriculturacheiroverde.com\/novo\/wp-json\/wp\/v2\/media\/6155"}],"wp:attachment":[{"href":"https:\/\/www.floriculturacheiroverde.com\/novo\/wp-json\/wp\/v2\/media?parent=6154"}],"wp:term":[{"taxonomy":"product_brand","embeddable":true,"href":"https:\/\/www.floriculturacheiroverde.com\/novo\/wp-json\/wp\/v2\/product_brand?post=6154"},{"taxonomy":"product_cat","embeddable":true,"href":"https:\/\/www.floriculturacheiroverde.com\/novo\/wp-json\/wp\/v2\/product_cat?post=6154"},{"taxonomy":"product_tag","embeddable":true,"href":"https:\/\/www.floriculturacheiroverde.com\/novo\/wp-json\/wp\/v2\/product_tag?post=6154"}],"curies":[{"name":"wp","href":"https:\/\/api.w.org\/{rel}","templated":true}]}}