{"id":5925,"date":"2024-08-01T16:32:09","date_gmt":"2024-08-01T19:32:09","guid":{"rendered":"https:\/\/www.floriculturacheiroverde.com\/novo\/?post_type=product&#038;p=5925"},"modified":"2025-09-23T09:25:15","modified_gmt":"2025-09-23T12:25:15","slug":"buqes-happy-angel-cod-b-011","status":"publish","type":"product","link":"https:\/\/www.floriculturacheiroverde.com\/novo\/produto\/buqes-happy-angel-cod-b-011\/","title":{"rendered":"Buqu\u00ea Happy Angel. Cod. B-011"},"content":{"rendered":"","protected":false},"excerpt":{"rendered":"<p><span style=\"color: #000000\"><b><i>Buqu\u00ea Alegria de Flores do Campo com Ursinho Stitch Angel Rosa.<\/i><\/b><\/span><\/p>\n<p>Temos tamb\u00e9m na op\u00e7\u00e3o do Stitch Azul.<\/p>\n<h4><strong><span style=\"color: #0000ff\">Seu pedido \u00e9 Para Hoje? Compre pelo WhatsApp! (48) 99831-0602<br \/>\nCompras Pelo Site apenas com 2 dias de Anteced\u00eancia.<\/span><\/strong><\/h4>\n","protected":false},"featured_media":5926,"template":"","meta":[],"product_brand":[],"product_cat":[150,159,154,155,156,171,164,181,153],"product_tag":[],"class_list":{"0":"post-5925","1":"product","2":"type-product","3":"status-publish","4":"has-post-thumbnail","6":"product_cat-aniversario","7":"product_cat-buques","8":"product_cat-dia-das-maes","9":"product_cat-dia-dos-namorados","10":"product_cat-dia-international-da-mulher","11":"product_cat-flores-chocolates","12":"product_cat-infantil","13":"product_cat-lancamentos","14":"product_cat-romantico","15":"tm-has-options","17":"first","18":"instock","19":"sale","20":"featured","21":"shipping-taxable","22":"purchasable","23":"product-type-simple"},"yoast_head":"<!-- This site is optimized with the Yoast SEO plugin v26.2 - https:\/\/yoast.com\/wordpress\/plugins\/seo\/ -->\n<title>Buqu\u00ea Happy Angel. Cod. B-011 - Floricultura Cheiro Verde<\/title>\n<meta name=\"robots\" content=\"index, follow, max-snippet:-1, max-image-preview:large, max-video-preview:-1\" \/>\n<link rel=\"canonical\" href=\"https:\/\/www.floriculturacheiroverde.com\/novo\/produto\/buqes-happy-angel-cod-b-011\/\" \/>\n<meta property=\"og:locale\" content=\"pt_BR\" \/>\n<meta property=\"og:type\" content=\"article\" \/>\n<meta property=\"og:title\" content=\"Buqu\u00ea Happy Angel. Cod. B-011 - Floricultura Cheiro Verde\" \/>\n<meta property=\"og:description\" content=\"Buqu\u00ea Alegria de Flores do Campo com Ursinho Stitch Angel Rosa.  Temos tamb\u00e9m na op\u00e7\u00e3o do Stitch Azul. Seu pedido \u00e9 Para Hoje? Compre pelo WhatsApp! (48) 99831-0602 Compras Pelo Site apenas com 2 dias de Anteced\u00eancia.\" \/>\n<meta property=\"og:url\" content=\"https:\/\/www.floriculturacheiroverde.com\/novo\/produto\/buqes-happy-angel-cod-b-011\/\" \/>\n<meta property=\"og:site_name\" content=\"Floricultura Cheiro Verde\" \/>\n<meta property=\"article:modified_time\" content=\"2025-09-23T12:25:15+00:00\" \/>\n<meta property=\"og:image\" content=\"https:\/\/www.floriculturacheiroverde.com\/novo\/wp-content\/uploads\/2025\/04\/WhatsApp-Image-2024-08-01-at-16.13.01.jpeg\" \/>\n\t<meta property=\"og:image:width\" content=\"960\" \/>\n\t<meta property=\"og:image:height\" content=\"1280\" \/>\n\t<meta property=\"og:image:type\" content=\"image\/jpeg\" \/>\n<meta name=\"twitter:card\" content=\"summary_large_image\" \/>\n<script type=\"application\/ld+json\" class=\"yoast-schema-graph\">{\"@context\":\"https:\/\/schema.org\",\"@graph\":[{\"@type\":\"WebPage\",\"@id\":\"https:\/\/www.floriculturacheiroverde.com\/novo\/produto\/buqes-happy-angel-cod-b-011\/\",\"url\":\"https:\/\/www.floriculturacheiroverde.com\/novo\/produto\/buqes-happy-angel-cod-b-011\/\",\"name\":\"Buqu\u00ea Happy Angel. Cod. B-011 - Floricultura Cheiro Verde\",\"isPartOf\":{\"@id\":\"https:\/\/www.floriculturacheiroverde.com\/novo\/#website\"},\"primaryImageOfPage\":{\"@id\":\"https:\/\/www.floriculturacheiroverde.com\/novo\/produto\/buqes-happy-angel-cod-b-011\/#primaryimage\"},\"image\":{\"@id\":\"https:\/\/www.floriculturacheiroverde.com\/novo\/produto\/buqes-happy-angel-cod-b-011\/#primaryimage\"},\"thumbnailUrl\":\"https:\/\/www.floriculturacheiroverde.com\/novo\/wp-content\/uploads\/2025\/04\/WhatsApp-Image-2024-08-01-at-16.13.01.jpeg\",\"datePublished\":\"2024-08-01T19:32:09+00:00\",\"dateModified\":\"2025-09-23T12:25:15+00:00\",\"breadcrumb\":{\"@id\":\"https:\/\/www.floriculturacheiroverde.com\/novo\/produto\/buqes-happy-angel-cod-b-011\/#breadcrumb\"},\"inLanguage\":\"pt-BR\",\"potentialAction\":[{\"@type\":\"ReadAction\",\"target\":[\"https:\/\/www.floriculturacheiroverde.com\/novo\/produto\/buqes-happy-angel-cod-b-011\/\"]}]},{\"@type\":\"ImageObject\",\"inLanguage\":\"pt-BR\",\"@id\":\"https:\/\/www.floriculturacheiroverde.com\/novo\/produto\/buqes-happy-angel-cod-b-011\/#primaryimage\",\"url\":\"https:\/\/www.floriculturacheiroverde.com\/novo\/wp-content\/uploads\/2025\/04\/WhatsApp-Image-2024-08-01-at-16.13.01.jpeg\",\"contentUrl\":\"https:\/\/www.floriculturacheiroverde.com\/novo\/wp-content\/uploads\/2025\/04\/WhatsApp-Image-2024-08-01-at-16.13.01.jpeg\",\"width\":960,\"height\":1280},{\"@type\":\"BreadcrumbList\",\"@id\":\"https:\/\/www.floriculturacheiroverde.com\/novo\/produto\/buqes-happy-angel-cod-b-011\/#breadcrumb\",\"itemListElement\":[{\"@type\":\"ListItem\",\"position\":1,\"name\":\"In\u00edcio\",\"item\":\"https:\/\/www.floriculturacheiroverde.com\/novo\/\"},{\"@type\":\"ListItem\",\"position\":2,\"name\":\"Shop\",\"item\":\"https:\/\/www.floriculturacheiroverde.com\/novo\/shop\/\"},{\"@type\":\"ListItem\",\"position\":3,\"name\":\"Buqu\u00ea Happy Angel. Cod. B-011\"}]},{\"@type\":\"WebSite\",\"@id\":\"https:\/\/www.floriculturacheiroverde.com\/novo\/#website\",\"url\":\"https:\/\/www.floriculturacheiroverde.com\/novo\/\",\"name\":\"Floricultura Cheiro Verde\",\"description\":\"Compre Flores Online - Floricultura na Palho\u00e7a\",\"potentialAction\":[{\"@type\":\"SearchAction\",\"target\":{\"@type\":\"EntryPoint\",\"urlTemplate\":\"https:\/\/www.floriculturacheiroverde.com\/novo\/?s={search_term_string}\"},\"query-input\":{\"@type\":\"PropertyValueSpecification\",\"valueRequired\":true,\"valueName\":\"search_term_string\"}}],\"inLanguage\":\"pt-BR\"}]}<\/script>\n<!-- \/ Yoast SEO plugin. -->","yoast_head_json":{"title":"Buqu\u00ea Happy Angel. Cod. B-011 - Floricultura Cheiro Verde","robots":{"index":"index","follow":"follow","max-snippet":"max-snippet:-1","max-image-preview":"max-image-preview:large","max-video-preview":"max-video-preview:-1"},"canonical":"https:\/\/www.floriculturacheiroverde.com\/novo\/produto\/buqes-happy-angel-cod-b-011\/","og_locale":"pt_BR","og_type":"article","og_title":"Buqu\u00ea Happy Angel. Cod. B-011 - Floricultura Cheiro Verde","og_description":"Buqu\u00ea Alegria de Flores do Campo com Ursinho Stitch Angel Rosa.  Temos tamb\u00e9m na op\u00e7\u00e3o do Stitch Azul. Seu pedido \u00e9 Para Hoje? Compre pelo WhatsApp! (48) 99831-0602 Compras Pelo Site apenas com 2 dias de Anteced\u00eancia.","og_url":"https:\/\/www.floriculturacheiroverde.com\/novo\/produto\/buqes-happy-angel-cod-b-011\/","og_site_name":"Floricultura Cheiro Verde","article_modified_time":"2025-09-23T12:25:15+00:00","og_image":[{"width":960,"height":1280,"url":"https:\/\/www.floriculturacheiroverde.com\/novo\/wp-content\/uploads\/2025\/04\/WhatsApp-Image-2024-08-01-at-16.13.01.jpeg","type":"image\/jpeg"}],"twitter_card":"summary_large_image","schema":{"@context":"https:\/\/schema.org","@graph":[{"@type":"WebPage","@id":"https:\/\/www.floriculturacheiroverde.com\/novo\/produto\/buqes-happy-angel-cod-b-011\/","url":"https:\/\/www.floriculturacheiroverde.com\/novo\/produto\/buqes-happy-angel-cod-b-011\/","name":"Buqu\u00ea Happy Angel. Cod. B-011 - Floricultura Cheiro Verde","isPartOf":{"@id":"https:\/\/www.floriculturacheiroverde.com\/novo\/#website"},"primaryImageOfPage":{"@id":"https:\/\/www.floriculturacheiroverde.com\/novo\/produto\/buqes-happy-angel-cod-b-011\/#primaryimage"},"image":{"@id":"https:\/\/www.floriculturacheiroverde.com\/novo\/produto\/buqes-happy-angel-cod-b-011\/#primaryimage"},"thumbnailUrl":"https:\/\/www.floriculturacheiroverde.com\/novo\/wp-content\/uploads\/2025\/04\/WhatsApp-Image-2024-08-01-at-16.13.01.jpeg","datePublished":"2024-08-01T19:32:09+00:00","dateModified":"2025-09-23T12:25:15+00:00","breadcrumb":{"@id":"https:\/\/www.floriculturacheiroverde.com\/novo\/produto\/buqes-happy-angel-cod-b-011\/#breadcrumb"},"inLanguage":"pt-BR","potentialAction":[{"@type":"ReadAction","target":["https:\/\/www.floriculturacheiroverde.com\/novo\/produto\/buqes-happy-angel-cod-b-011\/"]}]},{"@type":"ImageObject","inLanguage":"pt-BR","@id":"https:\/\/www.floriculturacheiroverde.com\/novo\/produto\/buqes-happy-angel-cod-b-011\/#primaryimage","url":"https:\/\/www.floriculturacheiroverde.com\/novo\/wp-content\/uploads\/2025\/04\/WhatsApp-Image-2024-08-01-at-16.13.01.jpeg","contentUrl":"https:\/\/www.floriculturacheiroverde.com\/novo\/wp-content\/uploads\/2025\/04\/WhatsApp-Image-2024-08-01-at-16.13.01.jpeg","width":960,"height":1280},{"@type":"BreadcrumbList","@id":"https:\/\/www.floriculturacheiroverde.com\/novo\/produto\/buqes-happy-angel-cod-b-011\/#breadcrumb","itemListElement":[{"@type":"ListItem","position":1,"name":"In\u00edcio","item":"https:\/\/www.floriculturacheiroverde.com\/novo\/"},{"@type":"ListItem","position":2,"name":"Shop","item":"https:\/\/www.floriculturacheiroverde.com\/novo\/shop\/"},{"@type":"ListItem","position":3,"name":"Buqu\u00ea Happy Angel. Cod. B-011"}]},{"@type":"WebSite","@id":"https:\/\/www.floriculturacheiroverde.com\/novo\/#website","url":"https:\/\/www.floriculturacheiroverde.com\/novo\/","name":"Floricultura Cheiro Verde","description":"Compre Flores Online - Floricultura na Palho\u00e7a","potentialAction":[{"@type":"SearchAction","target":{"@type":"EntryPoint","urlTemplate":"https:\/\/www.floriculturacheiroverde.com\/novo\/?s={search_term_string}"},"query-input":{"@type":"PropertyValueSpecification","valueRequired":true,"valueName":"search_term_string"}}],"inLanguage":"pt-BR"}]}},"_links":{"self":[{"href":"https:\/\/www.floriculturacheiroverde.com\/novo\/wp-json\/wp\/v2\/product\/5925","targetHints":{"allow":["GET"]}}],"collection":[{"href":"https:\/\/www.floriculturacheiroverde.com\/novo\/wp-json\/wp\/v2\/product"}],"about":[{"href":"https:\/\/www.floriculturacheiroverde.com\/novo\/wp-json\/wp\/v2\/types\/product"}],"wp:featuredmedia":[{"embeddable":true,"href":"https:\/\/www.floriculturacheiroverde.com\/novo\/wp-json\/wp\/v2\/media\/5926"}],"wp:attachment":[{"href":"https:\/\/www.floriculturacheiroverde.com\/novo\/wp-json\/wp\/v2\/media?parent=5925"}],"wp:term":[{"taxonomy":"product_brand","embeddable":true,"href":"https:\/\/www.floriculturacheiroverde.com\/novo\/wp-json\/wp\/v2\/product_brand?post=5925"},{"taxonomy":"product_cat","embeddable":true,"href":"https:\/\/www.floriculturacheiroverde.com\/novo\/wp-json\/wp\/v2\/product_cat?post=5925"},{"taxonomy":"product_tag","embeddable":true,"href":"https:\/\/www.floriculturacheiroverde.com\/novo\/wp-json\/wp\/v2\/product_tag?post=5925"}],"curies":[{"name":"wp","href":"https:\/\/api.w.org\/{rel}","templated":true}]}}