{"id":5921,"date":"2024-08-01T08:16:16","date_gmt":"2024-08-01T11:16:16","guid":{"rendered":"https:\/\/www.floriculturacheiroverde.com\/novo\/?post_type=product&#038;p=5921"},"modified":"2026-04-16T10:10:36","modified_gmt":"2026-04-16T13:10:36","slug":"cesta-palha-pegasus-cod-c-878","status":"publish","type":"product","link":"https:\/\/www.floriculturacheiroverde.com\/novo\/produto\/cesta-palha-pegasus-cod-c-878\/","title":{"rendered":"Cesta Palha P\u00e9gasus. Cod. C-878"},"content":{"rendered":"","protected":false},"excerpt":{"rendered":"<p><span style=\"color: #000000\"><b><i>Cesta de Palha com Cervejas Heineken, Amendoim, Ta\u00e7a, Bombom e Girass\u00f3is.<\/i><\/b><\/span><\/p>\n<h4><span style=\"color: #ff0000\">ATEN\u00c7\u00c3O!!!<\/span><\/h4>\n<h4><span style=\"color: #ff0000\">Compras pelo site apenas com 2 dias de anteced\u00eancia.<\/span><\/h4>\n<h4><span style=\"color: #ff0000\">Para entregas Urgentes, no mesmo dia ou no dia seguinte, compre diretamente com a loja pelo Tele Vendas ou Whatsapp em hor\u00e1rio comercial.<\/span><\/h4>\n<h4><span style=\"color: #0000ff\">Tele Vendas: (48) 3242-2097 \/ 3033-2097<\/span><\/h4>\n<h4><span style=\"color: #0000ff\">Whatsaap: (48) 99831-0602<\/span><\/h4>\n","protected":false},"featured_media":5922,"template":"","meta":[],"product_brand":[],"product_cat":[158,150,170,162,151,195,181,152],"product_tag":[],"class_list":{"0":"post-5921","1":"product","2":"type-product","3":"status-publish","4":"has-post-thumbnail","6":"product_cat-agradecimento","7":"product_cat-aniversario","8":"product_cat-balde-de-cerveja","9":"product_cat-cestas","10":"product_cat-dia-dos-pais","11":"product_cat-formatura","12":"product_cat-lancamentos","13":"product_cat-masculino","14":"tm-has-options","16":"first","17":"instock","18":"sale","19":"featured","20":"shipping-taxable","21":"purchasable","22":"product-type-simple"},"yoast_head":"<!-- This site is optimized with the Yoast SEO plugin v26.2 - https:\/\/yoast.com\/wordpress\/plugins\/seo\/ -->\n<title>Cesta Palha P\u00e9gasus. Cod. C-878 - Floricultura Cheiro Verde<\/title>\n<meta name=\"robots\" content=\"index, follow, max-snippet:-1, max-image-preview:large, max-video-preview:-1\" \/>\n<link rel=\"canonical\" href=\"https:\/\/www.floriculturacheiroverde.com\/novo\/produto\/cesta-palha-pegasus-cod-c-878\/\" \/>\n<meta property=\"og:locale\" content=\"pt_BR\" \/>\n<meta property=\"og:type\" content=\"article\" \/>\n<meta property=\"og:title\" content=\"Cesta Palha P\u00e9gasus. Cod. C-878 - Floricultura Cheiro Verde\" \/>\n<meta property=\"og:description\" content=\"Cesta de Palha com Cervejas Heineken, Amendoim, Ta\u00e7a, Bombom e Girass\u00f3is. ATEN\u00c7\u00c3O!!! Compras pelo site apenas com 2 dias de anteced\u00eancia. Para entregas Urgentes, no mesmo dia ou no dia seguinte, compre diretamente com a loja pelo Tele Vendas ou Whatsapp em hor\u00e1rio comercial. Tele Vendas: (48) 3242-2097 \/ 3033-2097 Whatsaap: (48) 99831-0602\" \/>\n<meta property=\"og:url\" content=\"https:\/\/www.floriculturacheiroverde.com\/novo\/produto\/cesta-palha-pegasus-cod-c-878\/\" \/>\n<meta property=\"og:site_name\" content=\"Floricultura Cheiro Verde\" \/>\n<meta property=\"article:modified_time\" content=\"2026-04-16T13:10:36+00:00\" \/>\n<meta property=\"og:image\" content=\"https:\/\/www.floriculturacheiroverde.com\/novo\/wp-content\/uploads\/2025\/04\/WhatsApp-Image-2024-08-01-at-08.12.09.jpeg\" \/>\n\t<meta property=\"og:image:width\" content=\"1493\" \/>\n\t<meta property=\"og:image:height\" content=\"1600\" \/>\n\t<meta property=\"og:image:type\" content=\"image\/jpeg\" \/>\n<meta name=\"twitter:card\" content=\"summary_large_image\" \/>\n<script type=\"application\/ld+json\" class=\"yoast-schema-graph\">{\"@context\":\"https:\/\/schema.org\",\"@graph\":[{\"@type\":\"WebPage\",\"@id\":\"https:\/\/www.floriculturacheiroverde.com\/novo\/produto\/cesta-palha-pegasus-cod-c-878\/\",\"url\":\"https:\/\/www.floriculturacheiroverde.com\/novo\/produto\/cesta-palha-pegasus-cod-c-878\/\",\"name\":\"Cesta Palha P\u00e9gasus. Cod. C-878 - Floricultura Cheiro Verde\",\"isPartOf\":{\"@id\":\"https:\/\/www.floriculturacheiroverde.com\/novo\/#website\"},\"primaryImageOfPage\":{\"@id\":\"https:\/\/www.floriculturacheiroverde.com\/novo\/produto\/cesta-palha-pegasus-cod-c-878\/#primaryimage\"},\"image\":{\"@id\":\"https:\/\/www.floriculturacheiroverde.com\/novo\/produto\/cesta-palha-pegasus-cod-c-878\/#primaryimage\"},\"thumbnailUrl\":\"https:\/\/www.floriculturacheiroverde.com\/novo\/wp-content\/uploads\/2025\/04\/WhatsApp-Image-2024-08-01-at-08.12.09.jpeg\",\"datePublished\":\"2024-08-01T11:16:16+00:00\",\"dateModified\":\"2026-04-16T13:10:36+00:00\",\"breadcrumb\":{\"@id\":\"https:\/\/www.floriculturacheiroverde.com\/novo\/produto\/cesta-palha-pegasus-cod-c-878\/#breadcrumb\"},\"inLanguage\":\"pt-BR\",\"potentialAction\":[{\"@type\":\"ReadAction\",\"target\":[\"https:\/\/www.floriculturacheiroverde.com\/novo\/produto\/cesta-palha-pegasus-cod-c-878\/\"]}]},{\"@type\":\"ImageObject\",\"inLanguage\":\"pt-BR\",\"@id\":\"https:\/\/www.floriculturacheiroverde.com\/novo\/produto\/cesta-palha-pegasus-cod-c-878\/#primaryimage\",\"url\":\"https:\/\/www.floriculturacheiroverde.com\/novo\/wp-content\/uploads\/2025\/04\/WhatsApp-Image-2024-08-01-at-08.12.09.jpeg\",\"contentUrl\":\"https:\/\/www.floriculturacheiroverde.com\/novo\/wp-content\/uploads\/2025\/04\/WhatsApp-Image-2024-08-01-at-08.12.09.jpeg\",\"width\":1493,\"height\":1600},{\"@type\":\"BreadcrumbList\",\"@id\":\"https:\/\/www.floriculturacheiroverde.com\/novo\/produto\/cesta-palha-pegasus-cod-c-878\/#breadcrumb\",\"itemListElement\":[{\"@type\":\"ListItem\",\"position\":1,\"name\":\"In\u00edcio\",\"item\":\"https:\/\/www.floriculturacheiroverde.com\/novo\/\"},{\"@type\":\"ListItem\",\"position\":2,\"name\":\"Shop\",\"item\":\"https:\/\/www.floriculturacheiroverde.com\/novo\/shop\/\"},{\"@type\":\"ListItem\",\"position\":3,\"name\":\"Cesta Palha P\u00e9gasus. Cod. C-878\"}]},{\"@type\":\"WebSite\",\"@id\":\"https:\/\/www.floriculturacheiroverde.com\/novo\/#website\",\"url\":\"https:\/\/www.floriculturacheiroverde.com\/novo\/\",\"name\":\"Floricultura Cheiro Verde\",\"description\":\"Compre Flores Online - Floricultura na Palho\u00e7a\",\"potentialAction\":[{\"@type\":\"SearchAction\",\"target\":{\"@type\":\"EntryPoint\",\"urlTemplate\":\"https:\/\/www.floriculturacheiroverde.com\/novo\/?s={search_term_string}\"},\"query-input\":{\"@type\":\"PropertyValueSpecification\",\"valueRequired\":true,\"valueName\":\"search_term_string\"}}],\"inLanguage\":\"pt-BR\"}]}<\/script>\n<!-- \/ Yoast SEO plugin. -->","yoast_head_json":{"title":"Cesta Palha P\u00e9gasus. Cod. C-878 - Floricultura Cheiro Verde","robots":{"index":"index","follow":"follow","max-snippet":"max-snippet:-1","max-image-preview":"max-image-preview:large","max-video-preview":"max-video-preview:-1"},"canonical":"https:\/\/www.floriculturacheiroverde.com\/novo\/produto\/cesta-palha-pegasus-cod-c-878\/","og_locale":"pt_BR","og_type":"article","og_title":"Cesta Palha P\u00e9gasus. Cod. C-878 - Floricultura Cheiro Verde","og_description":"Cesta de Palha com Cervejas Heineken, Amendoim, Ta\u00e7a, Bombom e Girass\u00f3is. ATEN\u00c7\u00c3O!!! Compras pelo site apenas com 2 dias de anteced\u00eancia. Para entregas Urgentes, no mesmo dia ou no dia seguinte, compre diretamente com a loja pelo Tele Vendas ou Whatsapp em hor\u00e1rio comercial. Tele Vendas: (48) 3242-2097 \/ 3033-2097 Whatsaap: (48) 99831-0602","og_url":"https:\/\/www.floriculturacheiroverde.com\/novo\/produto\/cesta-palha-pegasus-cod-c-878\/","og_site_name":"Floricultura Cheiro Verde","article_modified_time":"2026-04-16T13:10:36+00:00","og_image":[{"width":1493,"height":1600,"url":"https:\/\/www.floriculturacheiroverde.com\/novo\/wp-content\/uploads\/2025\/04\/WhatsApp-Image-2024-08-01-at-08.12.09.jpeg","type":"image\/jpeg"}],"twitter_card":"summary_large_image","schema":{"@context":"https:\/\/schema.org","@graph":[{"@type":"WebPage","@id":"https:\/\/www.floriculturacheiroverde.com\/novo\/produto\/cesta-palha-pegasus-cod-c-878\/","url":"https:\/\/www.floriculturacheiroverde.com\/novo\/produto\/cesta-palha-pegasus-cod-c-878\/","name":"Cesta Palha P\u00e9gasus. Cod. C-878 - Floricultura Cheiro Verde","isPartOf":{"@id":"https:\/\/www.floriculturacheiroverde.com\/novo\/#website"},"primaryImageOfPage":{"@id":"https:\/\/www.floriculturacheiroverde.com\/novo\/produto\/cesta-palha-pegasus-cod-c-878\/#primaryimage"},"image":{"@id":"https:\/\/www.floriculturacheiroverde.com\/novo\/produto\/cesta-palha-pegasus-cod-c-878\/#primaryimage"},"thumbnailUrl":"https:\/\/www.floriculturacheiroverde.com\/novo\/wp-content\/uploads\/2025\/04\/WhatsApp-Image-2024-08-01-at-08.12.09.jpeg","datePublished":"2024-08-01T11:16:16+00:00","dateModified":"2026-04-16T13:10:36+00:00","breadcrumb":{"@id":"https:\/\/www.floriculturacheiroverde.com\/novo\/produto\/cesta-palha-pegasus-cod-c-878\/#breadcrumb"},"inLanguage":"pt-BR","potentialAction":[{"@type":"ReadAction","target":["https:\/\/www.floriculturacheiroverde.com\/novo\/produto\/cesta-palha-pegasus-cod-c-878\/"]}]},{"@type":"ImageObject","inLanguage":"pt-BR","@id":"https:\/\/www.floriculturacheiroverde.com\/novo\/produto\/cesta-palha-pegasus-cod-c-878\/#primaryimage","url":"https:\/\/www.floriculturacheiroverde.com\/novo\/wp-content\/uploads\/2025\/04\/WhatsApp-Image-2024-08-01-at-08.12.09.jpeg","contentUrl":"https:\/\/www.floriculturacheiroverde.com\/novo\/wp-content\/uploads\/2025\/04\/WhatsApp-Image-2024-08-01-at-08.12.09.jpeg","width":1493,"height":1600},{"@type":"BreadcrumbList","@id":"https:\/\/www.floriculturacheiroverde.com\/novo\/produto\/cesta-palha-pegasus-cod-c-878\/#breadcrumb","itemListElement":[{"@type":"ListItem","position":1,"name":"In\u00edcio","item":"https:\/\/www.floriculturacheiroverde.com\/novo\/"},{"@type":"ListItem","position":2,"name":"Shop","item":"https:\/\/www.floriculturacheiroverde.com\/novo\/shop\/"},{"@type":"ListItem","position":3,"name":"Cesta Palha P\u00e9gasus. Cod. C-878"}]},{"@type":"WebSite","@id":"https:\/\/www.floriculturacheiroverde.com\/novo\/#website","url":"https:\/\/www.floriculturacheiroverde.com\/novo\/","name":"Floricultura Cheiro Verde","description":"Compre Flores Online - Floricultura na Palho\u00e7a","potentialAction":[{"@type":"SearchAction","target":{"@type":"EntryPoint","urlTemplate":"https:\/\/www.floriculturacheiroverde.com\/novo\/?s={search_term_string}"},"query-input":{"@type":"PropertyValueSpecification","valueRequired":true,"valueName":"search_term_string"}}],"inLanguage":"pt-BR"}]}},"_links":{"self":[{"href":"https:\/\/www.floriculturacheiroverde.com\/novo\/wp-json\/wp\/v2\/product\/5921","targetHints":{"allow":["GET"]}}],"collection":[{"href":"https:\/\/www.floriculturacheiroverde.com\/novo\/wp-json\/wp\/v2\/product"}],"about":[{"href":"https:\/\/www.floriculturacheiroverde.com\/novo\/wp-json\/wp\/v2\/types\/product"}],"wp:featuredmedia":[{"embeddable":true,"href":"https:\/\/www.floriculturacheiroverde.com\/novo\/wp-json\/wp\/v2\/media\/5922"}],"wp:attachment":[{"href":"https:\/\/www.floriculturacheiroverde.com\/novo\/wp-json\/wp\/v2\/media?parent=5921"}],"wp:term":[{"taxonomy":"product_brand","embeddable":true,"href":"https:\/\/www.floriculturacheiroverde.com\/novo\/wp-json\/wp\/v2\/product_brand?post=5921"},{"taxonomy":"product_cat","embeddable":true,"href":"https:\/\/www.floriculturacheiroverde.com\/novo\/wp-json\/wp\/v2\/product_cat?post=5921"},{"taxonomy":"product_tag","embeddable":true,"href":"https:\/\/www.floriculturacheiroverde.com\/novo\/wp-json\/wp\/v2\/product_tag?post=5921"}],"curies":[{"name":"wp","href":"https:\/\/api.w.org\/{rel}","templated":true}]}}