{"id":4726,"date":"2021-04-30T08:10:23","date_gmt":"2021-04-30T11:10:23","guid":{"rendered":"https:\/\/www.floriculturacheiroverde.com\/novo\/?post_type=product&#038;p=4726"},"modified":"2026-04-16T10:32:24","modified_gmt":"2026-04-16T13:32:24","slug":"cesta-glamour-cod-c-881","status":"publish","type":"product","link":"https:\/\/www.floriculturacheiroverde.com\/novo\/produto\/cesta-glamour-cod-c-881\/","title":{"rendered":".Cesta Glamour. Cod. C-881"},"content":{"rendered":"<p><span style=\"color: #ff0000\"><strong>NA AUS\u00caNCIA DE UM DOS PRODUTOS, O MESMO SER\u00c1 SUBSTITU\u00cdDO, SEM AVIS\u00d3 PR\u00c9VIO, POR OUTRO ITEM, DE IGUAL OU MAIOR VALOR, SEM QUE SE PERCA A PROPOSTA ORIGINAL DA PRODUTO.<\/strong><\/span><\/p>\n","protected":false},"excerpt":{"rendered":"<p><span style=\"color: #000000\"><strong>Maravilhoso e Luxuoso Ba\u00fa de Madeira, com Arranjo Luxo Com Rosas e Orqu\u00eddea, Urso de Pel\u00facia, Ferrero Rocher 150g, Vinho Concha Y Toto, Ta\u00e7as e Plaquinha de Chocolate!!<\/strong><\/span><\/p>\n<p><span style=\"color: #ff0000\"><strong>ATEN\u00c7\u00c3O!!!<\/strong><\/span><\/p>\n<p><span style=\"color: #ff0000\"><strong>Compras pelo site apenas com 2 dias de anteced\u00eancia.<\/strong><\/span><\/p>\n<p><span style=\"color: #ff0000\"><strong>Para comprar URGENTES, no mesmo dia ou no dia seguinte, entre em contato diretamente com a loja pelo Tele Vendas ou Whatsapp em hor\u00e1rio comercial!<\/strong><\/span><\/p>\n<p><span style=\"color: #0000ff\"><strong>Whatsapp: (48) 99831-0602<\/strong><\/span><\/p>\n","protected":false},"featured_media":7997,"template":"","meta":[],"product_brand":[],"product_cat":[162,154,155,156,153],"product_tag":[],"class_list":{"0":"post-4726","1":"product","2":"type-product","3":"status-publish","4":"has-post-thumbnail","6":"product_cat-cestas","7":"product_cat-dia-das-maes","8":"product_cat-dia-dos-namorados","9":"product_cat-dia-international-da-mulher","10":"product_cat-romantico","11":"tm-has-options","13":"first","14":"instock","15":"shipping-taxable","16":"purchasable","17":"product-type-simple"},"yoast_head":"<!-- This site is optimized with the Yoast SEO plugin v26.2 - https:\/\/yoast.com\/wordpress\/plugins\/seo\/ -->\n<title>.Cesta Glamour. Cod. C-881 - Floricultura Cheiro Verde<\/title>\n<meta name=\"robots\" content=\"index, follow, max-snippet:-1, max-image-preview:large, max-video-preview:-1\" \/>\n<link rel=\"canonical\" href=\"https:\/\/www.floriculturacheiroverde.com\/novo\/produto\/cesta-glamour-cod-c-881\/\" \/>\n<meta property=\"og:locale\" content=\"pt_BR\" \/>\n<meta property=\"og:type\" content=\"article\" \/>\n<meta property=\"og:title\" content=\".Cesta Glamour. Cod. C-881 - Floricultura Cheiro Verde\" \/>\n<meta property=\"og:description\" content=\"Maravilhoso e Luxuoso Ba\u00fa de Madeira, com Arranjo Luxo Com Rosas e Orqu\u00eddea, Urso de Pel\u00facia, Ferrero Rocher 150g, Vinho Concha Y Toto, Ta\u00e7as e Plaquinha de Chocolate!!  ATEN\u00c7\u00c3O!!!  Compras pelo site apenas com 2 dias de anteced\u00eancia.  Para comprar URGENTES, no mesmo dia ou no dia seguinte, entre em contato diretamente com a loja pelo Tele Vendas ou Whatsapp em hor\u00e1rio comercial!  Whatsapp: (48) 99831-0602\" \/>\n<meta property=\"og:url\" content=\"https:\/\/www.floriculturacheiroverde.com\/novo\/produto\/cesta-glamour-cod-c-881\/\" \/>\n<meta property=\"og:site_name\" content=\"Floricultura Cheiro Verde\" \/>\n<meta property=\"article:modified_time\" content=\"2026-04-16T13:32:24+00:00\" \/>\n<meta property=\"og:image\" content=\"https:\/\/www.floriculturacheiroverde.com\/novo\/wp-content\/uploads\/2025\/09\/IMG_20150914_0819291.jpg\" \/>\n\t<meta property=\"og:image:width\" content=\"2304\" \/>\n\t<meta property=\"og:image:height\" content=\"2304\" \/>\n\t<meta property=\"og:image:type\" content=\"image\/jpeg\" \/>\n<meta name=\"twitter:card\" content=\"summary_large_image\" \/>\n<script type=\"application\/ld+json\" class=\"yoast-schema-graph\">{\"@context\":\"https:\/\/schema.org\",\"@graph\":[{\"@type\":\"WebPage\",\"@id\":\"https:\/\/www.floriculturacheiroverde.com\/novo\/produto\/cesta-glamour-cod-c-881\/\",\"url\":\"https:\/\/www.floriculturacheiroverde.com\/novo\/produto\/cesta-glamour-cod-c-881\/\",\"name\":\".Cesta Glamour. Cod. C-881 - Floricultura Cheiro Verde\",\"isPartOf\":{\"@id\":\"https:\/\/www.floriculturacheiroverde.com\/novo\/#website\"},\"primaryImageOfPage\":{\"@id\":\"https:\/\/www.floriculturacheiroverde.com\/novo\/produto\/cesta-glamour-cod-c-881\/#primaryimage\"},\"image\":{\"@id\":\"https:\/\/www.floriculturacheiroverde.com\/novo\/produto\/cesta-glamour-cod-c-881\/#primaryimage\"},\"thumbnailUrl\":\"https:\/\/www.floriculturacheiroverde.com\/novo\/wp-content\/uploads\/2025\/09\/IMG_20150914_0819291.jpg\",\"datePublished\":\"2021-04-30T11:10:23+00:00\",\"dateModified\":\"2026-04-16T13:32:24+00:00\",\"breadcrumb\":{\"@id\":\"https:\/\/www.floriculturacheiroverde.com\/novo\/produto\/cesta-glamour-cod-c-881\/#breadcrumb\"},\"inLanguage\":\"pt-BR\",\"potentialAction\":[{\"@type\":\"ReadAction\",\"target\":[\"https:\/\/www.floriculturacheiroverde.com\/novo\/produto\/cesta-glamour-cod-c-881\/\"]}]},{\"@type\":\"ImageObject\",\"inLanguage\":\"pt-BR\",\"@id\":\"https:\/\/www.floriculturacheiroverde.com\/novo\/produto\/cesta-glamour-cod-c-881\/#primaryimage\",\"url\":\"https:\/\/www.floriculturacheiroverde.com\/novo\/wp-content\/uploads\/2025\/09\/IMG_20150914_0819291.jpg\",\"contentUrl\":\"https:\/\/www.floriculturacheiroverde.com\/novo\/wp-content\/uploads\/2025\/09\/IMG_20150914_0819291.jpg\",\"width\":2304,\"height\":2304},{\"@type\":\"BreadcrumbList\",\"@id\":\"https:\/\/www.floriculturacheiroverde.com\/novo\/produto\/cesta-glamour-cod-c-881\/#breadcrumb\",\"itemListElement\":[{\"@type\":\"ListItem\",\"position\":1,\"name\":\"In\u00edcio\",\"item\":\"https:\/\/www.floriculturacheiroverde.com\/novo\/\"},{\"@type\":\"ListItem\",\"position\":2,\"name\":\"Shop\",\"item\":\"https:\/\/www.floriculturacheiroverde.com\/novo\/shop\/\"},{\"@type\":\"ListItem\",\"position\":3,\"name\":\".Cesta Glamour. Cod. C-881\"}]},{\"@type\":\"WebSite\",\"@id\":\"https:\/\/www.floriculturacheiroverde.com\/novo\/#website\",\"url\":\"https:\/\/www.floriculturacheiroverde.com\/novo\/\",\"name\":\"Floricultura Cheiro Verde\",\"description\":\"Compre Flores Online - Floricultura na Palho\u00e7a\",\"potentialAction\":[{\"@type\":\"SearchAction\",\"target\":{\"@type\":\"EntryPoint\",\"urlTemplate\":\"https:\/\/www.floriculturacheiroverde.com\/novo\/?s={search_term_string}\"},\"query-input\":{\"@type\":\"PropertyValueSpecification\",\"valueRequired\":true,\"valueName\":\"search_term_string\"}}],\"inLanguage\":\"pt-BR\"}]}<\/script>\n<!-- \/ Yoast SEO plugin. -->","yoast_head_json":{"title":".Cesta Glamour. Cod. C-881 - Floricultura Cheiro Verde","robots":{"index":"index","follow":"follow","max-snippet":"max-snippet:-1","max-image-preview":"max-image-preview:large","max-video-preview":"max-video-preview:-1"},"canonical":"https:\/\/www.floriculturacheiroverde.com\/novo\/produto\/cesta-glamour-cod-c-881\/","og_locale":"pt_BR","og_type":"article","og_title":".Cesta Glamour. Cod. C-881 - Floricultura Cheiro Verde","og_description":"Maravilhoso e Luxuoso Ba\u00fa de Madeira, com Arranjo Luxo Com Rosas e Orqu\u00eddea, Urso de Pel\u00facia, Ferrero Rocher 150g, Vinho Concha Y Toto, Ta\u00e7as e Plaquinha de Chocolate!!  ATEN\u00c7\u00c3O!!!  Compras pelo site apenas com 2 dias de anteced\u00eancia.  Para comprar URGENTES, no mesmo dia ou no dia seguinte, entre em contato diretamente com a loja pelo Tele Vendas ou Whatsapp em hor\u00e1rio comercial!  Whatsapp: (48) 99831-0602","og_url":"https:\/\/www.floriculturacheiroverde.com\/novo\/produto\/cesta-glamour-cod-c-881\/","og_site_name":"Floricultura Cheiro Verde","article_modified_time":"2026-04-16T13:32:24+00:00","og_image":[{"width":2304,"height":2304,"url":"https:\/\/www.floriculturacheiroverde.com\/novo\/wp-content\/uploads\/2025\/09\/IMG_20150914_0819291.jpg","type":"image\/jpeg"}],"twitter_card":"summary_large_image","schema":{"@context":"https:\/\/schema.org","@graph":[{"@type":"WebPage","@id":"https:\/\/www.floriculturacheiroverde.com\/novo\/produto\/cesta-glamour-cod-c-881\/","url":"https:\/\/www.floriculturacheiroverde.com\/novo\/produto\/cesta-glamour-cod-c-881\/","name":".Cesta Glamour. Cod. C-881 - Floricultura Cheiro Verde","isPartOf":{"@id":"https:\/\/www.floriculturacheiroverde.com\/novo\/#website"},"primaryImageOfPage":{"@id":"https:\/\/www.floriculturacheiroverde.com\/novo\/produto\/cesta-glamour-cod-c-881\/#primaryimage"},"image":{"@id":"https:\/\/www.floriculturacheiroverde.com\/novo\/produto\/cesta-glamour-cod-c-881\/#primaryimage"},"thumbnailUrl":"https:\/\/www.floriculturacheiroverde.com\/novo\/wp-content\/uploads\/2025\/09\/IMG_20150914_0819291.jpg","datePublished":"2021-04-30T11:10:23+00:00","dateModified":"2026-04-16T13:32:24+00:00","breadcrumb":{"@id":"https:\/\/www.floriculturacheiroverde.com\/novo\/produto\/cesta-glamour-cod-c-881\/#breadcrumb"},"inLanguage":"pt-BR","potentialAction":[{"@type":"ReadAction","target":["https:\/\/www.floriculturacheiroverde.com\/novo\/produto\/cesta-glamour-cod-c-881\/"]}]},{"@type":"ImageObject","inLanguage":"pt-BR","@id":"https:\/\/www.floriculturacheiroverde.com\/novo\/produto\/cesta-glamour-cod-c-881\/#primaryimage","url":"https:\/\/www.floriculturacheiroverde.com\/novo\/wp-content\/uploads\/2025\/09\/IMG_20150914_0819291.jpg","contentUrl":"https:\/\/www.floriculturacheiroverde.com\/novo\/wp-content\/uploads\/2025\/09\/IMG_20150914_0819291.jpg","width":2304,"height":2304},{"@type":"BreadcrumbList","@id":"https:\/\/www.floriculturacheiroverde.com\/novo\/produto\/cesta-glamour-cod-c-881\/#breadcrumb","itemListElement":[{"@type":"ListItem","position":1,"name":"In\u00edcio","item":"https:\/\/www.floriculturacheiroverde.com\/novo\/"},{"@type":"ListItem","position":2,"name":"Shop","item":"https:\/\/www.floriculturacheiroverde.com\/novo\/shop\/"},{"@type":"ListItem","position":3,"name":".Cesta Glamour. Cod. C-881"}]},{"@type":"WebSite","@id":"https:\/\/www.floriculturacheiroverde.com\/novo\/#website","url":"https:\/\/www.floriculturacheiroverde.com\/novo\/","name":"Floricultura Cheiro Verde","description":"Compre Flores Online - Floricultura na Palho\u00e7a","potentialAction":[{"@type":"SearchAction","target":{"@type":"EntryPoint","urlTemplate":"https:\/\/www.floriculturacheiroverde.com\/novo\/?s={search_term_string}"},"query-input":{"@type":"PropertyValueSpecification","valueRequired":true,"valueName":"search_term_string"}}],"inLanguage":"pt-BR"}]}},"_links":{"self":[{"href":"https:\/\/www.floriculturacheiroverde.com\/novo\/wp-json\/wp\/v2\/product\/4726","targetHints":{"allow":["GET"]}}],"collection":[{"href":"https:\/\/www.floriculturacheiroverde.com\/novo\/wp-json\/wp\/v2\/product"}],"about":[{"href":"https:\/\/www.floriculturacheiroverde.com\/novo\/wp-json\/wp\/v2\/types\/product"}],"wp:featuredmedia":[{"embeddable":true,"href":"https:\/\/www.floriculturacheiroverde.com\/novo\/wp-json\/wp\/v2\/media\/7997"}],"wp:attachment":[{"href":"https:\/\/www.floriculturacheiroverde.com\/novo\/wp-json\/wp\/v2\/media?parent=4726"}],"wp:term":[{"taxonomy":"product_brand","embeddable":true,"href":"https:\/\/www.floriculturacheiroverde.com\/novo\/wp-json\/wp\/v2\/product_brand?post=4726"},{"taxonomy":"product_cat","embeddable":true,"href":"https:\/\/www.floriculturacheiroverde.com\/novo\/wp-json\/wp\/v2\/product_cat?post=4726"},{"taxonomy":"product_tag","embeddable":true,"href":"https:\/\/www.floriculturacheiroverde.com\/novo\/wp-json\/wp\/v2\/product_tag?post=4726"}],"curies":[{"name":"wp","href":"https:\/\/api.w.org\/{rel}","templated":true}]}}