{"id":4426,"date":"2020-08-26T16:18:01","date_gmt":"2020-08-26T19:18:01","guid":{"rendered":"https:\/\/www.floriculturacheiroverde.com\/novo\/?post_type=product&#038;p=4426"},"modified":"2026-02-02T15:55:33","modified_gmt":"2026-02-02T18:55:33","slug":"bandeja-roma-cod-w-011","status":"publish","type":"product","link":"https:\/\/www.floriculturacheiroverde.com\/novo\/produto\/bandeja-roma-cod-w-011\/","title":{"rendered":"Bandeja Roma. Cod. W-011"},"content":{"rendered":"","protected":false},"excerpt":{"rendered":"<p><span style=\"color: #000000\"><em><strong>Bandeja de Vime com Vinho Concha Y Toro, Cassili de Queijo Provolone Desidratado, Petisco Caseiro, Grissini de Queijo, Biscoito Caseiro Amanteigado com Gotas de Chocolate, Biscoito Caseiro Casadinho, e Queijo Parmes\u00e3o.<\/strong><\/em><\/span><\/p>\n<h4><strong><span style=\"color: #0000ff\">Seu pedido \u00e9 Urgente? Compre agora mesmo pelo WhatsApp. \u00c9 R\u00e1pido e F\u00e1cil.<br \/>\nEntregamos no mesmo dia -&gt; (48) 99831-0602<\/span><\/strong><\/h4>\n","protected":false},"featured_media":7992,"template":"","meta":[],"product_brand":[],"product_cat":[150,157,162,154,155,181,194,153],"product_tag":[],"class_list":{"0":"post-4426","1":"product","2":"type-product","3":"status-publish","4":"has-post-thumbnail","6":"product_cat-aniversario","7":"product_cat-cesta-de-cafe","8":"product_cat-cestas","9":"product_cat-dia-das-maes","10":"product_cat-dia-dos-namorados","11":"product_cat-lancamentos","12":"product_cat-natal-magico-2025","13":"product_cat-romantico","14":"tm-has-options","16":"first","17":"instock","18":"shipping-taxable","19":"purchasable","20":"product-type-simple"},"yoast_head":"<!-- This site is optimized with the Yoast SEO plugin v26.2 - https:\/\/yoast.com\/wordpress\/plugins\/seo\/ -->\n<title>Bandeja Roma. Cod. W-011 - Floricultura Cheiro Verde<\/title>\n<meta name=\"robots\" content=\"index, follow, max-snippet:-1, max-image-preview:large, max-video-preview:-1\" \/>\n<link rel=\"canonical\" href=\"https:\/\/www.floriculturacheiroverde.com\/novo\/produto\/bandeja-roma-cod-w-011\/\" \/>\n<meta property=\"og:locale\" content=\"pt_BR\" \/>\n<meta property=\"og:type\" content=\"article\" \/>\n<meta property=\"og:title\" content=\"Bandeja Roma. Cod. W-011 - Floricultura Cheiro Verde\" \/>\n<meta property=\"og:description\" content=\"Bandeja de Vime com Vinho Concha Y Toro, Cassili de Queijo Provolone Desidratado, Petisco Caseiro, Grissini de Queijo, Biscoito Caseiro Amanteigado com Gotas de Chocolate, Biscoito Caseiro Casadinho, e Queijo Parmes\u00e3o. Seu pedido \u00e9 Urgente? Compre agora mesmo pelo WhatsApp. \u00c9 R\u00e1pido e F\u00e1cil. Entregamos no mesmo dia -&gt; (48) 99831-0602\" \/>\n<meta property=\"og:url\" content=\"https:\/\/www.floriculturacheiroverde.com\/novo\/produto\/bandeja-roma-cod-w-011\/\" \/>\n<meta property=\"og:site_name\" content=\"Floricultura Cheiro Verde\" \/>\n<meta property=\"article:modified_time\" content=\"2026-02-02T18:55:33+00:00\" \/>\n<meta property=\"og:image\" content=\"https:\/\/www.floriculturacheiroverde.com\/novo\/wp-content\/uploads\/2025\/09\/IMG_20200826_133754_062-scaled-1.jpg\" \/>\n\t<meta property=\"og:image:width\" content=\"2560\" \/>\n\t<meta property=\"og:image:height\" content=\"2560\" \/>\n\t<meta property=\"og:image:type\" content=\"image\/jpeg\" \/>\n<meta name=\"twitter:card\" content=\"summary_large_image\" \/>\n<meta name=\"twitter:label1\" content=\"Est. tempo de leitura\" \/>\n\t<meta name=\"twitter:data1\" content=\"1 minuto\" \/>\n<script type=\"application\/ld+json\" class=\"yoast-schema-graph\">{\"@context\":\"https:\/\/schema.org\",\"@graph\":[{\"@type\":\"WebPage\",\"@id\":\"https:\/\/www.floriculturacheiroverde.com\/novo\/produto\/bandeja-roma-cod-w-011\/\",\"url\":\"https:\/\/www.floriculturacheiroverde.com\/novo\/produto\/bandeja-roma-cod-w-011\/\",\"name\":\"Bandeja Roma. Cod. W-011 - Floricultura Cheiro Verde\",\"isPartOf\":{\"@id\":\"https:\/\/www.floriculturacheiroverde.com\/novo\/#website\"},\"primaryImageOfPage\":{\"@id\":\"https:\/\/www.floriculturacheiroverde.com\/novo\/produto\/bandeja-roma-cod-w-011\/#primaryimage\"},\"image\":{\"@id\":\"https:\/\/www.floriculturacheiroverde.com\/novo\/produto\/bandeja-roma-cod-w-011\/#primaryimage\"},\"thumbnailUrl\":\"https:\/\/www.floriculturacheiroverde.com\/novo\/wp-content\/uploads\/2025\/09\/IMG_20200826_133754_062-scaled-1.jpg\",\"datePublished\":\"2020-08-26T19:18:01+00:00\",\"dateModified\":\"2026-02-02T18:55:33+00:00\",\"breadcrumb\":{\"@id\":\"https:\/\/www.floriculturacheiroverde.com\/novo\/produto\/bandeja-roma-cod-w-011\/#breadcrumb\"},\"inLanguage\":\"pt-BR\",\"potentialAction\":[{\"@type\":\"ReadAction\",\"target\":[\"https:\/\/www.floriculturacheiroverde.com\/novo\/produto\/bandeja-roma-cod-w-011\/\"]}]},{\"@type\":\"ImageObject\",\"inLanguage\":\"pt-BR\",\"@id\":\"https:\/\/www.floriculturacheiroverde.com\/novo\/produto\/bandeja-roma-cod-w-011\/#primaryimage\",\"url\":\"https:\/\/www.floriculturacheiroverde.com\/novo\/wp-content\/uploads\/2025\/09\/IMG_20200826_133754_062-scaled-1.jpg\",\"contentUrl\":\"https:\/\/www.floriculturacheiroverde.com\/novo\/wp-content\/uploads\/2025\/09\/IMG_20200826_133754_062-scaled-1.jpg\",\"width\":2560,\"height\":2560},{\"@type\":\"BreadcrumbList\",\"@id\":\"https:\/\/www.floriculturacheiroverde.com\/novo\/produto\/bandeja-roma-cod-w-011\/#breadcrumb\",\"itemListElement\":[{\"@type\":\"ListItem\",\"position\":1,\"name\":\"In\u00edcio\",\"item\":\"https:\/\/www.floriculturacheiroverde.com\/novo\/\"},{\"@type\":\"ListItem\",\"position\":2,\"name\":\"Shop\",\"item\":\"https:\/\/www.floriculturacheiroverde.com\/novo\/shop\/\"},{\"@type\":\"ListItem\",\"position\":3,\"name\":\"Bandeja Roma. Cod. W-011\"}]},{\"@type\":\"WebSite\",\"@id\":\"https:\/\/www.floriculturacheiroverde.com\/novo\/#website\",\"url\":\"https:\/\/www.floriculturacheiroverde.com\/novo\/\",\"name\":\"Floricultura Cheiro Verde\",\"description\":\"Compre Flores Online - Floricultura na Palho\u00e7a\",\"potentialAction\":[{\"@type\":\"SearchAction\",\"target\":{\"@type\":\"EntryPoint\",\"urlTemplate\":\"https:\/\/www.floriculturacheiroverde.com\/novo\/?s={search_term_string}\"},\"query-input\":{\"@type\":\"PropertyValueSpecification\",\"valueRequired\":true,\"valueName\":\"search_term_string\"}}],\"inLanguage\":\"pt-BR\"}]}<\/script>\n<!-- \/ Yoast SEO plugin. -->","yoast_head_json":{"title":"Bandeja Roma. Cod. W-011 - Floricultura Cheiro Verde","robots":{"index":"index","follow":"follow","max-snippet":"max-snippet:-1","max-image-preview":"max-image-preview:large","max-video-preview":"max-video-preview:-1"},"canonical":"https:\/\/www.floriculturacheiroverde.com\/novo\/produto\/bandeja-roma-cod-w-011\/","og_locale":"pt_BR","og_type":"article","og_title":"Bandeja Roma. Cod. W-011 - Floricultura Cheiro Verde","og_description":"Bandeja de Vime com Vinho Concha Y Toro, Cassili de Queijo Provolone Desidratado, Petisco Caseiro, Grissini de Queijo, Biscoito Caseiro Amanteigado com Gotas de Chocolate, Biscoito Caseiro Casadinho, e Queijo Parmes\u00e3o. Seu pedido \u00e9 Urgente? Compre agora mesmo pelo WhatsApp. \u00c9 R\u00e1pido e F\u00e1cil. Entregamos no mesmo dia -&gt; (48) 99831-0602","og_url":"https:\/\/www.floriculturacheiroverde.com\/novo\/produto\/bandeja-roma-cod-w-011\/","og_site_name":"Floricultura Cheiro Verde","article_modified_time":"2026-02-02T18:55:33+00:00","og_image":[{"width":2560,"height":2560,"url":"https:\/\/www.floriculturacheiroverde.com\/novo\/wp-content\/uploads\/2025\/09\/IMG_20200826_133754_062-scaled-1.jpg","type":"image\/jpeg"}],"twitter_card":"summary_large_image","twitter_misc":{"Est. tempo de leitura":"1 minuto"},"schema":{"@context":"https:\/\/schema.org","@graph":[{"@type":"WebPage","@id":"https:\/\/www.floriculturacheiroverde.com\/novo\/produto\/bandeja-roma-cod-w-011\/","url":"https:\/\/www.floriculturacheiroverde.com\/novo\/produto\/bandeja-roma-cod-w-011\/","name":"Bandeja Roma. Cod. W-011 - Floricultura Cheiro Verde","isPartOf":{"@id":"https:\/\/www.floriculturacheiroverde.com\/novo\/#website"},"primaryImageOfPage":{"@id":"https:\/\/www.floriculturacheiroverde.com\/novo\/produto\/bandeja-roma-cod-w-011\/#primaryimage"},"image":{"@id":"https:\/\/www.floriculturacheiroverde.com\/novo\/produto\/bandeja-roma-cod-w-011\/#primaryimage"},"thumbnailUrl":"https:\/\/www.floriculturacheiroverde.com\/novo\/wp-content\/uploads\/2025\/09\/IMG_20200826_133754_062-scaled-1.jpg","datePublished":"2020-08-26T19:18:01+00:00","dateModified":"2026-02-02T18:55:33+00:00","breadcrumb":{"@id":"https:\/\/www.floriculturacheiroverde.com\/novo\/produto\/bandeja-roma-cod-w-011\/#breadcrumb"},"inLanguage":"pt-BR","potentialAction":[{"@type":"ReadAction","target":["https:\/\/www.floriculturacheiroverde.com\/novo\/produto\/bandeja-roma-cod-w-011\/"]}]},{"@type":"ImageObject","inLanguage":"pt-BR","@id":"https:\/\/www.floriculturacheiroverde.com\/novo\/produto\/bandeja-roma-cod-w-011\/#primaryimage","url":"https:\/\/www.floriculturacheiroverde.com\/novo\/wp-content\/uploads\/2025\/09\/IMG_20200826_133754_062-scaled-1.jpg","contentUrl":"https:\/\/www.floriculturacheiroverde.com\/novo\/wp-content\/uploads\/2025\/09\/IMG_20200826_133754_062-scaled-1.jpg","width":2560,"height":2560},{"@type":"BreadcrumbList","@id":"https:\/\/www.floriculturacheiroverde.com\/novo\/produto\/bandeja-roma-cod-w-011\/#breadcrumb","itemListElement":[{"@type":"ListItem","position":1,"name":"In\u00edcio","item":"https:\/\/www.floriculturacheiroverde.com\/novo\/"},{"@type":"ListItem","position":2,"name":"Shop","item":"https:\/\/www.floriculturacheiroverde.com\/novo\/shop\/"},{"@type":"ListItem","position":3,"name":"Bandeja Roma. Cod. W-011"}]},{"@type":"WebSite","@id":"https:\/\/www.floriculturacheiroverde.com\/novo\/#website","url":"https:\/\/www.floriculturacheiroverde.com\/novo\/","name":"Floricultura Cheiro Verde","description":"Compre Flores Online - Floricultura na Palho\u00e7a","potentialAction":[{"@type":"SearchAction","target":{"@type":"EntryPoint","urlTemplate":"https:\/\/www.floriculturacheiroverde.com\/novo\/?s={search_term_string}"},"query-input":{"@type":"PropertyValueSpecification","valueRequired":true,"valueName":"search_term_string"}}],"inLanguage":"pt-BR"}]}},"_links":{"self":[{"href":"https:\/\/www.floriculturacheiroverde.com\/novo\/wp-json\/wp\/v2\/product\/4426","targetHints":{"allow":["GET"]}}],"collection":[{"href":"https:\/\/www.floriculturacheiroverde.com\/novo\/wp-json\/wp\/v2\/product"}],"about":[{"href":"https:\/\/www.floriculturacheiroverde.com\/novo\/wp-json\/wp\/v2\/types\/product"}],"wp:featuredmedia":[{"embeddable":true,"href":"https:\/\/www.floriculturacheiroverde.com\/novo\/wp-json\/wp\/v2\/media\/7992"}],"wp:attachment":[{"href":"https:\/\/www.floriculturacheiroverde.com\/novo\/wp-json\/wp\/v2\/media?parent=4426"}],"wp:term":[{"taxonomy":"product_brand","embeddable":true,"href":"https:\/\/www.floriculturacheiroverde.com\/novo\/wp-json\/wp\/v2\/product_brand?post=4426"},{"taxonomy":"product_cat","embeddable":true,"href":"https:\/\/www.floriculturacheiroverde.com\/novo\/wp-json\/wp\/v2\/product_cat?post=4426"},{"taxonomy":"product_tag","embeddable":true,"href":"https:\/\/www.floriculturacheiroverde.com\/novo\/wp-json\/wp\/v2\/product_tag?post=4426"}],"curies":[{"name":"wp","href":"https:\/\/api.w.org\/{rel}","templated":true}]}}