{"id":396,"date":"2015-07-17T17:50:55","date_gmt":"2015-07-17T20:50:55","guid":{"rendered":"https:\/\/www.floriculturacheiroverde.com\/novo\/?post_type=product&#038;p=396"},"modified":"2025-09-09T12:03:03","modified_gmt":"2025-09-09T15:03:03","slug":"coroa-funebre-com-flores-do-campo-cod-f-004","status":"publish","type":"product","link":"https:\/\/www.floriculturacheiroverde.com\/novo\/produto\/coroa-funebre-com-flores-do-campo-cod-f-004\/","title":{"rendered":"Coroa F\u00fanebre com Flores do Campo Cod. F-232"},"content":{"rendered":"","protected":false},"excerpt":{"rendered":"<h1>Atendimento 24h: (48) 9.9125-8342 \u2022 9.9175-1020<\/h1>\n<p><span style=\"color: #000000\"><em><strong>VENDA SOMENTE POR TELEFONE OU DIRETAMENTE NA LOJA.<\/strong><\/em><\/span><\/p>\n<p><span style=\"color: #000000\"><em><strong>Dispon\u00edvel em V\u00e1rias Cores. Verificar disponibilidade.<\/strong><\/em><\/span><\/p>\n<p><span style=\"color: #000000\"><em><strong>*Na aus\u00eancia de um dos produtos o mesmo ser\u00e1 substitu\u00eddo por outro semelhante, de igual o maior valor, sem que se perca a proposta original do produto.<\/strong><\/em><\/span><\/p>\n","protected":false},"featured_media":4204,"template":"","meta":[],"product_brand":[],"product_cat":[166],"product_tag":[],"class_list":{"0":"post-396","1":"product","2":"type-product","3":"status-publish","4":"has-post-thumbnail","6":"product_cat-coroas-funebres-24h","7":"tm-has-options","9":"first","10":"instock","11":"shipping-taxable","12":"purchasable","13":"product-type-simple"},"yoast_head":"<!-- This site is optimized with the Yoast SEO plugin v26.2 - https:\/\/yoast.com\/wordpress\/plugins\/seo\/ -->\n<title>Coroa F\u00fanebre com Flores do Campo Cod. F-232 - Floricultura Cheiro Verde<\/title>\n<meta name=\"robots\" content=\"index, follow, max-snippet:-1, max-image-preview:large, max-video-preview:-1\" \/>\n<link rel=\"canonical\" href=\"https:\/\/www.floriculturacheiroverde.com\/novo\/produto\/coroa-funebre-com-flores-do-campo-cod-f-004\/\" \/>\n<meta property=\"og:locale\" content=\"pt_BR\" \/>\n<meta property=\"og:type\" content=\"article\" \/>\n<meta property=\"og:title\" content=\"Coroa F\u00fanebre com Flores do Campo Cod. F-232 - Floricultura Cheiro Verde\" \/>\n<meta property=\"og:description\" content=\"Atendimento 24h: (48) 9.9125-8342 \u2022 9.9175-1020 VENDA SOMENTE POR TELEFONE OU DIRETAMENTE NA LOJA.  Dispon\u00edvel em V\u00e1rias Cores. Verificar disponibilidade.  *Na aus\u00eancia de um dos produtos o mesmo ser\u00e1 substitu\u00eddo por outro semelhante, de igual o maior valor, sem que se perca a proposta original do produto.\" \/>\n<meta property=\"og:url\" content=\"https:\/\/www.floriculturacheiroverde.com\/novo\/produto\/coroa-funebre-com-flores-do-campo-cod-f-004\/\" \/>\n<meta property=\"og:site_name\" content=\"Floricultura Cheiro Verde\" \/>\n<meta property=\"article:modified_time\" content=\"2025-09-09T15:03:03+00:00\" \/>\n<meta property=\"og:image\" content=\"https:\/\/www.floriculturacheiroverde.com\/novo\/wp-content\/uploads\/2025\/04\/IMG_20180221_115046_620.jpg\" \/>\n\t<meta property=\"og:image:width\" content=\"960\" \/>\n\t<meta property=\"og:image:height\" content=\"960\" \/>\n\t<meta property=\"og:image:type\" content=\"image\/jpeg\" \/>\n<meta name=\"twitter:card\" content=\"summary_large_image\" \/>\n<script type=\"application\/ld+json\" class=\"yoast-schema-graph\">{\"@context\":\"https:\/\/schema.org\",\"@graph\":[{\"@type\":\"WebPage\",\"@id\":\"https:\/\/www.floriculturacheiroverde.com\/novo\/produto\/coroa-funebre-com-flores-do-campo-cod-f-004\/\",\"url\":\"https:\/\/www.floriculturacheiroverde.com\/novo\/produto\/coroa-funebre-com-flores-do-campo-cod-f-004\/\",\"name\":\"Coroa F\u00fanebre com Flores do Campo Cod. F-232 - Floricultura Cheiro Verde\",\"isPartOf\":{\"@id\":\"https:\/\/www.floriculturacheiroverde.com\/novo\/#website\"},\"primaryImageOfPage\":{\"@id\":\"https:\/\/www.floriculturacheiroverde.com\/novo\/produto\/coroa-funebre-com-flores-do-campo-cod-f-004\/#primaryimage\"},\"image\":{\"@id\":\"https:\/\/www.floriculturacheiroverde.com\/novo\/produto\/coroa-funebre-com-flores-do-campo-cod-f-004\/#primaryimage\"},\"thumbnailUrl\":\"https:\/\/www.floriculturacheiroverde.com\/novo\/wp-content\/uploads\/2025\/04\/IMG_20180221_115046_620.jpg\",\"datePublished\":\"2015-07-17T20:50:55+00:00\",\"dateModified\":\"2025-09-09T15:03:03+00:00\",\"breadcrumb\":{\"@id\":\"https:\/\/www.floriculturacheiroverde.com\/novo\/produto\/coroa-funebre-com-flores-do-campo-cod-f-004\/#breadcrumb\"},\"inLanguage\":\"pt-BR\",\"potentialAction\":[{\"@type\":\"ReadAction\",\"target\":[\"https:\/\/www.floriculturacheiroverde.com\/novo\/produto\/coroa-funebre-com-flores-do-campo-cod-f-004\/\"]}]},{\"@type\":\"ImageObject\",\"inLanguage\":\"pt-BR\",\"@id\":\"https:\/\/www.floriculturacheiroverde.com\/novo\/produto\/coroa-funebre-com-flores-do-campo-cod-f-004\/#primaryimage\",\"url\":\"https:\/\/www.floriculturacheiroverde.com\/novo\/wp-content\/uploads\/2025\/04\/IMG_20180221_115046_620.jpg\",\"contentUrl\":\"https:\/\/www.floriculturacheiroverde.com\/novo\/wp-content\/uploads\/2025\/04\/IMG_20180221_115046_620.jpg\",\"width\":2495,\"height\":2495},{\"@type\":\"BreadcrumbList\",\"@id\":\"https:\/\/www.floriculturacheiroverde.com\/novo\/produto\/coroa-funebre-com-flores-do-campo-cod-f-004\/#breadcrumb\",\"itemListElement\":[{\"@type\":\"ListItem\",\"position\":1,\"name\":\"In\u00edcio\",\"item\":\"https:\/\/www.floriculturacheiroverde.com\/novo\/\"},{\"@type\":\"ListItem\",\"position\":2,\"name\":\"Shop\",\"item\":\"https:\/\/www.floriculturacheiroverde.com\/novo\/shop\/\"},{\"@type\":\"ListItem\",\"position\":3,\"name\":\"Coroa F\u00fanebre com Flores do Campo Cod. F-232\"}]},{\"@type\":\"WebSite\",\"@id\":\"https:\/\/www.floriculturacheiroverde.com\/novo\/#website\",\"url\":\"https:\/\/www.floriculturacheiroverde.com\/novo\/\",\"name\":\"Floricultura Cheiro Verde\",\"description\":\"Compre Flores Online - Floricultura na Palho\u00e7a\",\"potentialAction\":[{\"@type\":\"SearchAction\",\"target\":{\"@type\":\"EntryPoint\",\"urlTemplate\":\"https:\/\/www.floriculturacheiroverde.com\/novo\/?s={search_term_string}\"},\"query-input\":{\"@type\":\"PropertyValueSpecification\",\"valueRequired\":true,\"valueName\":\"search_term_string\"}}],\"inLanguage\":\"pt-BR\"}]}<\/script>\n<!-- \/ Yoast SEO plugin. -->","yoast_head_json":{"title":"Coroa F\u00fanebre com Flores do Campo Cod. F-232 - Floricultura Cheiro Verde","robots":{"index":"index","follow":"follow","max-snippet":"max-snippet:-1","max-image-preview":"max-image-preview:large","max-video-preview":"max-video-preview:-1"},"canonical":"https:\/\/www.floriculturacheiroverde.com\/novo\/produto\/coroa-funebre-com-flores-do-campo-cod-f-004\/","og_locale":"pt_BR","og_type":"article","og_title":"Coroa F\u00fanebre com Flores do Campo Cod. F-232 - Floricultura Cheiro Verde","og_description":"Atendimento 24h: (48) 9.9125-8342 \u2022 9.9175-1020 VENDA SOMENTE POR TELEFONE OU DIRETAMENTE NA LOJA.  Dispon\u00edvel em V\u00e1rias Cores. Verificar disponibilidade.  *Na aus\u00eancia de um dos produtos o mesmo ser\u00e1 substitu\u00eddo por outro semelhante, de igual o maior valor, sem que se perca a proposta original do produto.","og_url":"https:\/\/www.floriculturacheiroverde.com\/novo\/produto\/coroa-funebre-com-flores-do-campo-cod-f-004\/","og_site_name":"Floricultura Cheiro Verde","article_modified_time":"2025-09-09T15:03:03+00:00","og_image":[{"url":"https:\/\/www.floriculturacheiroverde.com\/novo\/wp-content\/uploads\/2025\/04\/IMG_20180221_115046_620.jpg","width":960,"height":960,"type":"image\/jpeg"}],"twitter_card":"summary_large_image","schema":{"@context":"https:\/\/schema.org","@graph":[{"@type":"WebPage","@id":"https:\/\/www.floriculturacheiroverde.com\/novo\/produto\/coroa-funebre-com-flores-do-campo-cod-f-004\/","url":"https:\/\/www.floriculturacheiroverde.com\/novo\/produto\/coroa-funebre-com-flores-do-campo-cod-f-004\/","name":"Coroa F\u00fanebre com Flores do Campo Cod. F-232 - Floricultura Cheiro Verde","isPartOf":{"@id":"https:\/\/www.floriculturacheiroverde.com\/novo\/#website"},"primaryImageOfPage":{"@id":"https:\/\/www.floriculturacheiroverde.com\/novo\/produto\/coroa-funebre-com-flores-do-campo-cod-f-004\/#primaryimage"},"image":{"@id":"https:\/\/www.floriculturacheiroverde.com\/novo\/produto\/coroa-funebre-com-flores-do-campo-cod-f-004\/#primaryimage"},"thumbnailUrl":"https:\/\/www.floriculturacheiroverde.com\/novo\/wp-content\/uploads\/2025\/04\/IMG_20180221_115046_620.jpg","datePublished":"2015-07-17T20:50:55+00:00","dateModified":"2025-09-09T15:03:03+00:00","breadcrumb":{"@id":"https:\/\/www.floriculturacheiroverde.com\/novo\/produto\/coroa-funebre-com-flores-do-campo-cod-f-004\/#breadcrumb"},"inLanguage":"pt-BR","potentialAction":[{"@type":"ReadAction","target":["https:\/\/www.floriculturacheiroverde.com\/novo\/produto\/coroa-funebre-com-flores-do-campo-cod-f-004\/"]}]},{"@type":"ImageObject","inLanguage":"pt-BR","@id":"https:\/\/www.floriculturacheiroverde.com\/novo\/produto\/coroa-funebre-com-flores-do-campo-cod-f-004\/#primaryimage","url":"https:\/\/www.floriculturacheiroverde.com\/novo\/wp-content\/uploads\/2025\/04\/IMG_20180221_115046_620.jpg","contentUrl":"https:\/\/www.floriculturacheiroverde.com\/novo\/wp-content\/uploads\/2025\/04\/IMG_20180221_115046_620.jpg","width":2495,"height":2495},{"@type":"BreadcrumbList","@id":"https:\/\/www.floriculturacheiroverde.com\/novo\/produto\/coroa-funebre-com-flores-do-campo-cod-f-004\/#breadcrumb","itemListElement":[{"@type":"ListItem","position":1,"name":"In\u00edcio","item":"https:\/\/www.floriculturacheiroverde.com\/novo\/"},{"@type":"ListItem","position":2,"name":"Shop","item":"https:\/\/www.floriculturacheiroverde.com\/novo\/shop\/"},{"@type":"ListItem","position":3,"name":"Coroa F\u00fanebre com Flores do Campo Cod. F-232"}]},{"@type":"WebSite","@id":"https:\/\/www.floriculturacheiroverde.com\/novo\/#website","url":"https:\/\/www.floriculturacheiroverde.com\/novo\/","name":"Floricultura Cheiro Verde","description":"Compre Flores Online - Floricultura na Palho\u00e7a","potentialAction":[{"@type":"SearchAction","target":{"@type":"EntryPoint","urlTemplate":"https:\/\/www.floriculturacheiroverde.com\/novo\/?s={search_term_string}"},"query-input":{"@type":"PropertyValueSpecification","valueRequired":true,"valueName":"search_term_string"}}],"inLanguage":"pt-BR"}]}},"_links":{"self":[{"href":"https:\/\/www.floriculturacheiroverde.com\/novo\/wp-json\/wp\/v2\/product\/396","targetHints":{"allow":["GET"]}}],"collection":[{"href":"https:\/\/www.floriculturacheiroverde.com\/novo\/wp-json\/wp\/v2\/product"}],"about":[{"href":"https:\/\/www.floriculturacheiroverde.com\/novo\/wp-json\/wp\/v2\/types\/product"}],"wp:featuredmedia":[{"embeddable":true,"href":"https:\/\/www.floriculturacheiroverde.com\/novo\/wp-json\/wp\/v2\/media\/4204"}],"wp:attachment":[{"href":"https:\/\/www.floriculturacheiroverde.com\/novo\/wp-json\/wp\/v2\/media?parent=396"}],"wp:term":[{"taxonomy":"product_brand","embeddable":true,"href":"https:\/\/www.floriculturacheiroverde.com\/novo\/wp-json\/wp\/v2\/product_brand?post=396"},{"taxonomy":"product_cat","embeddable":true,"href":"https:\/\/www.floriculturacheiroverde.com\/novo\/wp-json\/wp\/v2\/product_cat?post=396"},{"taxonomy":"product_tag","embeddable":true,"href":"https:\/\/www.floriculturacheiroverde.com\/novo\/wp-json\/wp\/v2\/product_tag?post=396"}],"curies":[{"name":"wp","href":"https:\/\/api.w.org\/{rel}","templated":true}]}}