{"id":2907,"date":"2018-07-25T10:35:27","date_gmt":"2018-07-25T13:35:27","guid":{"rendered":"https:\/\/www.floriculturacheiroverde.com\/novo\/?post_type=product&#038;p=2907"},"modified":"2026-04-16T10:42:00","modified_gmt":"2026-04-16T13:42:00","slug":"arranjo-sintonia-de-alstroemerias-e-chocolate-cod-a-086","status":"publish","type":"product","link":"https:\/\/www.floriculturacheiroverde.com\/novo\/produto\/arranjo-sintonia-de-alstroemerias-e-chocolate-cod-a-086\/","title":{"rendered":"Arranjo Sintonia de Alstroem\u00e9rias e Chocolate. Cod. A-086"},"content":{"rendered":"<p><span style=\"color: #000000\"><strong>Na aus\u00eancia de um dos produtos, o mesmo ser\u00e1 substitu\u00eddo por outro semelhante, de igual ou maior valor,sem aviso pr\u00e9vio, e sem que se perca a proposta original do Arranjo.<\/strong><\/span><\/p>\n<p><span style=\"color: #000000\"><strong>Tamanho aprox: 30 cm.<\/strong><\/span><\/p>\n","protected":false},"excerpt":{"rendered":"<p><span style=\"color: #000000\"><em><strong>Maravilhoso Arranjo de Alstroem\u00e9rias Silvestres, Montado e Confeccionado em Vaso de Vidro com La\u00e7o Decorativo, Acompanhado de um Caixa de Chocolate Ferrero Rocher. Um Arte floral mais que especial para presentear quem voc\u00ea mais ama!<\/strong><\/em><\/span><\/p>\n<p><span style=\"color: #000000\"><em><strong>Escolha a Cor da Flor:<\/strong><\/em><\/span><\/p>\n<h4><span style=\"color: #ff0000\">*** Compras pelo site apenas com 2 dias de anteced\u00eancia.\u00a0Para entregas urgentes, no mesmo dia ou no dia seguinte, entre em contato diretamente com a loja pelo tele vendas em hor\u00e1rio comercial. ***<\/span><\/h4>\n","protected":false},"featured_media":7946,"template":"","meta":[],"product_brand":[],"product_cat":[158,150,172,155,156,171,181,168,153],"product_tag":[],"class_list":{"0":"post-2907","1":"product","2":"type-product","3":"status-publish","4":"has-post-thumbnail","6":"product_cat-agradecimento","7":"product_cat-aniversario","8":"product_cat-arranjos-classicos","9":"product_cat-dia-dos-namorados","10":"product_cat-dia-international-da-mulher","11":"product_cat-flores-chocolates","12":"product_cat-lancamentos","13":"product_cat-maternidade","14":"product_cat-romantico","15":"tm-has-options","17":"first","18":"instock","19":"shipping-taxable","20":"purchasable","21":"product-type-simple"},"yoast_head":"<!-- This site is optimized with the Yoast SEO plugin v26.2 - https:\/\/yoast.com\/wordpress\/plugins\/seo\/ -->\n<title>Arranjo Sintonia de Alstroem\u00e9rias e Chocolate. Cod. A-086 - Floricultura Cheiro Verde<\/title>\n<meta name=\"robots\" content=\"index, follow, max-snippet:-1, max-image-preview:large, max-video-preview:-1\" \/>\n<link rel=\"canonical\" href=\"https:\/\/www.floriculturacheiroverde.com\/novo\/produto\/arranjo-sintonia-de-alstroemerias-e-chocolate-cod-a-086\/\" \/>\n<meta property=\"og:locale\" content=\"pt_BR\" \/>\n<meta property=\"og:type\" content=\"article\" \/>\n<meta property=\"og:title\" content=\"Arranjo Sintonia de Alstroem\u00e9rias e Chocolate. Cod. A-086 - Floricultura Cheiro Verde\" \/>\n<meta property=\"og:description\" content=\"Maravilhoso Arranjo de Alstroem\u00e9rias Silvestres, Montado e Confeccionado em Vaso de Vidro com La\u00e7o Decorativo, Acompanhado de um Caixa de Chocolate Ferrero Rocher. Um Arte floral mais que especial para presentear quem voc\u00ea mais ama!  Escolha a Cor da Flor: *** Compras pelo site apenas com 2 dias de anteced\u00eancia.\u00a0Para entregas urgentes, no mesmo dia ou no dia seguinte, entre em contato diretamente com a loja pelo tele vendas em hor\u00e1rio comercial. ***\" \/>\n<meta property=\"og:url\" content=\"https:\/\/www.floriculturacheiroverde.com\/novo\/produto\/arranjo-sintonia-de-alstroemerias-e-chocolate-cod-a-086\/\" \/>\n<meta property=\"og:site_name\" content=\"Floricultura Cheiro Verde\" \/>\n<meta property=\"article:modified_time\" content=\"2026-04-16T13:42:00+00:00\" \/>\n<meta property=\"og:image\" content=\"https:\/\/www.floriculturacheiroverde.com\/novo\/wp-content\/uploads\/2025\/09\/IMG_20180724_101426_294-scaled.jpg\" \/>\n\t<meta property=\"og:image:width\" content=\"2560\" \/>\n\t<meta property=\"og:image:height\" content=\"2560\" \/>\n\t<meta property=\"og:image:type\" content=\"image\/jpeg\" \/>\n<meta name=\"twitter:card\" content=\"summary_large_image\" \/>\n<script type=\"application\/ld+json\" class=\"yoast-schema-graph\">{\"@context\":\"https:\/\/schema.org\",\"@graph\":[{\"@type\":\"WebPage\",\"@id\":\"https:\/\/www.floriculturacheiroverde.com\/novo\/produto\/arranjo-sintonia-de-alstroemerias-e-chocolate-cod-a-086\/\",\"url\":\"https:\/\/www.floriculturacheiroverde.com\/novo\/produto\/arranjo-sintonia-de-alstroemerias-e-chocolate-cod-a-086\/\",\"name\":\"Arranjo Sintonia de Alstroem\u00e9rias e Chocolate. Cod. A-086 - Floricultura Cheiro Verde\",\"isPartOf\":{\"@id\":\"https:\/\/www.floriculturacheiroverde.com\/novo\/#website\"},\"primaryImageOfPage\":{\"@id\":\"https:\/\/www.floriculturacheiroverde.com\/novo\/produto\/arranjo-sintonia-de-alstroemerias-e-chocolate-cod-a-086\/#primaryimage\"},\"image\":{\"@id\":\"https:\/\/www.floriculturacheiroverde.com\/novo\/produto\/arranjo-sintonia-de-alstroemerias-e-chocolate-cod-a-086\/#primaryimage\"},\"thumbnailUrl\":\"https:\/\/www.floriculturacheiroverde.com\/novo\/wp-content\/uploads\/2025\/09\/IMG_20180724_101426_294-scaled.jpg\",\"datePublished\":\"2018-07-25T13:35:27+00:00\",\"dateModified\":\"2026-04-16T13:42:00+00:00\",\"breadcrumb\":{\"@id\":\"https:\/\/www.floriculturacheiroverde.com\/novo\/produto\/arranjo-sintonia-de-alstroemerias-e-chocolate-cod-a-086\/#breadcrumb\"},\"inLanguage\":\"pt-BR\",\"potentialAction\":[{\"@type\":\"ReadAction\",\"target\":[\"https:\/\/www.floriculturacheiroverde.com\/novo\/produto\/arranjo-sintonia-de-alstroemerias-e-chocolate-cod-a-086\/\"]}]},{\"@type\":\"ImageObject\",\"inLanguage\":\"pt-BR\",\"@id\":\"https:\/\/www.floriculturacheiroverde.com\/novo\/produto\/arranjo-sintonia-de-alstroemerias-e-chocolate-cod-a-086\/#primaryimage\",\"url\":\"https:\/\/www.floriculturacheiroverde.com\/novo\/wp-content\/uploads\/2025\/09\/IMG_20180724_101426_294-scaled.jpg\",\"contentUrl\":\"https:\/\/www.floriculturacheiroverde.com\/novo\/wp-content\/uploads\/2025\/09\/IMG_20180724_101426_294-scaled.jpg\",\"width\":2560,\"height\":2560},{\"@type\":\"BreadcrumbList\",\"@id\":\"https:\/\/www.floriculturacheiroverde.com\/novo\/produto\/arranjo-sintonia-de-alstroemerias-e-chocolate-cod-a-086\/#breadcrumb\",\"itemListElement\":[{\"@type\":\"ListItem\",\"position\":1,\"name\":\"In\u00edcio\",\"item\":\"https:\/\/www.floriculturacheiroverde.com\/novo\/\"},{\"@type\":\"ListItem\",\"position\":2,\"name\":\"Shop\",\"item\":\"https:\/\/www.floriculturacheiroverde.com\/novo\/shop\/\"},{\"@type\":\"ListItem\",\"position\":3,\"name\":\"Arranjo Sintonia de Alstroem\u00e9rias e Chocolate. Cod. A-086\"}]},{\"@type\":\"WebSite\",\"@id\":\"https:\/\/www.floriculturacheiroverde.com\/novo\/#website\",\"url\":\"https:\/\/www.floriculturacheiroverde.com\/novo\/\",\"name\":\"Floricultura Cheiro Verde\",\"description\":\"Compre Flores Online - Floricultura na Palho\u00e7a\",\"potentialAction\":[{\"@type\":\"SearchAction\",\"target\":{\"@type\":\"EntryPoint\",\"urlTemplate\":\"https:\/\/www.floriculturacheiroverde.com\/novo\/?s={search_term_string}\"},\"query-input\":{\"@type\":\"PropertyValueSpecification\",\"valueRequired\":true,\"valueName\":\"search_term_string\"}}],\"inLanguage\":\"pt-BR\"}]}<\/script>\n<!-- \/ Yoast SEO plugin. -->","yoast_head_json":{"title":"Arranjo Sintonia de Alstroem\u00e9rias e Chocolate. Cod. A-086 - Floricultura Cheiro Verde","robots":{"index":"index","follow":"follow","max-snippet":"max-snippet:-1","max-image-preview":"max-image-preview:large","max-video-preview":"max-video-preview:-1"},"canonical":"https:\/\/www.floriculturacheiroverde.com\/novo\/produto\/arranjo-sintonia-de-alstroemerias-e-chocolate-cod-a-086\/","og_locale":"pt_BR","og_type":"article","og_title":"Arranjo Sintonia de Alstroem\u00e9rias e Chocolate. Cod. A-086 - Floricultura Cheiro Verde","og_description":"Maravilhoso Arranjo de Alstroem\u00e9rias Silvestres, Montado e Confeccionado em Vaso de Vidro com La\u00e7o Decorativo, Acompanhado de um Caixa de Chocolate Ferrero Rocher. Um Arte floral mais que especial para presentear quem voc\u00ea mais ama!  Escolha a Cor da Flor: *** Compras pelo site apenas com 2 dias de anteced\u00eancia.\u00a0Para entregas urgentes, no mesmo dia ou no dia seguinte, entre em contato diretamente com a loja pelo tele vendas em hor\u00e1rio comercial. ***","og_url":"https:\/\/www.floriculturacheiroverde.com\/novo\/produto\/arranjo-sintonia-de-alstroemerias-e-chocolate-cod-a-086\/","og_site_name":"Floricultura Cheiro Verde","article_modified_time":"2026-04-16T13:42:00+00:00","og_image":[{"width":2560,"height":2560,"url":"https:\/\/www.floriculturacheiroverde.com\/novo\/wp-content\/uploads\/2025\/09\/IMG_20180724_101426_294-scaled.jpg","type":"image\/jpeg"}],"twitter_card":"summary_large_image","schema":{"@context":"https:\/\/schema.org","@graph":[{"@type":"WebPage","@id":"https:\/\/www.floriculturacheiroverde.com\/novo\/produto\/arranjo-sintonia-de-alstroemerias-e-chocolate-cod-a-086\/","url":"https:\/\/www.floriculturacheiroverde.com\/novo\/produto\/arranjo-sintonia-de-alstroemerias-e-chocolate-cod-a-086\/","name":"Arranjo Sintonia de Alstroem\u00e9rias e Chocolate. Cod. A-086 - Floricultura Cheiro Verde","isPartOf":{"@id":"https:\/\/www.floriculturacheiroverde.com\/novo\/#website"},"primaryImageOfPage":{"@id":"https:\/\/www.floriculturacheiroverde.com\/novo\/produto\/arranjo-sintonia-de-alstroemerias-e-chocolate-cod-a-086\/#primaryimage"},"image":{"@id":"https:\/\/www.floriculturacheiroverde.com\/novo\/produto\/arranjo-sintonia-de-alstroemerias-e-chocolate-cod-a-086\/#primaryimage"},"thumbnailUrl":"https:\/\/www.floriculturacheiroverde.com\/novo\/wp-content\/uploads\/2025\/09\/IMG_20180724_101426_294-scaled.jpg","datePublished":"2018-07-25T13:35:27+00:00","dateModified":"2026-04-16T13:42:00+00:00","breadcrumb":{"@id":"https:\/\/www.floriculturacheiroverde.com\/novo\/produto\/arranjo-sintonia-de-alstroemerias-e-chocolate-cod-a-086\/#breadcrumb"},"inLanguage":"pt-BR","potentialAction":[{"@type":"ReadAction","target":["https:\/\/www.floriculturacheiroverde.com\/novo\/produto\/arranjo-sintonia-de-alstroemerias-e-chocolate-cod-a-086\/"]}]},{"@type":"ImageObject","inLanguage":"pt-BR","@id":"https:\/\/www.floriculturacheiroverde.com\/novo\/produto\/arranjo-sintonia-de-alstroemerias-e-chocolate-cod-a-086\/#primaryimage","url":"https:\/\/www.floriculturacheiroverde.com\/novo\/wp-content\/uploads\/2025\/09\/IMG_20180724_101426_294-scaled.jpg","contentUrl":"https:\/\/www.floriculturacheiroverde.com\/novo\/wp-content\/uploads\/2025\/09\/IMG_20180724_101426_294-scaled.jpg","width":2560,"height":2560},{"@type":"BreadcrumbList","@id":"https:\/\/www.floriculturacheiroverde.com\/novo\/produto\/arranjo-sintonia-de-alstroemerias-e-chocolate-cod-a-086\/#breadcrumb","itemListElement":[{"@type":"ListItem","position":1,"name":"In\u00edcio","item":"https:\/\/www.floriculturacheiroverde.com\/novo\/"},{"@type":"ListItem","position":2,"name":"Shop","item":"https:\/\/www.floriculturacheiroverde.com\/novo\/shop\/"},{"@type":"ListItem","position":3,"name":"Arranjo Sintonia de Alstroem\u00e9rias e Chocolate. Cod. A-086"}]},{"@type":"WebSite","@id":"https:\/\/www.floriculturacheiroverde.com\/novo\/#website","url":"https:\/\/www.floriculturacheiroverde.com\/novo\/","name":"Floricultura Cheiro Verde","description":"Compre Flores Online - Floricultura na Palho\u00e7a","potentialAction":[{"@type":"SearchAction","target":{"@type":"EntryPoint","urlTemplate":"https:\/\/www.floriculturacheiroverde.com\/novo\/?s={search_term_string}"},"query-input":{"@type":"PropertyValueSpecification","valueRequired":true,"valueName":"search_term_string"}}],"inLanguage":"pt-BR"}]}},"_links":{"self":[{"href":"https:\/\/www.floriculturacheiroverde.com\/novo\/wp-json\/wp\/v2\/product\/2907","targetHints":{"allow":["GET"]}}],"collection":[{"href":"https:\/\/www.floriculturacheiroverde.com\/novo\/wp-json\/wp\/v2\/product"}],"about":[{"href":"https:\/\/www.floriculturacheiroverde.com\/novo\/wp-json\/wp\/v2\/types\/product"}],"wp:featuredmedia":[{"embeddable":true,"href":"https:\/\/www.floriculturacheiroverde.com\/novo\/wp-json\/wp\/v2\/media\/7946"}],"wp:attachment":[{"href":"https:\/\/www.floriculturacheiroverde.com\/novo\/wp-json\/wp\/v2\/media?parent=2907"}],"wp:term":[{"taxonomy":"product_brand","embeddable":true,"href":"https:\/\/www.floriculturacheiroverde.com\/novo\/wp-json\/wp\/v2\/product_brand?post=2907"},{"taxonomy":"product_cat","embeddable":true,"href":"https:\/\/www.floriculturacheiroverde.com\/novo\/wp-json\/wp\/v2\/product_cat?post=2907"},{"taxonomy":"product_tag","embeddable":true,"href":"https:\/\/www.floriculturacheiroverde.com\/novo\/wp-json\/wp\/v2\/product_tag?post=2907"}],"curies":[{"name":"wp","href":"https:\/\/api.w.org\/{rel}","templated":true}]}}