{"id":1950,"date":"2016-09-22T18:18:13","date_gmt":"2016-09-22T21:18:13","guid":{"rendered":"https:\/\/www.floriculturacheiroverde.com\/novo\/?post_type=product&#038;p=1950"},"modified":"2026-04-16T10:46:11","modified_gmt":"2026-04-16T13:46:11","slug":"love-romance-cod-c-096","status":"publish","type":"product","link":"https:\/\/www.floriculturacheiroverde.com\/novo\/produto\/love-romance-cod-c-096\/","title":{"rendered":"..Love Romance Cod. C-096"},"content":{"rendered":"<p><span style=\"color: #000000\"><strong>Arranjo com 4 Rosas Importadas, Chocolate Amandita, Caixa de Bis, Ferrero Rocher 100g, Urso de Pel\u00facia, Bombons e Ba\u00fa de Madeira.<\/strong><\/span><\/p>\n<p><span style=\"color: #000000\"><strong>Tamanho aprox. 40cm.<\/strong><\/span><\/p>\n","protected":false},"excerpt":{"rendered":"<p><span style=\"color: #000000\"><em><strong>Luxuoso Arranjo com 4 Rosas Importadas Vermelhas, Montado em um ba\u00fa de madeira, acompanhando de deliciosos Chocolates, Bombons e Urso de Pel\u00facia.<\/strong><\/em><\/span><\/p>\n<h4><span style=\"color: #ff0000\">*** Compras pelo site apenas com 2 dias de anteced\u00eancia.\u00a0Para entregas urgentes, no mesmo dia ou no dia seguinte, entre em contato diretamente com a loja pelo tele vendas em hor\u00e1rio comercial. ***<\/span><\/h4>\n","protected":false},"featured_media":4301,"template":"","meta":[],"product_brand":[],"product_cat":[158,150,162,155,153],"product_tag":[],"class_list":{"0":"post-1950","1":"product","2":"type-product","3":"status-publish","4":"has-post-thumbnail","6":"product_cat-agradecimento","7":"product_cat-aniversario","8":"product_cat-cestas","9":"product_cat-dia-dos-namorados","10":"product_cat-romantico","11":"tm-has-options","13":"first","14":"instock","15":"shipping-taxable","16":"purchasable","17":"product-type-simple"},"yoast_head":"<!-- This site is optimized with the Yoast SEO plugin v26.2 - https:\/\/yoast.com\/wordpress\/plugins\/seo\/ -->\n<title>..Love Romance Cod. C-096 - Floricultura Cheiro Verde<\/title>\n<meta name=\"robots\" content=\"index, follow, max-snippet:-1, max-image-preview:large, max-video-preview:-1\" \/>\n<link rel=\"canonical\" href=\"https:\/\/www.floriculturacheiroverde.com\/novo\/produto\/love-romance-cod-c-096\/\" \/>\n<meta property=\"og:locale\" content=\"pt_BR\" \/>\n<meta property=\"og:type\" content=\"article\" \/>\n<meta property=\"og:title\" content=\"..Love Romance Cod. C-096 - Floricultura Cheiro Verde\" \/>\n<meta property=\"og:description\" content=\"Luxuoso Arranjo com 4 Rosas Importadas Vermelhas, Montado em um ba\u00fa de madeira, acompanhando de deliciosos Chocolates, Bombons e Urso de Pel\u00facia. *** Compras pelo site apenas com 2 dias de anteced\u00eancia.\u00a0Para entregas urgentes, no mesmo dia ou no dia seguinte, entre em contato diretamente com a loja pelo tele vendas em hor\u00e1rio comercial. ***\" \/>\n<meta property=\"og:url\" content=\"https:\/\/www.floriculturacheiroverde.com\/novo\/produto\/love-romance-cod-c-096\/\" \/>\n<meta property=\"og:site_name\" content=\"Floricultura Cheiro Verde\" \/>\n<meta property=\"article:modified_time\" content=\"2026-04-16T13:46:11+00:00\" \/>\n<meta property=\"og:image\" content=\"https:\/\/www.floriculturacheiroverde.com\/novo\/wp-content\/uploads\/2025\/04\/333333333.jpg\" \/>\n\t<meta property=\"og:image:width\" content=\"960\" \/>\n\t<meta property=\"og:image:height\" content=\"961\" \/>\n\t<meta property=\"og:image:type\" content=\"image\/jpeg\" \/>\n<meta name=\"twitter:card\" content=\"summary_large_image\" \/>\n<script type=\"application\/ld+json\" class=\"yoast-schema-graph\">{\"@context\":\"https:\/\/schema.org\",\"@graph\":[{\"@type\":\"WebPage\",\"@id\":\"https:\/\/www.floriculturacheiroverde.com\/novo\/produto\/love-romance-cod-c-096\/\",\"url\":\"https:\/\/www.floriculturacheiroverde.com\/novo\/produto\/love-romance-cod-c-096\/\",\"name\":\"..Love Romance Cod. C-096 - Floricultura Cheiro Verde\",\"isPartOf\":{\"@id\":\"https:\/\/www.floriculturacheiroverde.com\/novo\/#website\"},\"primaryImageOfPage\":{\"@id\":\"https:\/\/www.floriculturacheiroverde.com\/novo\/produto\/love-romance-cod-c-096\/#primaryimage\"},\"image\":{\"@id\":\"https:\/\/www.floriculturacheiroverde.com\/novo\/produto\/love-romance-cod-c-096\/#primaryimage\"},\"thumbnailUrl\":\"https:\/\/www.floriculturacheiroverde.com\/novo\/wp-content\/uploads\/2025\/04\/333333333.jpg\",\"datePublished\":\"2016-09-22T21:18:13+00:00\",\"dateModified\":\"2026-04-16T13:46:11+00:00\",\"breadcrumb\":{\"@id\":\"https:\/\/www.floriculturacheiroverde.com\/novo\/produto\/love-romance-cod-c-096\/#breadcrumb\"},\"inLanguage\":\"pt-BR\",\"potentialAction\":[{\"@type\":\"ReadAction\",\"target\":[\"https:\/\/www.floriculturacheiroverde.com\/novo\/produto\/love-romance-cod-c-096\/\"]}]},{\"@type\":\"ImageObject\",\"inLanguage\":\"pt-BR\",\"@id\":\"https:\/\/www.floriculturacheiroverde.com\/novo\/produto\/love-romance-cod-c-096\/#primaryimage\",\"url\":\"https:\/\/www.floriculturacheiroverde.com\/novo\/wp-content\/uploads\/2025\/04\/333333333.jpg\",\"contentUrl\":\"https:\/\/www.floriculturacheiroverde.com\/novo\/wp-content\/uploads\/2025\/04\/333333333.jpg\",\"width\":2133,\"height\":2135},{\"@type\":\"BreadcrumbList\",\"@id\":\"https:\/\/www.floriculturacheiroverde.com\/novo\/produto\/love-romance-cod-c-096\/#breadcrumb\",\"itemListElement\":[{\"@type\":\"ListItem\",\"position\":1,\"name\":\"In\u00edcio\",\"item\":\"https:\/\/www.floriculturacheiroverde.com\/novo\/\"},{\"@type\":\"ListItem\",\"position\":2,\"name\":\"Shop\",\"item\":\"https:\/\/www.floriculturacheiroverde.com\/novo\/shop\/\"},{\"@type\":\"ListItem\",\"position\":3,\"name\":\"..Love Romance Cod. C-096\"}]},{\"@type\":\"WebSite\",\"@id\":\"https:\/\/www.floriculturacheiroverde.com\/novo\/#website\",\"url\":\"https:\/\/www.floriculturacheiroverde.com\/novo\/\",\"name\":\"Floricultura Cheiro Verde\",\"description\":\"Compre Flores Online - Floricultura na Palho\u00e7a\",\"potentialAction\":[{\"@type\":\"SearchAction\",\"target\":{\"@type\":\"EntryPoint\",\"urlTemplate\":\"https:\/\/www.floriculturacheiroverde.com\/novo\/?s={search_term_string}\"},\"query-input\":{\"@type\":\"PropertyValueSpecification\",\"valueRequired\":true,\"valueName\":\"search_term_string\"}}],\"inLanguage\":\"pt-BR\"}]}<\/script>\n<!-- \/ Yoast SEO plugin. -->","yoast_head_json":{"title":"..Love Romance Cod. C-096 - Floricultura Cheiro Verde","robots":{"index":"index","follow":"follow","max-snippet":"max-snippet:-1","max-image-preview":"max-image-preview:large","max-video-preview":"max-video-preview:-1"},"canonical":"https:\/\/www.floriculturacheiroverde.com\/novo\/produto\/love-romance-cod-c-096\/","og_locale":"pt_BR","og_type":"article","og_title":"..Love Romance Cod. C-096 - Floricultura Cheiro Verde","og_description":"Luxuoso Arranjo com 4 Rosas Importadas Vermelhas, Montado em um ba\u00fa de madeira, acompanhando de deliciosos Chocolates, Bombons e Urso de Pel\u00facia. *** Compras pelo site apenas com 2 dias de anteced\u00eancia.\u00a0Para entregas urgentes, no mesmo dia ou no dia seguinte, entre em contato diretamente com a loja pelo tele vendas em hor\u00e1rio comercial. ***","og_url":"https:\/\/www.floriculturacheiroverde.com\/novo\/produto\/love-romance-cod-c-096\/","og_site_name":"Floricultura Cheiro Verde","article_modified_time":"2026-04-16T13:46:11+00:00","og_image":[{"url":"https:\/\/www.floriculturacheiroverde.com\/novo\/wp-content\/uploads\/2025\/04\/333333333.jpg","width":960,"height":961,"type":"image\/jpeg"}],"twitter_card":"summary_large_image","schema":{"@context":"https:\/\/schema.org","@graph":[{"@type":"WebPage","@id":"https:\/\/www.floriculturacheiroverde.com\/novo\/produto\/love-romance-cod-c-096\/","url":"https:\/\/www.floriculturacheiroverde.com\/novo\/produto\/love-romance-cod-c-096\/","name":"..Love Romance Cod. C-096 - Floricultura Cheiro Verde","isPartOf":{"@id":"https:\/\/www.floriculturacheiroverde.com\/novo\/#website"},"primaryImageOfPage":{"@id":"https:\/\/www.floriculturacheiroverde.com\/novo\/produto\/love-romance-cod-c-096\/#primaryimage"},"image":{"@id":"https:\/\/www.floriculturacheiroverde.com\/novo\/produto\/love-romance-cod-c-096\/#primaryimage"},"thumbnailUrl":"https:\/\/www.floriculturacheiroverde.com\/novo\/wp-content\/uploads\/2025\/04\/333333333.jpg","datePublished":"2016-09-22T21:18:13+00:00","dateModified":"2026-04-16T13:46:11+00:00","breadcrumb":{"@id":"https:\/\/www.floriculturacheiroverde.com\/novo\/produto\/love-romance-cod-c-096\/#breadcrumb"},"inLanguage":"pt-BR","potentialAction":[{"@type":"ReadAction","target":["https:\/\/www.floriculturacheiroverde.com\/novo\/produto\/love-romance-cod-c-096\/"]}]},{"@type":"ImageObject","inLanguage":"pt-BR","@id":"https:\/\/www.floriculturacheiroverde.com\/novo\/produto\/love-romance-cod-c-096\/#primaryimage","url":"https:\/\/www.floriculturacheiroverde.com\/novo\/wp-content\/uploads\/2025\/04\/333333333.jpg","contentUrl":"https:\/\/www.floriculturacheiroverde.com\/novo\/wp-content\/uploads\/2025\/04\/333333333.jpg","width":2133,"height":2135},{"@type":"BreadcrumbList","@id":"https:\/\/www.floriculturacheiroverde.com\/novo\/produto\/love-romance-cod-c-096\/#breadcrumb","itemListElement":[{"@type":"ListItem","position":1,"name":"In\u00edcio","item":"https:\/\/www.floriculturacheiroverde.com\/novo\/"},{"@type":"ListItem","position":2,"name":"Shop","item":"https:\/\/www.floriculturacheiroverde.com\/novo\/shop\/"},{"@type":"ListItem","position":3,"name":"..Love Romance Cod. C-096"}]},{"@type":"WebSite","@id":"https:\/\/www.floriculturacheiroverde.com\/novo\/#website","url":"https:\/\/www.floriculturacheiroverde.com\/novo\/","name":"Floricultura Cheiro Verde","description":"Compre Flores Online - Floricultura na Palho\u00e7a","potentialAction":[{"@type":"SearchAction","target":{"@type":"EntryPoint","urlTemplate":"https:\/\/www.floriculturacheiroverde.com\/novo\/?s={search_term_string}"},"query-input":{"@type":"PropertyValueSpecification","valueRequired":true,"valueName":"search_term_string"}}],"inLanguage":"pt-BR"}]}},"_links":{"self":[{"href":"https:\/\/www.floriculturacheiroverde.com\/novo\/wp-json\/wp\/v2\/product\/1950","targetHints":{"allow":["GET"]}}],"collection":[{"href":"https:\/\/www.floriculturacheiroverde.com\/novo\/wp-json\/wp\/v2\/product"}],"about":[{"href":"https:\/\/www.floriculturacheiroverde.com\/novo\/wp-json\/wp\/v2\/types\/product"}],"wp:featuredmedia":[{"embeddable":true,"href":"https:\/\/www.floriculturacheiroverde.com\/novo\/wp-json\/wp\/v2\/media\/4301"}],"wp:attachment":[{"href":"https:\/\/www.floriculturacheiroverde.com\/novo\/wp-json\/wp\/v2\/media?parent=1950"}],"wp:term":[{"taxonomy":"product_brand","embeddable":true,"href":"https:\/\/www.floriculturacheiroverde.com\/novo\/wp-json\/wp\/v2\/product_brand?post=1950"},{"taxonomy":"product_cat","embeddable":true,"href":"https:\/\/www.floriculturacheiroverde.com\/novo\/wp-json\/wp\/v2\/product_cat?post=1950"},{"taxonomy":"product_tag","embeddable":true,"href":"https:\/\/www.floriculturacheiroverde.com\/novo\/wp-json\/wp\/v2\/product_tag?post=1950"}],"curies":[{"name":"wp","href":"https:\/\/api.w.org\/{rel}","templated":true}]}}