{"id":1722,"date":"2016-08-17T18:49:19","date_gmt":"2016-08-17T21:49:19","guid":{"rendered":"https:\/\/www.floriculturacheiroverde.com\/novo\/?post_type=product&#038;p=1722"},"modified":"2026-01-26T12:18:36","modified_gmt":"2026-01-26T15:18:36","slug":"coroa-coroacao-cod-f-017","status":"publish","type":"product","link":"https:\/\/www.floriculturacheiroverde.com\/novo\/produto\/coroa-coroacao-cod-f-017\/","title":{"rendered":"Coroa Cora\u00e7\u00e3o! Cod. F-389"},"content":{"rendered":"<p>Tamanho aprox 1 metro.<\/p>\n<p>Flores do Campo e Rosas.<\/p>\n","protected":false},"excerpt":{"rendered":"<h1>Atendimento 24h: (48) 9.9125-8342 \u2022 9.9175-1020<\/h1>\n<p><span style=\"color: #000000\"><em><strong>VENDA SOMENTE POR TELEFONE OU DIRETAMENTE NA LOJA.<\/strong><\/em><\/span><\/p>\n<p><span style=\"color: #000000\"><em><strong>Dispon\u00edvel em V\u00e1rias Cores. Verificar disponibilidade.<\/strong><\/em><\/span><\/p>\n<p><span style=\"color: #000000\"><em><strong>*Na aus\u00eancia de um dos produtos o mesmo ser\u00e1 substitu\u00eddo por outro semelhante, de igual o maior valor, sem que se perca a proposta original do produto.<\/strong><\/em><\/span><\/p>\n","protected":false},"featured_media":4271,"template":"","meta":[],"product_brand":[],"product_cat":[166],"product_tag":[],"class_list":{"0":"post-1722","1":"product","2":"type-product","3":"status-publish","4":"has-post-thumbnail","6":"product_cat-coroas-funebres-24h","7":"tm-has-options","9":"first","10":"instock","11":"shipping-taxable","12":"purchasable","13":"product-type-simple"},"yoast_head":"<!-- This site is optimized with the Yoast SEO plugin v26.2 - https:\/\/yoast.com\/wordpress\/plugins\/seo\/ -->\n<title>Coroa Cora\u00e7\u00e3o! Cod. F-389 - Floricultura Cheiro Verde<\/title>\n<meta name=\"robots\" content=\"index, follow, max-snippet:-1, max-image-preview:large, max-video-preview:-1\" \/>\n<link rel=\"canonical\" href=\"https:\/\/www.floriculturacheiroverde.com\/novo\/produto\/coroa-coroacao-cod-f-017\/\" \/>\n<meta property=\"og:locale\" content=\"pt_BR\" \/>\n<meta property=\"og:type\" content=\"article\" \/>\n<meta property=\"og:title\" content=\"Coroa Cora\u00e7\u00e3o! Cod. F-389 - Floricultura Cheiro Verde\" \/>\n<meta property=\"og:description\" content=\"Atendimento 24h: (48) 9.9125-8342 \u2022 9.9175-1020 VENDA SOMENTE POR TELEFONE OU DIRETAMENTE NA LOJA.  Dispon\u00edvel em V\u00e1rias Cores. Verificar disponibilidade.  *Na aus\u00eancia de um dos produtos o mesmo ser\u00e1 substitu\u00eddo por outro semelhante, de igual o maior valor, sem que se perca a proposta original do produto.\" \/>\n<meta property=\"og:url\" content=\"https:\/\/www.floriculturacheiroverde.com\/novo\/produto\/coroa-coroacao-cod-f-017\/\" \/>\n<meta property=\"og:site_name\" content=\"Floricultura Cheiro Verde\" \/>\n<meta property=\"article:modified_time\" content=\"2026-01-26T15:18:36+00:00\" \/>\n<meta property=\"og:image\" content=\"https:\/\/www.floriculturacheiroverde.com\/novo\/wp-content\/uploads\/2025\/04\/IMG_20160817_184354.jpg\" \/>\n\t<meta property=\"og:image:width\" content=\"2142\" \/>\n\t<meta property=\"og:image:height\" content=\"2143\" \/>\n\t<meta property=\"og:image:type\" content=\"image\/jpeg\" \/>\n<meta name=\"twitter:card\" content=\"summary_large_image\" \/>\n<script type=\"application\/ld+json\" class=\"yoast-schema-graph\">{\"@context\":\"https:\/\/schema.org\",\"@graph\":[{\"@type\":\"WebPage\",\"@id\":\"https:\/\/www.floriculturacheiroverde.com\/novo\/produto\/coroa-coroacao-cod-f-017\/\",\"url\":\"https:\/\/www.floriculturacheiroverde.com\/novo\/produto\/coroa-coroacao-cod-f-017\/\",\"name\":\"Coroa Cora\u00e7\u00e3o! Cod. F-389 - Floricultura Cheiro Verde\",\"isPartOf\":{\"@id\":\"https:\/\/www.floriculturacheiroverde.com\/novo\/#website\"},\"primaryImageOfPage\":{\"@id\":\"https:\/\/www.floriculturacheiroverde.com\/novo\/produto\/coroa-coroacao-cod-f-017\/#primaryimage\"},\"image\":{\"@id\":\"https:\/\/www.floriculturacheiroverde.com\/novo\/produto\/coroa-coroacao-cod-f-017\/#primaryimage\"},\"thumbnailUrl\":\"https:\/\/www.floriculturacheiroverde.com\/novo\/wp-content\/uploads\/2025\/04\/IMG_20160817_184354.jpg\",\"datePublished\":\"2016-08-17T21:49:19+00:00\",\"dateModified\":\"2026-01-26T15:18:36+00:00\",\"breadcrumb\":{\"@id\":\"https:\/\/www.floriculturacheiroverde.com\/novo\/produto\/coroa-coroacao-cod-f-017\/#breadcrumb\"},\"inLanguage\":\"pt-BR\",\"potentialAction\":[{\"@type\":\"ReadAction\",\"target\":[\"https:\/\/www.floriculturacheiroverde.com\/novo\/produto\/coroa-coroacao-cod-f-017\/\"]}]},{\"@type\":\"ImageObject\",\"inLanguage\":\"pt-BR\",\"@id\":\"https:\/\/www.floriculturacheiroverde.com\/novo\/produto\/coroa-coroacao-cod-f-017\/#primaryimage\",\"url\":\"https:\/\/www.floriculturacheiroverde.com\/novo\/wp-content\/uploads\/2025\/04\/IMG_20160817_184354.jpg\",\"contentUrl\":\"https:\/\/www.floriculturacheiroverde.com\/novo\/wp-content\/uploads\/2025\/04\/IMG_20160817_184354.jpg\",\"width\":2142,\"height\":2143},{\"@type\":\"BreadcrumbList\",\"@id\":\"https:\/\/www.floriculturacheiroverde.com\/novo\/produto\/coroa-coroacao-cod-f-017\/#breadcrumb\",\"itemListElement\":[{\"@type\":\"ListItem\",\"position\":1,\"name\":\"In\u00edcio\",\"item\":\"https:\/\/www.floriculturacheiroverde.com\/novo\/\"},{\"@type\":\"ListItem\",\"position\":2,\"name\":\"Shop\",\"item\":\"https:\/\/www.floriculturacheiroverde.com\/novo\/shop\/\"},{\"@type\":\"ListItem\",\"position\":3,\"name\":\"Coroa Cora\u00e7\u00e3o! Cod. F-389\"}]},{\"@type\":\"WebSite\",\"@id\":\"https:\/\/www.floriculturacheiroverde.com\/novo\/#website\",\"url\":\"https:\/\/www.floriculturacheiroverde.com\/novo\/\",\"name\":\"Floricultura Cheiro Verde\",\"description\":\"Compre Flores Online - Floricultura na Palho\u00e7a\",\"potentialAction\":[{\"@type\":\"SearchAction\",\"target\":{\"@type\":\"EntryPoint\",\"urlTemplate\":\"https:\/\/www.floriculturacheiroverde.com\/novo\/?s={search_term_string}\"},\"query-input\":{\"@type\":\"PropertyValueSpecification\",\"valueRequired\":true,\"valueName\":\"search_term_string\"}}],\"inLanguage\":\"pt-BR\"}]}<\/script>\n<!-- \/ Yoast SEO plugin. -->","yoast_head_json":{"title":"Coroa Cora\u00e7\u00e3o! Cod. F-389 - Floricultura Cheiro Verde","robots":{"index":"index","follow":"follow","max-snippet":"max-snippet:-1","max-image-preview":"max-image-preview:large","max-video-preview":"max-video-preview:-1"},"canonical":"https:\/\/www.floriculturacheiroverde.com\/novo\/produto\/coroa-coroacao-cod-f-017\/","og_locale":"pt_BR","og_type":"article","og_title":"Coroa Cora\u00e7\u00e3o! Cod. F-389 - Floricultura Cheiro Verde","og_description":"Atendimento 24h: (48) 9.9125-8342 \u2022 9.9175-1020 VENDA SOMENTE POR TELEFONE OU DIRETAMENTE NA LOJA.  Dispon\u00edvel em V\u00e1rias Cores. Verificar disponibilidade.  *Na aus\u00eancia de um dos produtos o mesmo ser\u00e1 substitu\u00eddo por outro semelhante, de igual o maior valor, sem que se perca a proposta original do produto.","og_url":"https:\/\/www.floriculturacheiroverde.com\/novo\/produto\/coroa-coroacao-cod-f-017\/","og_site_name":"Floricultura Cheiro Verde","article_modified_time":"2026-01-26T15:18:36+00:00","og_image":[{"width":2142,"height":2143,"url":"https:\/\/www.floriculturacheiroverde.com\/novo\/wp-content\/uploads\/2025\/04\/IMG_20160817_184354.jpg","type":"image\/jpeg"}],"twitter_card":"summary_large_image","schema":{"@context":"https:\/\/schema.org","@graph":[{"@type":"WebPage","@id":"https:\/\/www.floriculturacheiroverde.com\/novo\/produto\/coroa-coroacao-cod-f-017\/","url":"https:\/\/www.floriculturacheiroverde.com\/novo\/produto\/coroa-coroacao-cod-f-017\/","name":"Coroa Cora\u00e7\u00e3o! Cod. F-389 - Floricultura Cheiro Verde","isPartOf":{"@id":"https:\/\/www.floriculturacheiroverde.com\/novo\/#website"},"primaryImageOfPage":{"@id":"https:\/\/www.floriculturacheiroverde.com\/novo\/produto\/coroa-coroacao-cod-f-017\/#primaryimage"},"image":{"@id":"https:\/\/www.floriculturacheiroverde.com\/novo\/produto\/coroa-coroacao-cod-f-017\/#primaryimage"},"thumbnailUrl":"https:\/\/www.floriculturacheiroverde.com\/novo\/wp-content\/uploads\/2025\/04\/IMG_20160817_184354.jpg","datePublished":"2016-08-17T21:49:19+00:00","dateModified":"2026-01-26T15:18:36+00:00","breadcrumb":{"@id":"https:\/\/www.floriculturacheiroverde.com\/novo\/produto\/coroa-coroacao-cod-f-017\/#breadcrumb"},"inLanguage":"pt-BR","potentialAction":[{"@type":"ReadAction","target":["https:\/\/www.floriculturacheiroverde.com\/novo\/produto\/coroa-coroacao-cod-f-017\/"]}]},{"@type":"ImageObject","inLanguage":"pt-BR","@id":"https:\/\/www.floriculturacheiroverde.com\/novo\/produto\/coroa-coroacao-cod-f-017\/#primaryimage","url":"https:\/\/www.floriculturacheiroverde.com\/novo\/wp-content\/uploads\/2025\/04\/IMG_20160817_184354.jpg","contentUrl":"https:\/\/www.floriculturacheiroverde.com\/novo\/wp-content\/uploads\/2025\/04\/IMG_20160817_184354.jpg","width":2142,"height":2143},{"@type":"BreadcrumbList","@id":"https:\/\/www.floriculturacheiroverde.com\/novo\/produto\/coroa-coroacao-cod-f-017\/#breadcrumb","itemListElement":[{"@type":"ListItem","position":1,"name":"In\u00edcio","item":"https:\/\/www.floriculturacheiroverde.com\/novo\/"},{"@type":"ListItem","position":2,"name":"Shop","item":"https:\/\/www.floriculturacheiroverde.com\/novo\/shop\/"},{"@type":"ListItem","position":3,"name":"Coroa Cora\u00e7\u00e3o! Cod. F-389"}]},{"@type":"WebSite","@id":"https:\/\/www.floriculturacheiroverde.com\/novo\/#website","url":"https:\/\/www.floriculturacheiroverde.com\/novo\/","name":"Floricultura Cheiro Verde","description":"Compre Flores Online - Floricultura na Palho\u00e7a","potentialAction":[{"@type":"SearchAction","target":{"@type":"EntryPoint","urlTemplate":"https:\/\/www.floriculturacheiroverde.com\/novo\/?s={search_term_string}"},"query-input":{"@type":"PropertyValueSpecification","valueRequired":true,"valueName":"search_term_string"}}],"inLanguage":"pt-BR"}]}},"_links":{"self":[{"href":"https:\/\/www.floriculturacheiroverde.com\/novo\/wp-json\/wp\/v2\/product\/1722","targetHints":{"allow":["GET"]}}],"collection":[{"href":"https:\/\/www.floriculturacheiroverde.com\/novo\/wp-json\/wp\/v2\/product"}],"about":[{"href":"https:\/\/www.floriculturacheiroverde.com\/novo\/wp-json\/wp\/v2\/types\/product"}],"wp:featuredmedia":[{"embeddable":true,"href":"https:\/\/www.floriculturacheiroverde.com\/novo\/wp-json\/wp\/v2\/media\/4271"}],"wp:attachment":[{"href":"https:\/\/www.floriculturacheiroverde.com\/novo\/wp-json\/wp\/v2\/media?parent=1722"}],"wp:term":[{"taxonomy":"product_brand","embeddable":true,"href":"https:\/\/www.floriculturacheiroverde.com\/novo\/wp-json\/wp\/v2\/product_brand?post=1722"},{"taxonomy":"product_cat","embeddable":true,"href":"https:\/\/www.floriculturacheiroverde.com\/novo\/wp-json\/wp\/v2\/product_cat?post=1722"},{"taxonomy":"product_tag","embeddable":true,"href":"https:\/\/www.floriculturacheiroverde.com\/novo\/wp-json\/wp\/v2\/product_tag?post=1722"}],"curies":[{"name":"wp","href":"https:\/\/api.w.org\/{rel}","templated":true}]}}